{"id":682,"date":"2026-01-29T20:13:22","date_gmt":"2026-01-29T17:13:22","guid":{"rendered":"https:\/\/yalinkayacosmetic.com\/tr\/?page_id=682"},"modified":"2026-01-30T13:09:12","modified_gmt":"2026-01-30T10:09:12","slug":"fason-kozmetik-uretimi-urun-tasarimi","status":"publish","type":"page","link":"https:\/\/yalinkayacosmetic.com\/tr\/fason-kozmetik-uretimi-urun-tasarimi\/","title":{"rendered":"Fason Kozmetik \u00dcretimi \u00dcr\u00fcn Tasar\u0131m\u0131"},"content":{"rendered":"<div class=\"wpb-content-wrapper\"><p>[vc_row][vc_column][vc_single_image image=&#8221;766&#8243; img_size=&#8221;full&#8221; alignment=&#8221;center&#8221; css=&#8221;&#8221;][\/vc_column][\/vc_row][vc_row][vc_column][vc_column_text css=&#8221;&#8221;]<\/p>\n<h2 data-start=\"272\" data-end=\"321\">Fason Kozmetik \u00dcretiminde \u00dcr\u00fcn Tasar\u0131m\u0131 Nedir?<\/h2>\n<p data-start=\"323\" data-end=\"502\">Kozmetik \u00fcr\u00fcnlerde <strong data-start=\"342\" data-end=\"359\">\u00fcr\u00fcn tasar\u0131m\u0131<\/strong>, yaln\u0131zca g\u00f6rsel bir \u00e7al\u0131\u015fma de\u011fil;<br data-start=\"395\" data-end=\"398\" \/>\u00fcr\u00fcn\u00fcn ambalaj\u0131, etiketi ve marka kimli\u011fiyle birlikte b\u00fct\u00fcnc\u00fcl olarak ele al\u0131nmas\u0131 gereken bir s\u00fcre\u00e7tir.<\/p>\n<p data-start=\"504\" data-end=\"725\">Fason kozmetik \u00fcretiminde \u00fcr\u00fcn tasar\u0131m\u0131; se\u00e7ilen ambalaja uygun grafik tasar\u0131m, etiket yerle\u015fimi ve bask\u0131 uygulamalar\u0131n\u0131 kapsar.<br data-start=\"632\" data-end=\"635\" \/>Ama\u00e7, \u00fcr\u00fcn\u00fc hem <strong data-start=\"651\" data-end=\"669\">mevzuata uygun<\/strong> hem de <strong data-start=\"677\" data-end=\"707\">raf ve online sat\u0131\u015fa haz\u0131r<\/strong> hale getirmektir.<\/p>\n<hr data-start=\"727\" data-end=\"730\" \/>\n<h2 data-start=\"732\" data-end=\"777\">Ambalaja G\u00f6re \u00dcr\u00fcn Tasar\u0131m\u0131 Nas\u0131l Yap\u0131l\u0131r?<\/h2>\n<p data-start=\"779\" data-end=\"964\">\u00dcr\u00fcn tasar\u0131m\u0131 s\u00fcreci, \u00f6ncelikle <strong data-start=\"811\" data-end=\"858\">se\u00e7ilen ambalaj\u0131n t\u00fcr\u00fcne ve \u00f6l\u00e7\u00fclerine g\u00f6re<\/strong> planlan\u0131r.<br data-start=\"869\" data-end=\"872\" \/>\u015ei\u015fe, kavanoz, t\u00fcp veya pompal\u0131 ambalaj gibi her \u00fcr\u00fcn tipi i\u00e7in tasar\u0131m yakla\u015f\u0131m\u0131 farkl\u0131d\u0131r.<\/p>\n<p data-start=\"966\" data-end=\"1008\">Bu a\u015famada dikkat edilen ba\u015fl\u0131ca unsurlar:<\/p>\n<ul data-start=\"1009\" data-end=\"1164\">\n<li data-start=\"1009\" data-end=\"1053\">\n<p data-start=\"1011\" data-end=\"1053\">Ambalaj \u00f6l\u00e7\u00fclerine uygun etiket tasar\u0131m\u0131<\/p>\n<\/li>\n<li data-start=\"1054\" data-end=\"1093\">\n<p data-start=\"1056\" data-end=\"1093\">Okunakl\u0131 ve dengeli bilgi yerle\u015fimi<\/p>\n<\/li>\n<li data-start=\"1094\" data-end=\"1124\">\n<p data-start=\"1096\" data-end=\"1124\">Marka logosu ve renk uyumu<\/p>\n<\/li>\n<li data-start=\"1125\" data-end=\"1164\">\n<p data-start=\"1127\" data-end=\"1164\">Kullan\u0131m alan\u0131na uygun tasar\u0131m dili<\/p>\n<\/li>\n<\/ul>\n<p data-start=\"1166\" data-end=\"1238\">Tasar\u0131m, ambalaj \u00fczerinde do\u011fru \u015fekilde konumlanacak \u015fekilde haz\u0131rlan\u0131r.<\/p>\n<hr data-start=\"1240\" data-end=\"1243\" \/>\n<h2 data-start=\"1245\" data-end=\"1279\">Etiket Tasar\u0131m\u0131 ve Bask\u0131 S\u00fcreci<\/h2>\n<p data-start=\"1281\" data-end=\"1385\">Fason kozmetik \u00fcretiminde \u00fcr\u00fcn tasar\u0131m\u0131 genellikle <strong data-start=\"1332\" data-end=\"1352\">etiket \u00fczerinden<\/strong> uygulan\u0131r.<br data-start=\"1363\" data-end=\"1366\" \/>Etiket tasar\u0131mlar\u0131;<\/p>\n<ul data-start=\"1387\" data-end=\"1483\">\n<li data-start=\"1387\" data-end=\"1425\">\n<p data-start=\"1389\" data-end=\"1425\">\u00dcr\u00fcn\u00fcn \u00f6n y\u00fcz\u00fc (marka ve \u00fcr\u00fcn ad\u0131)<\/p>\n<\/li>\n<li data-start=\"1426\" data-end=\"1483\">\n<p data-start=\"1428\" data-end=\"1483\">Arka y\u00fcz\u00fc (i\u00e7erik, kullan\u0131m talimat\u0131, yasal bilgiler)<\/p>\n<\/li>\n<\/ul>\n<p data-start=\"1485\" data-end=\"1510\">olacak \u015fekilde planlan\u0131r.<\/p>\n<p data-start=\"1512\" data-end=\"1537\">Bask\u0131 s\u00fcrecinde etiketin;<\/p>\n<ul data-start=\"1538\" data-end=\"1583\">\n<li data-start=\"1538\" data-end=\"1551\">\n<p data-start=\"1540\" data-end=\"1551\">Dayan\u0131kl\u0131<\/p>\n<\/li>\n<li data-start=\"1552\" data-end=\"1564\">\n<p data-start=\"1554\" data-end=\"1564\">Okunakl\u0131<\/p>\n<\/li>\n<li data-start=\"1565\" data-end=\"1583\">\n<p data-start=\"1567\" data-end=\"1583\">Ambalaja uygun<\/p>\n<\/li>\n<\/ul>\n<p data-start=\"1585\" data-end=\"1685\">olmas\u0131 sa\u011flan\u0131r. Gerekli durumlarda do\u011frudan ambalaj \u00fczerine bask\u0131 \u00e7\u00f6z\u00fcmleri de de\u011ferlendirilebilir.<\/p>\n<hr data-start=\"1687\" data-end=\"1690\" \/>\n<h2 data-start=\"1692\" data-end=\"1736\">\u00dcr\u00fcn Tasar\u0131m\u0131nda Mevzuat ve Okunabilirlik<\/h2>\n<p data-start=\"1738\" data-end=\"1901\">Kozmetik \u00fcr\u00fcn tasar\u0131m\u0131nda estetik kadar <strong data-start=\"1778\" data-end=\"1796\">yasal uygunluk<\/strong> da \u00f6nemlidir.<br data-start=\"1810\" data-end=\"1813\" \/>Etiket \u00fczerinde bulunmas\u0131 gereken bilgiler, okunabilir ve d\u00fczenli \u015fekilde yerle\u015ftirilir.<\/p>\n<p data-start=\"1903\" data-end=\"1921\">Bu sayede \u00fcr\u00fcnler;<\/p>\n<ul data-start=\"1922\" data-end=\"1991\">\n<li data-start=\"1922\" data-end=\"1938\">\n<p data-start=\"1924\" data-end=\"1938\">Sat\u0131\u015fa haz\u0131r<\/p>\n<\/li>\n<li data-start=\"1939\" data-end=\"1957\">\n<p data-start=\"1941\" data-end=\"1957\">Denetime uygun<\/p>\n<\/li>\n<li data-start=\"1958\" data-end=\"1991\">\n<p data-start=\"1960\" data-end=\"1991\">Kullan\u0131c\u0131ya do\u011fru bilgi veren<\/p>\n<\/li>\n<\/ul>\n<p data-start=\"1993\" data-end=\"2012\">bir yap\u0131ya kavu\u015fur.<\/p>\n<hr data-start=\"2014\" data-end=\"2017\" \/>\n<h2 data-start=\"2019\" data-end=\"2060\">\u00dcr\u00fcn Tasar\u0131m\u0131 S\u00fcrecimiz Nas\u0131l \u0130lerler?<\/h2>\n<p data-start=\"2062\" data-end=\"2149\">Yal\u0131nkaya Kozmetik\u2019te fason \u00fcretim s\u00fcrecinde \u00fcr\u00fcn tasar\u0131m\u0131 a\u015fa\u011f\u0131daki ad\u0131mlarla ilerler:<\/p>\n<ol data-start=\"2151\" data-end=\"2325\">\n<li data-start=\"2151\" data-end=\"2187\">\n<p data-start=\"2154\" data-end=\"2187\">Ambalaj t\u00fcr\u00fcn\u00fcn netle\u015ftirilmesi<\/p>\n<\/li>\n<li data-start=\"2188\" data-end=\"2228\">\n<p data-start=\"2191\" data-end=\"2228\">Tasar\u0131m ihtiya\u00e7lar\u0131n\u0131n belirlenmesi<\/p>\n<\/li>\n<li data-start=\"2229\" data-end=\"2276\">\n<p data-start=\"2232\" data-end=\"2276\">Etiket veya bask\u0131 tasar\u0131m\u0131n\u0131n haz\u0131rlanmas\u0131<\/p>\n<\/li>\n<li data-start=\"2277\" data-end=\"2295\">\n<p data-start=\"2280\" data-end=\"2295\">M\u00fc\u015fteri onay\u0131<\/p>\n<\/li>\n<li data-start=\"2296\" data-end=\"2325\">\n<p data-start=\"2299\" data-end=\"2325\">Bask\u0131 ve uygulama s\u00fcreci<\/p>\n<\/li>\n<\/ol>\n<p data-start=\"2327\" data-end=\"2396\">Tasar\u0131m onay\u0131 al\u0131nd\u0131ktan sonra \u00fcretim ve paketleme a\u015famas\u0131na ge\u00e7ilir.<\/p>\n<hr data-start=\"2398\" data-end=\"2401\" \/>\n<h2 data-start=\"2403\" data-end=\"2436\">Neden \u00dcr\u00fcn Tasar\u0131m\u0131 \u00d6nemlidir?<\/h2>\n<p data-start=\"2438\" data-end=\"2474\">Do\u011fru haz\u0131rlanm\u0131\u015f bir \u00fcr\u00fcn tasar\u0131m\u0131;<\/p>\n<ul data-start=\"2476\" data-end=\"2658\">\n<li data-start=\"2476\" data-end=\"2518\">\n<p data-start=\"2478\" data-end=\"2518\">\u00dcr\u00fcn\u00fcn raflarda fark edilmesini sa\u011flar<\/p>\n<\/li>\n<li data-start=\"2519\" data-end=\"2569\">\n<p data-start=\"2521\" data-end=\"2569\">Markan\u0131n profesyonel alg\u0131lanmas\u0131na katk\u0131 sunar<\/p>\n<\/li>\n<li data-start=\"2570\" data-end=\"2615\">\n<p data-start=\"2572\" data-end=\"2615\">Online sat\u0131\u015f performans\u0131n\u0131 olumlu etkiler<\/p>\n<\/li>\n<li data-start=\"2616\" data-end=\"2658\">\n<p data-start=\"2618\" data-end=\"2658\">Uzun vadeli marka de\u011ferini g\u00fc\u00e7lendirir<\/p>\n<\/li>\n<\/ul>\n<p data-start=\"2660\" data-end=\"2759\">Bu nedenle \u00fcr\u00fcn tasar\u0131m\u0131, fason kozmetik \u00fcretim s\u00fcrecinin <strong data-start=\"2718\" data-end=\"2758\">tamamlay\u0131c\u0131 ve kritik bir par\u00e7as\u0131d\u0131r<\/strong>.<\/p>\n<hr data-start=\"2761\" data-end=\"2764\" \/>\n<h2 data-start=\"2766\" data-end=\"2825\">Fason Kozmetik \u00dcretiminde Anahtar Teslim Tasar\u0131m Deste\u011fi<\/h2>\n<p data-start=\"2827\" data-end=\"3065\">Talebe ba\u011fl\u0131 olarak ambalaj se\u00e7imi sonras\u0131 <strong data-start=\"2870\" data-end=\"2917\">grafik tasar\u0131m ve etiket\/bask\u0131 uygulamalar\u0131<\/strong> anahtar teslim \u015fekilde y\u00fcr\u00fct\u00fclebilir.<br data-start=\"2955\" data-end=\"2958\" \/>Bu sayede marka sahipleri, tasar\u0131m ve teknik detaylarla ayr\u0131 ayr\u0131 u\u011fra\u015fmadan s\u00fcreci g\u00fcvenle tamamlayabilir.<\/p>\n<p data-start=\"3067\" data-end=\"3188\">\ud83d\udc49 <strong data-start=\"3070\" data-end=\"3188\">Fason kozmetik \u00fcretimi ve \u00fcr\u00fcn tasar\u0131m\u0131 s\u00fcreci hakk\u0131nda detayl\u0131 bilgi almak i\u00e7in bizimle ileti\u015fime ge\u00e7ebilirsiniz.<\/strong><\/p>\n<p>[\/vc_column_text][\/vc_column][\/vc_row][vc_row][vc_column width=&#8221;1\/2&#8243;][vc_single_image image=&#8221;781&#8243; img_size=&#8221;full&#8221; alignment=&#8221;center&#8221; onclick=&#8221;custom_link&#8221; css_animation=&#8221;fadeInLeft&#8221; css=&#8221;&#8221; link=&#8221;https:\/\/wa.me\/905524451818&#8243;][\/vc_column][vc_column width=&#8221;1\/2&#8243;][vc_single_image image=&#8221;780&#8243; img_size=&#8221;full&#8221; alignment=&#8221;center&#8221; onclick=&#8221;custom_link&#8221; css_animation=&#8221;fadeInRight&#8221; css=&#8221;&#8221; link=&#8221;tel:+905524451818&#8243;][\/vc_column][\/vc_row]<\/p>\n<\/div>","protected":false},"excerpt":{"rendered":"<p>[vc_row][vc_column][vc_single_image image=&#8221;766&#8243; img_size=&#8221;full&#8221; alignment=&#8221;center&#8221; css=&#8221;&#8221;][\/vc_column][\/vc_row][vc_row][vc_column][vc_column_text css=&#8221;&#8221;] Fason Kozmetik \u00dcretiminde \u00dcr\u00fcn Tasar\u0131m\u0131 Nedir? Kozmetik \u00fcr\u00fcnlerde \u00fcr\u00fcn tasar\u0131m\u0131, yaln\u0131zca g\u00f6rsel bir \u00e7al\u0131\u015fma de\u011fil;\u00fcr\u00fcn\u00fcn ambalaj\u0131, etiketi ve marka kimli\u011fiyle birlikte b\u00fct\u00fcnc\u00fcl olarak ele al\u0131nmas\u0131 gereken bir s\u00fcre\u00e7tir. Fason kozmetik \u00fcretiminde \u00fcr\u00fcn tasar\u0131m\u0131; se\u00e7ilen ambalaja uygun grafik tasar\u0131m, etiket yerle\u015fimi ve bask\u0131 uygulamalar\u0131n\u0131 kapsar.Ama\u00e7, \u00fcr\u00fcn\u00fc hem mevzuata uygun hem de raf ve online sat\u0131\u015fa haz\u0131r hale getirmektir. Ambalaja G\u00f6re \u00dcr\u00fcn Tasar\u0131m\u0131 Nas\u0131l Yap\u0131l\u0131r? \u00dcr\u00fcn tasar\u0131m\u0131 s\u00fcreci, \u00f6ncelikle se\u00e7ilen ambalaj\u0131n t\u00fcr\u00fcne ve \u00f6l\u00e7\u00fclerine g\u00f6re planlan\u0131r.\u015ei\u015fe, kavanoz, t\u00fcp veya pompal\u0131 ambalaj gibi her \u00fcr\u00fcn tipi i\u00e7in tasar\u0131m yakla\u015f\u0131m\u0131 farkl\u0131d\u0131r. Bu a\u015famada dikkat edilen ba\u015fl\u0131ca unsurlar: Ambalaj [&hellip;]<\/p>\n","protected":false},"author":1,"featured_media":0,"parent":0,"menu_order":0,"comment_status":"closed","ping_status":"closed","template":"","meta":{"footnotes":""},"class_list":["post-682","page","type-page","status-publish","hentry"],"yoast_head":"<!-- This site is optimized with the Yoast SEO plugin v26.9 - https:\/\/yoast.com\/product\/yoast-seo-wordpress\/ -->\n<title>Fason Kozmetik \u00dcretimi \u00dcr\u00fcn Tasar\u0131m\u0131 - Yal\u0131nkaya Kozmetik<\/title>\n<meta name=\"description\" content=\"Fason kozmetik \u00fcretiminde \u00fcr\u00fcn tasar\u0131m\u0131 s\u00fcreci. Ambalaja uygun grafik tasar\u0131m, etiket ve bask\u0131 uygulamalar\u0131 hakk\u0131nda detayl\u0131 bilgi.\" \/>\n<meta name=\"robots\" content=\"index, follow, max-snippet:-1, max-image-preview:large, max-video-preview:-1\" \/>\n<link rel=\"canonical\" href=\"https:\/\/yalinkayacosmetic.com\/tr\/fason-kozmetik-uretimi-urun-tasarimi\/\" \/>\n<meta property=\"og:locale\" content=\"tr_TR\" \/>\n<meta property=\"og:type\" content=\"article\" \/>\n<meta property=\"og:title\" content=\"Fason Kozmetik \u00dcretimi \u00dcr\u00fcn Tasar\u0131m\u0131 - Yal\u0131nkaya Kozmetik\" \/>\n<meta property=\"og:description\" content=\"Fason kozmetik \u00fcretiminde \u00fcr\u00fcn tasar\u0131m\u0131 s\u00fcreci. Ambalaja uygun grafik tasar\u0131m, etiket ve bask\u0131 uygulamalar\u0131 hakk\u0131nda detayl\u0131 bilgi.\" \/>\n<meta property=\"og:url\" content=\"https:\/\/yalinkayacosmetic.com\/tr\/fason-kozmetik-uretimi-urun-tasarimi\/\" \/>\n<meta property=\"og:site_name\" content=\"Yal\u0131nkaya Kozmetik\" \/>\n<meta property=\"article:modified_time\" content=\"2026-01-30T10:09:12+00:00\" \/>\n<meta name=\"twitter:card\" content=\"summary_large_image\" \/>\n<meta name=\"twitter:label1\" content=\"Tahmini okuma s\u00fcresi\" \/>\n\t<meta name=\"twitter:data1\" content=\"3 dakika\" \/>\n<script type=\"application\/ld+json\" class=\"yoast-schema-graph\">{\"@context\":\"https:\/\/schema.org\",\"@graph\":[{\"@type\":\"WebPage\",\"@id\":\"https:\/\/yalinkayacosmetic.com\/tr\/fason-kozmetik-uretimi-urun-tasarimi\/\",\"url\":\"https:\/\/yalinkayacosmetic.com\/tr\/fason-kozmetik-uretimi-urun-tasarimi\/\",\"name\":\"Fason Kozmetik \u00dcretimi \u00dcr\u00fcn Tasar\u0131m\u0131 - Yal\u0131nkaya Kozmetik\",\"isPartOf\":{\"@id\":\"https:\/\/yalinkayacosmetic.com\/tr\/#website\"},\"datePublished\":\"2026-01-29T17:13:22+00:00\",\"dateModified\":\"2026-01-30T10:09:12+00:00\",\"description\":\"Fason kozmetik \u00fcretiminde \u00fcr\u00fcn tasar\u0131m\u0131 s\u00fcreci. Ambalaja uygun grafik tasar\u0131m, etiket ve bask\u0131 uygulamalar\u0131 hakk\u0131nda detayl\u0131 bilgi.\",\"breadcrumb\":{\"@id\":\"https:\/\/yalinkayacosmetic.com\/tr\/fason-kozmetik-uretimi-urun-tasarimi\/#breadcrumb\"},\"inLanguage\":\"tr\",\"potentialAction\":[{\"@type\":\"ReadAction\",\"target\":[\"https:\/\/yalinkayacosmetic.com\/tr\/fason-kozmetik-uretimi-urun-tasarimi\/\"]}]},{\"@type\":\"BreadcrumbList\",\"@id\":\"https:\/\/yalinkayacosmetic.com\/tr\/fason-kozmetik-uretimi-urun-tasarimi\/#breadcrumb\",\"itemListElement\":[{\"@type\":\"ListItem\",\"position\":1,\"name\":\"Anasayfa\",\"item\":\"https:\/\/yalinkayacosmetic.com\/tr\/\"},{\"@type\":\"ListItem\",\"position\":2,\"name\":\"Fason Kozmetik \u00dcretimi \u00dcr\u00fcn Tasar\u0131m\u0131\"}]},{\"@type\":\"WebSite\",\"@id\":\"https:\/\/yalinkayacosmetic.com\/tr\/#website\",\"url\":\"https:\/\/yalinkayacosmetic.com\/tr\/\",\"name\":\"Yal\u0131nkaya Kozmetik\",\"description\":\"\",\"publisher\":{\"@id\":\"https:\/\/yalinkayacosmetic.com\/tr\/#organization\"},\"potentialAction\":[{\"@type\":\"SearchAction\",\"target\":{\"@type\":\"EntryPoint\",\"urlTemplate\":\"https:\/\/yalinkayacosmetic.com\/tr\/?s={search_term_string}\"},\"query-input\":{\"@type\":\"PropertyValueSpecification\",\"valueRequired\":true,\"valueName\":\"search_term_string\"}}],\"inLanguage\":\"tr\"},{\"@type\":\"Organization\",\"@id\":\"https:\/\/yalinkayacosmetic.com\/tr\/#organization\",\"name\":\"Yal\u0131nkaya Kozmetik\",\"url\":\"https:\/\/yalinkayacosmetic.com\/tr\/\",\"logo\":{\"@type\":\"ImageObject\",\"inLanguage\":\"tr\",\"@id\":\"https:\/\/yalinkayacosmetic.com\/tr\/#\/schema\/logo\/image\/\",\"url\":\"https:\/\/yalinkayacosmetic.com\/tr\/wp-content\/uploads\/2026\/01\/logo-yalinkaya-siyah-488-72.png\",\"contentUrl\":\"https:\/\/yalinkayacosmetic.com\/tr\/wp-content\/uploads\/2026\/01\/logo-yalinkaya-siyah-488-72.png\",\"width\":488,\"height\":72,\"caption\":\"Yal\u0131nkaya Kozmetik\"},\"image\":{\"@id\":\"https:\/\/yalinkayacosmetic.com\/tr\/#\/schema\/logo\/image\/\"}}]}<\/script>\n<!-- \/ Yoast SEO plugin. -->","yoast_head_json":{"title":"Fason Kozmetik \u00dcretimi \u00dcr\u00fcn Tasar\u0131m\u0131 - Yal\u0131nkaya Kozmetik","description":"Fason kozmetik \u00fcretiminde \u00fcr\u00fcn tasar\u0131m\u0131 s\u00fcreci. Ambalaja uygun grafik tasar\u0131m, etiket ve bask\u0131 uygulamalar\u0131 hakk\u0131nda detayl\u0131 bilgi.","robots":{"index":"index","follow":"follow","max-snippet":"max-snippet:-1","max-image-preview":"max-image-preview:large","max-video-preview":"max-video-preview:-1"},"canonical":"https:\/\/yalinkayacosmetic.com\/tr\/fason-kozmetik-uretimi-urun-tasarimi\/","og_locale":"tr_TR","og_type":"article","og_title":"Fason Kozmetik \u00dcretimi \u00dcr\u00fcn Tasar\u0131m\u0131 - Yal\u0131nkaya Kozmetik","og_description":"Fason kozmetik \u00fcretiminde \u00fcr\u00fcn tasar\u0131m\u0131 s\u00fcreci. Ambalaja uygun grafik tasar\u0131m, etiket ve bask\u0131 uygulamalar\u0131 hakk\u0131nda detayl\u0131 bilgi.","og_url":"https:\/\/yalinkayacosmetic.com\/tr\/fason-kozmetik-uretimi-urun-tasarimi\/","og_site_name":"Yal\u0131nkaya Kozmetik","article_modified_time":"2026-01-30T10:09:12+00:00","twitter_card":"summary_large_image","twitter_misc":{"Tahmini okuma s\u00fcresi":"3 dakika"},"schema":{"@context":"https:\/\/schema.org","@graph":[{"@type":"WebPage","@id":"https:\/\/yalinkayacosmetic.com\/tr\/fason-kozmetik-uretimi-urun-tasarimi\/","url":"https:\/\/yalinkayacosmetic.com\/tr\/fason-kozmetik-uretimi-urun-tasarimi\/","name":"Fason Kozmetik \u00dcretimi \u00dcr\u00fcn Tasar\u0131m\u0131 - Yal\u0131nkaya Kozmetik","isPartOf":{"@id":"https:\/\/yalinkayacosmetic.com\/tr\/#website"},"datePublished":"2026-01-29T17:13:22+00:00","dateModified":"2026-01-30T10:09:12+00:00","description":"Fason kozmetik \u00fcretiminde \u00fcr\u00fcn tasar\u0131m\u0131 s\u00fcreci. Ambalaja uygun grafik tasar\u0131m, etiket ve bask\u0131 uygulamalar\u0131 hakk\u0131nda detayl\u0131 bilgi.","breadcrumb":{"@id":"https:\/\/yalinkayacosmetic.com\/tr\/fason-kozmetik-uretimi-urun-tasarimi\/#breadcrumb"},"inLanguage":"tr","potentialAction":[{"@type":"ReadAction","target":["https:\/\/yalinkayacosmetic.com\/tr\/fason-kozmetik-uretimi-urun-tasarimi\/"]}]},{"@type":"BreadcrumbList","@id":"https:\/\/yalinkayacosmetic.com\/tr\/fason-kozmetik-uretimi-urun-tasarimi\/#breadcrumb","itemListElement":[{"@type":"ListItem","position":1,"name":"Anasayfa","item":"https:\/\/yalinkayacosmetic.com\/tr\/"},{"@type":"ListItem","position":2,"name":"Fason Kozmetik \u00dcretimi \u00dcr\u00fcn Tasar\u0131m\u0131"}]},{"@type":"WebSite","@id":"https:\/\/yalinkayacosmetic.com\/tr\/#website","url":"https:\/\/yalinkayacosmetic.com\/tr\/","name":"Yal\u0131nkaya Kozmetik","description":"","publisher":{"@id":"https:\/\/yalinkayacosmetic.com\/tr\/#organization"},"potentialAction":[{"@type":"SearchAction","target":{"@type":"EntryPoint","urlTemplate":"https:\/\/yalinkayacosmetic.com\/tr\/?s={search_term_string}"},"query-input":{"@type":"PropertyValueSpecification","valueRequired":true,"valueName":"search_term_string"}}],"inLanguage":"tr"},{"@type":"Organization","@id":"https:\/\/yalinkayacosmetic.com\/tr\/#organization","name":"Yal\u0131nkaya Kozmetik","url":"https:\/\/yalinkayacosmetic.com\/tr\/","logo":{"@type":"ImageObject","inLanguage":"tr","@id":"https:\/\/yalinkayacosmetic.com\/tr\/#\/schema\/logo\/image\/","url":"https:\/\/yalinkayacosmetic.com\/tr\/wp-content\/uploads\/2026\/01\/logo-yalinkaya-siyah-488-72.png","contentUrl":"https:\/\/yalinkayacosmetic.com\/tr\/wp-content\/uploads\/2026\/01\/logo-yalinkaya-siyah-488-72.png","width":488,"height":72,"caption":"Yal\u0131nkaya Kozmetik"},"image":{"@id":"https:\/\/yalinkayacosmetic.com\/tr\/#\/schema\/logo\/image\/"}}]}},"_links":{"self":[{"href":"https:\/\/yalinkayacosmetic.com\/tr\/wp-json\/wp\/v2\/pages\/682","targetHints":{"allow":["GET"]}}],"collection":[{"href":"https:\/\/yalinkayacosmetic.com\/tr\/wp-json\/wp\/v2\/pages"}],"about":[{"href":"https:\/\/yalinkayacosmetic.com\/tr\/wp-json\/wp\/v2\/types\/page"}],"author":[{"embeddable":true,"href":"https:\/\/yalinkayacosmetic.com\/tr\/wp-json\/wp\/v2\/users\/1"}],"replies":[{"embeddable":true,"href":"https:\/\/yalinkayacosmetic.com\/tr\/wp-json\/wp\/v2\/comments?post=682"}],"version-history":[{"count":5,"href":"https:\/\/yalinkayacosmetic.com\/tr\/wp-json\/wp\/v2\/pages\/682\/revisions"}],"predecessor-version":[{"id":801,"href":"https:\/\/yalinkayacosmetic.com\/tr\/wp-json\/wp\/v2\/pages\/682\/revisions\/801"}],"wp:attachment":[{"href":"https:\/\/yalinkayacosmetic.com\/tr\/wp-json\/wp\/v2\/media?parent=682"}],"curies":[{"name":"wp","href":"https:\/\/api.w.org\/{rel}","templated":true}]}}