{"id":680,"date":"2026-01-29T20:10:55","date_gmt":"2026-01-29T17:10:55","guid":{"rendered":"https:\/\/yalinkayacosmetic.com\/tr\/?page_id=680"},"modified":"2026-01-30T13:09:15","modified_gmt":"2026-01-30T10:09:15","slug":"fason-kozmetik-uretimi-arge","status":"publish","type":"page","link":"https:\/\/yalinkayacosmetic.com\/tr\/fason-kozmetik-uretimi-arge\/","title":{"rendered":"Fason Kozmetik \u00dcretimi ARGE"},"content":{"rendered":"<div class=\"wpb-content-wrapper\"><p>[vc_row][vc_column][vc_single_image image=&#8221;768&#8243; img_size=&#8221;full&#8221; alignment=&#8221;center&#8221; css=&#8221;&#8221;][\/vc_column][\/vc_row][vc_row][vc_column][vc_column_text css=&#8221;&#8221;]<\/p>\n<h2 data-start=\"320\" data-end=\"361\">Fason Kozmetik \u00dcretiminde AR-GE Nedir?<\/h2>\n<p data-start=\"363\" data-end=\"638\">Kozmetik sekt\u00f6r\u00fcnde <strong data-start=\"383\" data-end=\"418\">AR-GE (Ara\u015ft\u0131rma ve Geli\u015ftirme)<\/strong>, bir \u00fcr\u00fcn\u00fcn fikir a\u015famas\u0131ndan sat\u0131\u015fa haz\u0131r hale gelene kadar ge\u00e7en s\u00fcrecin temelini olu\u015fturur.<br data-start=\"513\" data-end=\"516\" \/>Fason kozmetik \u00fcretiminde AR-GE; \u00fcr\u00fcn\u00fcn i\u00e7eri\u011finin, performans\u0131n\u0131n ve g\u00fcvenli\u011finin planl\u0131 \u015fekilde geli\u015ftirilmesini kapsar.<\/p>\n<p data-start=\"640\" data-end=\"797\">Yal\u0131nkaya Kozmetik olarak AR-GE s\u00fcrecini, sadece form\u00fcl geli\u015ftirme de\u011fil, <strong data-start=\"714\" data-end=\"776\">\u00fcr\u00fcn\u00fcn pazarda ba\u015far\u0131l\u0131 olmas\u0131n\u0131 sa\u011flayacak teknik altyap\u0131<\/strong> olarak ele al\u0131yoruz.<\/p>\n<hr data-start=\"799\" data-end=\"802\" \/>\n<h2 data-start=\"804\" data-end=\"834\">AR-GE S\u00fcreci Neleri Kapsar?<\/h2>\n<p data-start=\"836\" data-end=\"981\">Fason kozmetik \u00fcretiminde AR-GE \u00e7al\u0131\u015fmalar\u0131, \u00fcr\u00fcn\u00fcn amac\u0131na ve hedef kitlesine g\u00f6re \u015fekillenir.<br data-start=\"931\" data-end=\"934\" \/>Bu s\u00fcre\u00e7te a\u015fa\u011f\u0131daki ba\u015fl\u0131klar de\u011ferlendirilir:<\/p>\n<ul data-start=\"983\" data-end=\"1160\">\n<li data-start=\"983\" data-end=\"1022\">\n<p data-start=\"985\" data-end=\"1022\">\u00dcr\u00fcn\u00fcn kullan\u0131m amac\u0131 ve beklentisi<\/p>\n<\/li>\n<li data-start=\"1023\" data-end=\"1063\">\n<p data-start=\"1025\" data-end=\"1063\">\u0130\u00e7erik uyumu ve performans hedefleri<\/p>\n<\/li>\n<li data-start=\"1064\" data-end=\"1112\">\n<p data-start=\"1066\" data-end=\"1112\">\u00dcr\u00fcn tipi (krem, serum, \u015fampuan, parf\u00fcm vb.)<\/p>\n<\/li>\n<li data-start=\"1113\" data-end=\"1138\">\n<p data-start=\"1115\" data-end=\"1138\">Stabilite ve raf \u00f6mr\u00fc<\/p>\n<\/li>\n<li data-start=\"1139\" data-end=\"1160\">\n<p data-start=\"1141\" data-end=\"1160\">Mevzuata uygunluk<\/p>\n<\/li>\n<\/ul>\n<p data-start=\"1162\" data-end=\"1257\">Ama\u00e7; yaln\u0131zca \u00fcretilebilir de\u011fil, <strong data-start=\"1197\" data-end=\"1239\">s\u00fcrd\u00fcr\u00fclebilir ve sat\u0131labilir bir \u00fcr\u00fcn<\/strong> ortaya koymakt\u0131r.<\/p>\n<hr data-start=\"1259\" data-end=\"1262\" \/>\n<h2 data-start=\"1264\" data-end=\"1291\">AR-GE ve \u00dcr\u00fcn Geli\u015ftirme<\/h2>\n<p data-start=\"1293\" data-end=\"1374\">Her kozmetik \u00fcr\u00fcn, ayn\u0131 form\u00fcl yap\u0131s\u0131na sahip de\u011fildir.<br data-start=\"1348\" data-end=\"1351\" \/>AR-GE s\u00fcrecinde \u00fcr\u00fcn\u00fcn;<\/p>\n<ul data-start=\"1376\" data-end=\"1423\">\n<li data-start=\"1376\" data-end=\"1384\">\n<p data-start=\"1378\" data-end=\"1384\">Doku<\/p>\n<\/li>\n<li data-start=\"1385\" data-end=\"1395\">\n<p data-start=\"1387\" data-end=\"1395\">Emilim<\/p>\n<\/li>\n<li data-start=\"1396\" data-end=\"1404\">\n<p data-start=\"1398\" data-end=\"1404\">Koku<\/p>\n<\/li>\n<li data-start=\"1405\" data-end=\"1423\">\n<p data-start=\"1407\" data-end=\"1423\">Kullan\u0131m hissi<\/p>\n<\/li>\n<\/ul>\n<p data-start=\"1425\" data-end=\"1544\">gibi \u00f6zellikleri \u00fczerinde \u00e7al\u0131\u015fmalar yap\u0131l\u0131r. Bu a\u015famada \u00fcr\u00fcn, hedeflenen kalite seviyesine ula\u015fana kadar geli\u015ftirilir.<\/p>\n<hr data-start=\"1546\" data-end=\"1549\" \/>\n<h2 data-start=\"1551\" data-end=\"1582\">Numune ve \u0130yile\u015ftirme S\u00fcreci<\/h2>\n<p data-start=\"1584\" data-end=\"1810\">AR-GE s\u00fcrecinin \u00f6nemli bir par\u00e7as\u0131 da <strong data-start=\"1622\" data-end=\"1640\">numune \u00fcretimi<\/strong> ve geri bildirim a\u015famas\u0131d\u0131r.<br data-start=\"1669\" data-end=\"1672\" \/>Haz\u0131rlanan numuneler, performans ve kullan\u0131m a\u00e7\u0131s\u0131ndan de\u011ferlendirilir. Gerekli g\u00f6r\u00fclen durumlarda form\u00fcl \u00fczerinde iyile\u015ftirmeler yap\u0131l\u0131r.<\/p>\n<p data-start=\"1812\" data-end=\"1857\">Bu a\u015fama tamamlanmadan seri \u00fcretime ge\u00e7ilmez.<\/p>\n<hr data-start=\"1859\" data-end=\"1862\" \/>\n<h2 data-start=\"1864\" data-end=\"1886\">AR-GE ve Yasal Uyum<\/h2>\n<p data-start=\"1888\" data-end=\"2091\">Fason kozmetik \u00fcretiminde AR-GE \u00e7al\u0131\u015fmalar\u0131, <strong data-start=\"1933\" data-end=\"1989\">T\u00fcrkiye mevzuat\u0131na ve kalite standartlar\u0131na uygunluk<\/strong> g\u00f6zetilerek y\u00fcr\u00fct\u00fcl\u00fcr.<br data-start=\"2012\" data-end=\"2015\" \/>Bu sayede geli\u015ftirilen \u00fcr\u00fcnler, \u00fcretim ve sat\u0131\u015f s\u00fcre\u00e7lerinde sorun ya\u015fatmaz.<\/p>\n<hr data-start=\"2093\" data-end=\"2096\" \/>\n<h2 data-start=\"2098\" data-end=\"2132\">AR-GE S\u00fcrecinin Markaya Katk\u0131s\u0131<\/h2>\n<p data-start=\"2134\" data-end=\"2168\">Do\u011fru planlanm\u0131\u015f bir AR-GE s\u00fcreci;<\/p>\n<ul data-start=\"2170\" data-end=\"2331\">\n<li data-start=\"2170\" data-end=\"2212\">\n<p data-start=\"2172\" data-end=\"2212\">\u00dcr\u00fcn\u00fcn pazarda fark yaratmas\u0131n\u0131 sa\u011flar<\/p>\n<\/li>\n<li data-start=\"2213\" data-end=\"2248\">\n<p data-start=\"2215\" data-end=\"2248\">Kullan\u0131c\u0131 memnuniyetini art\u0131r\u0131r<\/p>\n<\/li>\n<li data-start=\"2249\" data-end=\"2291\">\n<p data-start=\"2251\" data-end=\"2291\">Uzun vadeli marka de\u011ferini g\u00fc\u00e7lendirir<\/p>\n<\/li>\n<li data-start=\"2292\" data-end=\"2331\">\n<p data-start=\"2294\" data-end=\"2331\">\u0130ade ve revizyon risklerini azalt\u0131r<\/p>\n<\/li>\n<\/ul>\n<p data-start=\"2333\" data-end=\"2416\">Bu nedenle AR-GE, fason kozmetik \u00fcretiminin <strong data-start=\"2377\" data-end=\"2415\">en stratejik a\u015famalar\u0131ndan biridir<\/strong>.<\/p>\n<hr data-start=\"2418\" data-end=\"2421\" \/>\n<h2 data-start=\"2423\" data-end=\"2473\">Fason Kozmetik \u00dcretiminde G\u00fc\u00e7l\u00fc AR-GE Yakla\u015f\u0131m\u0131<\/h2>\n<p data-start=\"2475\" data-end=\"2692\">Yal\u0131nkaya Kozmetik, fason \u00fcretim projelerinde AR-GE s\u00fcrecini titizlikle y\u00f6netir.<br data-start=\"2555\" data-end=\"2558\" \/>\u00dcr\u00fcn\u00fcn\u00fcz\u00fcn teknik altyap\u0131s\u0131, hedef kitlesi ve kullan\u0131m beklentileri do\u011frultusunda <strong data-start=\"2640\" data-end=\"2685\">kontroll\u00fc ve planl\u0131 bir geli\u015ftirme s\u00fcreci<\/strong> sunar.<\/p>\n<p data-start=\"2694\" data-end=\"2807\">\ud83d\udc49 <strong data-start=\"2697\" data-end=\"2807\">Fason kozmetik \u00fcretimi ve AR-GE s\u00fcreci hakk\u0131nda detayl\u0131 bilgi almak i\u00e7in bizimle ileti\u015fime ge\u00e7ebilirsiniz.<\/strong><\/p>\n<p>[\/vc_column_text][\/vc_column][\/vc_row][vc_row][vc_column width=&#8221;1\/2&#8243;][vc_single_image image=&#8221;781&#8243; img_size=&#8221;full&#8221; alignment=&#8221;center&#8221; onclick=&#8221;custom_link&#8221; css_animation=&#8221;fadeInLeft&#8221; css=&#8221;&#8221; link=&#8221;https:\/\/wa.me\/905524451818&#8243;][\/vc_column][vc_column width=&#8221;1\/2&#8243;][vc_single_image image=&#8221;780&#8243; img_size=&#8221;full&#8221; alignment=&#8221;center&#8221; onclick=&#8221;custom_link&#8221; css_animation=&#8221;fadeInRight&#8221; css=&#8221;&#8221; link=&#8221;tel:+905524451818&#8243;][\/vc_column][\/vc_row]<\/p>\n<\/div>","protected":false},"excerpt":{"rendered":"<p>[vc_row][vc_column][vc_single_image image=&#8221;768&#8243; img_size=&#8221;full&#8221; alignment=&#8221;center&#8221; css=&#8221;&#8221;][\/vc_column][\/vc_row][vc_row][vc_column][vc_column_text css=&#8221;&#8221;] Fason Kozmetik \u00dcretiminde AR-GE Nedir? Kozmetik sekt\u00f6r\u00fcnde AR-GE (Ara\u015ft\u0131rma ve Geli\u015ftirme), bir \u00fcr\u00fcn\u00fcn fikir a\u015famas\u0131ndan sat\u0131\u015fa haz\u0131r hale gelene kadar ge\u00e7en s\u00fcrecin temelini olu\u015fturur.Fason kozmetik \u00fcretiminde AR-GE; \u00fcr\u00fcn\u00fcn i\u00e7eri\u011finin, performans\u0131n\u0131n ve g\u00fcvenli\u011finin planl\u0131 \u015fekilde geli\u015ftirilmesini kapsar. Yal\u0131nkaya Kozmetik olarak AR-GE s\u00fcrecini, sadece form\u00fcl geli\u015ftirme de\u011fil, \u00fcr\u00fcn\u00fcn pazarda ba\u015far\u0131l\u0131 olmas\u0131n\u0131 sa\u011flayacak teknik altyap\u0131 olarak ele al\u0131yoruz. AR-GE S\u00fcreci Neleri Kapsar? Fason kozmetik \u00fcretiminde AR-GE \u00e7al\u0131\u015fmalar\u0131, \u00fcr\u00fcn\u00fcn amac\u0131na ve hedef kitlesine g\u00f6re \u015fekillenir.Bu s\u00fcre\u00e7te a\u015fa\u011f\u0131daki ba\u015fl\u0131klar de\u011ferlendirilir: \u00dcr\u00fcn\u00fcn kullan\u0131m amac\u0131 ve beklentisi \u0130\u00e7erik uyumu ve performans hedefleri \u00dcr\u00fcn tipi (krem, serum, \u015fampuan, parf\u00fcm vb.) Stabilite ve [&hellip;]<\/p>\n","protected":false},"author":1,"featured_media":0,"parent":0,"menu_order":0,"comment_status":"closed","ping_status":"closed","template":"","meta":{"footnotes":""},"class_list":["post-680","page","type-page","status-publish","hentry"],"yoast_head":"<!-- This site is optimized with the Yoast SEO plugin v26.9 - https:\/\/yoast.com\/product\/yoast-seo-wordpress\/ -->\n<title>Fason Kozmetik \u00dcretimi ARGE - Yal\u0131nkaya Kozmetik<\/title>\n<meta name=\"description\" content=\"Fason kozmetik \u00fcretiminde AR-GE s\u00fcreci. \u00dcr\u00fcn geli\u015ftirme, numune, iyile\u015ftirme ve mevzuata uygun \u00fcretim hakk\u0131nda detayl\u0131 bilgi.\" \/>\n<meta name=\"robots\" content=\"index, follow, max-snippet:-1, max-image-preview:large, max-video-preview:-1\" \/>\n<link rel=\"canonical\" href=\"https:\/\/yalinkayacosmetic.com\/tr\/fason-kozmetik-uretimi-arge\/\" \/>\n<meta property=\"og:locale\" content=\"tr_TR\" \/>\n<meta property=\"og:type\" content=\"article\" \/>\n<meta property=\"og:title\" content=\"Fason Kozmetik \u00dcretimi ARGE - Yal\u0131nkaya Kozmetik\" \/>\n<meta property=\"og:description\" content=\"Fason kozmetik \u00fcretiminde AR-GE s\u00fcreci. \u00dcr\u00fcn geli\u015ftirme, numune, iyile\u015ftirme ve mevzuata uygun \u00fcretim hakk\u0131nda detayl\u0131 bilgi.\" \/>\n<meta property=\"og:url\" content=\"https:\/\/yalinkayacosmetic.com\/tr\/fason-kozmetik-uretimi-arge\/\" \/>\n<meta property=\"og:site_name\" content=\"Yal\u0131nkaya Kozmetik\" \/>\n<meta property=\"article:modified_time\" content=\"2026-01-30T10:09:15+00:00\" \/>\n<meta name=\"twitter:card\" content=\"summary_large_image\" \/>\n<meta name=\"twitter:label1\" content=\"Tahmini okuma s\u00fcresi\" \/>\n\t<meta name=\"twitter:data1\" content=\"2 dakika\" \/>\n<script type=\"application\/ld+json\" class=\"yoast-schema-graph\">{\"@context\":\"https:\/\/schema.org\",\"@graph\":[{\"@type\":\"WebPage\",\"@id\":\"https:\/\/yalinkayacosmetic.com\/tr\/fason-kozmetik-uretimi-arge\/\",\"url\":\"https:\/\/yalinkayacosmetic.com\/tr\/fason-kozmetik-uretimi-arge\/\",\"name\":\"Fason Kozmetik \u00dcretimi ARGE - Yal\u0131nkaya Kozmetik\",\"isPartOf\":{\"@id\":\"https:\/\/yalinkayacosmetic.com\/tr\/#website\"},\"datePublished\":\"2026-01-29T17:10:55+00:00\",\"dateModified\":\"2026-01-30T10:09:15+00:00\",\"description\":\"Fason kozmetik \u00fcretiminde AR-GE s\u00fcreci. \u00dcr\u00fcn geli\u015ftirme, numune, iyile\u015ftirme ve mevzuata uygun \u00fcretim hakk\u0131nda detayl\u0131 bilgi.\",\"breadcrumb\":{\"@id\":\"https:\/\/yalinkayacosmetic.com\/tr\/fason-kozmetik-uretimi-arge\/#breadcrumb\"},\"inLanguage\":\"tr\",\"potentialAction\":[{\"@type\":\"ReadAction\",\"target\":[\"https:\/\/yalinkayacosmetic.com\/tr\/fason-kozmetik-uretimi-arge\/\"]}]},{\"@type\":\"BreadcrumbList\",\"@id\":\"https:\/\/yalinkayacosmetic.com\/tr\/fason-kozmetik-uretimi-arge\/#breadcrumb\",\"itemListElement\":[{\"@type\":\"ListItem\",\"position\":1,\"name\":\"Anasayfa\",\"item\":\"https:\/\/yalinkayacosmetic.com\/tr\/\"},{\"@type\":\"ListItem\",\"position\":2,\"name\":\"Fason Kozmetik \u00dcretimi ARGE\"}]},{\"@type\":\"WebSite\",\"@id\":\"https:\/\/yalinkayacosmetic.com\/tr\/#website\",\"url\":\"https:\/\/yalinkayacosmetic.com\/tr\/\",\"name\":\"Yal\u0131nkaya Kozmetik\",\"description\":\"\",\"publisher\":{\"@id\":\"https:\/\/yalinkayacosmetic.com\/tr\/#organization\"},\"potentialAction\":[{\"@type\":\"SearchAction\",\"target\":{\"@type\":\"EntryPoint\",\"urlTemplate\":\"https:\/\/yalinkayacosmetic.com\/tr\/?s={search_term_string}\"},\"query-input\":{\"@type\":\"PropertyValueSpecification\",\"valueRequired\":true,\"valueName\":\"search_term_string\"}}],\"inLanguage\":\"tr\"},{\"@type\":\"Organization\",\"@id\":\"https:\/\/yalinkayacosmetic.com\/tr\/#organization\",\"name\":\"Yal\u0131nkaya Kozmetik\",\"url\":\"https:\/\/yalinkayacosmetic.com\/tr\/\",\"logo\":{\"@type\":\"ImageObject\",\"inLanguage\":\"tr\",\"@id\":\"https:\/\/yalinkayacosmetic.com\/tr\/#\/schema\/logo\/image\/\",\"url\":\"https:\/\/yalinkayacosmetic.com\/tr\/wp-content\/uploads\/2026\/01\/logo-yalinkaya-siyah-488-72.png\",\"contentUrl\":\"https:\/\/yalinkayacosmetic.com\/tr\/wp-content\/uploads\/2026\/01\/logo-yalinkaya-siyah-488-72.png\",\"width\":488,\"height\":72,\"caption\":\"Yal\u0131nkaya Kozmetik\"},\"image\":{\"@id\":\"https:\/\/yalinkayacosmetic.com\/tr\/#\/schema\/logo\/image\/\"}}]}<\/script>\n<!-- \/ Yoast SEO plugin. -->","yoast_head_json":{"title":"Fason Kozmetik \u00dcretimi ARGE - Yal\u0131nkaya Kozmetik","description":"Fason kozmetik \u00fcretiminde AR-GE s\u00fcreci. \u00dcr\u00fcn geli\u015ftirme, numune, iyile\u015ftirme ve mevzuata uygun \u00fcretim hakk\u0131nda detayl\u0131 bilgi.","robots":{"index":"index","follow":"follow","max-snippet":"max-snippet:-1","max-image-preview":"max-image-preview:large","max-video-preview":"max-video-preview:-1"},"canonical":"https:\/\/yalinkayacosmetic.com\/tr\/fason-kozmetik-uretimi-arge\/","og_locale":"tr_TR","og_type":"article","og_title":"Fason Kozmetik \u00dcretimi ARGE - Yal\u0131nkaya Kozmetik","og_description":"Fason kozmetik \u00fcretiminde AR-GE s\u00fcreci. \u00dcr\u00fcn geli\u015ftirme, numune, iyile\u015ftirme ve mevzuata uygun \u00fcretim hakk\u0131nda detayl\u0131 bilgi.","og_url":"https:\/\/yalinkayacosmetic.com\/tr\/fason-kozmetik-uretimi-arge\/","og_site_name":"Yal\u0131nkaya Kozmetik","article_modified_time":"2026-01-30T10:09:15+00:00","twitter_card":"summary_large_image","twitter_misc":{"Tahmini okuma s\u00fcresi":"2 dakika"},"schema":{"@context":"https:\/\/schema.org","@graph":[{"@type":"WebPage","@id":"https:\/\/yalinkayacosmetic.com\/tr\/fason-kozmetik-uretimi-arge\/","url":"https:\/\/yalinkayacosmetic.com\/tr\/fason-kozmetik-uretimi-arge\/","name":"Fason Kozmetik \u00dcretimi ARGE - Yal\u0131nkaya Kozmetik","isPartOf":{"@id":"https:\/\/yalinkayacosmetic.com\/tr\/#website"},"datePublished":"2026-01-29T17:10:55+00:00","dateModified":"2026-01-30T10:09:15+00:00","description":"Fason kozmetik \u00fcretiminde AR-GE s\u00fcreci. \u00dcr\u00fcn geli\u015ftirme, numune, iyile\u015ftirme ve mevzuata uygun \u00fcretim hakk\u0131nda detayl\u0131 bilgi.","breadcrumb":{"@id":"https:\/\/yalinkayacosmetic.com\/tr\/fason-kozmetik-uretimi-arge\/#breadcrumb"},"inLanguage":"tr","potentialAction":[{"@type":"ReadAction","target":["https:\/\/yalinkayacosmetic.com\/tr\/fason-kozmetik-uretimi-arge\/"]}]},{"@type":"BreadcrumbList","@id":"https:\/\/yalinkayacosmetic.com\/tr\/fason-kozmetik-uretimi-arge\/#breadcrumb","itemListElement":[{"@type":"ListItem","position":1,"name":"Anasayfa","item":"https:\/\/yalinkayacosmetic.com\/tr\/"},{"@type":"ListItem","position":2,"name":"Fason Kozmetik \u00dcretimi ARGE"}]},{"@type":"WebSite","@id":"https:\/\/yalinkayacosmetic.com\/tr\/#website","url":"https:\/\/yalinkayacosmetic.com\/tr\/","name":"Yal\u0131nkaya Kozmetik","description":"","publisher":{"@id":"https:\/\/yalinkayacosmetic.com\/tr\/#organization"},"potentialAction":[{"@type":"SearchAction","target":{"@type":"EntryPoint","urlTemplate":"https:\/\/yalinkayacosmetic.com\/tr\/?s={search_term_string}"},"query-input":{"@type":"PropertyValueSpecification","valueRequired":true,"valueName":"search_term_string"}}],"inLanguage":"tr"},{"@type":"Organization","@id":"https:\/\/yalinkayacosmetic.com\/tr\/#organization","name":"Yal\u0131nkaya Kozmetik","url":"https:\/\/yalinkayacosmetic.com\/tr\/","logo":{"@type":"ImageObject","inLanguage":"tr","@id":"https:\/\/yalinkayacosmetic.com\/tr\/#\/schema\/logo\/image\/","url":"https:\/\/yalinkayacosmetic.com\/tr\/wp-content\/uploads\/2026\/01\/logo-yalinkaya-siyah-488-72.png","contentUrl":"https:\/\/yalinkayacosmetic.com\/tr\/wp-content\/uploads\/2026\/01\/logo-yalinkaya-siyah-488-72.png","width":488,"height":72,"caption":"Yal\u0131nkaya Kozmetik"},"image":{"@id":"https:\/\/yalinkayacosmetic.com\/tr\/#\/schema\/logo\/image\/"}}]}},"_links":{"self":[{"href":"https:\/\/yalinkayacosmetic.com\/tr\/wp-json\/wp\/v2\/pages\/680","targetHints":{"allow":["GET"]}}],"collection":[{"href":"https:\/\/yalinkayacosmetic.com\/tr\/wp-json\/wp\/v2\/pages"}],"about":[{"href":"https:\/\/yalinkayacosmetic.com\/tr\/wp-json\/wp\/v2\/types\/page"}],"author":[{"embeddable":true,"href":"https:\/\/yalinkayacosmetic.com\/tr\/wp-json\/wp\/v2\/users\/1"}],"replies":[{"embeddable":true,"href":"https:\/\/yalinkayacosmetic.com\/tr\/wp-json\/wp\/v2\/comments?post=680"}],"version-history":[{"count":4,"href":"https:\/\/yalinkayacosmetic.com\/tr\/wp-json\/wp\/v2\/pages\/680\/revisions"}],"predecessor-version":[{"id":802,"href":"https:\/\/yalinkayacosmetic.com\/tr\/wp-json\/wp\/v2\/pages\/680\/revisions\/802"}],"wp:attachment":[{"href":"https:\/\/yalinkayacosmetic.com\/tr\/wp-json\/wp\/v2\/media?parent=680"}],"curies":[{"name":"wp","href":"https:\/\/api.w.org\/{rel}","templated":true}]}}