{"id":678,"date":"2026-01-29T20:10:18","date_gmt":"2026-01-29T17:10:18","guid":{"rendered":"https:\/\/yalinkayacosmetic.com\/tr\/?page_id=678"},"modified":"2026-01-30T13:09:01","modified_gmt":"2026-01-30T10:09:01","slug":"fason-kozmetik-uretimi-urun-formulu","status":"publish","type":"page","link":"https:\/\/yalinkayacosmetic.com\/tr\/fason-kozmetik-uretimi-urun-formulu\/","title":{"rendered":"Fason Kozmetik \u00dcretimi \u00dcr\u00fcn Form\u00fcl\u00fc"},"content":{"rendered":"<div class=\"wpb-content-wrapper\"><p>[vc_row][vc_column][vc_single_image image=&#8221;761&#8243; img_size=&#8221;full&#8221; alignment=&#8221;center&#8221; css=&#8221;&#8221;][\/vc_column][\/vc_row][vc_row][vc_column][vc_column_text css=&#8221;&#8221;]<\/p>\n<h2 data-start=\"326\" data-end=\"374\">Fason Kozmetik \u00dcretiminde \u00dcr\u00fcn Form\u00fcl\u00fc Nedir?<\/h2>\n<p data-start=\"376\" data-end=\"612\">Kozmetik \u00fcr\u00fcnlerde <strong data-start=\"395\" data-end=\"405\">form\u00fcl<\/strong>, \u00fcr\u00fcn\u00fcn performans\u0131n\u0131, kalitesini ve g\u00fcvenli\u011fini belirleyen en \u00f6nemli unsurdur.<br data-start=\"485\" data-end=\"488\" \/>Fason kozmetik \u00fcretimi s\u00fcrecinde do\u011fru form\u00fclasyon; \u00fcr\u00fcn\u00fcn etkisini, raf \u00f6mr\u00fcn\u00fc ve kullan\u0131c\u0131 memnuniyetini do\u011frudan etkiler.<\/p>\n<p data-start=\"614\" data-end=\"764\">Yal\u0131nkaya Kozmetik olarak, fason \u00fcretimini \u00fcstlendi\u011fimiz t\u00fcm \u00fcr\u00fcnlerde <strong data-start=\"685\" data-end=\"747\">amac\u0131na uygun, mevzuata uyumlu ve s\u00fcrd\u00fcr\u00fclebilir form\u00fcller<\/strong> ile \u00e7al\u0131\u015f\u0131yoruz.<\/p>\n<hr data-start=\"766\" data-end=\"769\" \/>\n<h2 data-start=\"771\" data-end=\"805\">\u00dcr\u00fcn Form\u00fcl\u00fc Nas\u0131l Olu\u015fturulur?<\/h2>\n<p data-start=\"807\" data-end=\"961\">Her kozmetik \u00fcr\u00fcn\u00fcn form\u00fcl\u00fc, <strong data-start=\"836\" data-end=\"853\">tek tip de\u011fil<\/strong>, hedefe g\u00f6re \u00f6zel olarak haz\u0131rlan\u0131r.<br data-start=\"890\" data-end=\"893\" \/>Form\u00fclasyon s\u00fcreci a\u015fa\u011f\u0131daki kriterler dikkate al\u0131narak olu\u015fturulur:<\/p>\n<ul data-start=\"963\" data-end=\"1164\">\n<li data-start=\"963\" data-end=\"988\">\n<p data-start=\"965\" data-end=\"988\">\u00dcr\u00fcn\u00fcn kullan\u0131m amac\u0131<\/p>\n<\/li>\n<li data-start=\"989\" data-end=\"1021\">\n<p data-start=\"991\" data-end=\"1021\">Hedeflenen kullan\u0131c\u0131 profili<\/p>\n<\/li>\n<li data-start=\"1022\" data-end=\"1070\">\n<p data-start=\"1024\" data-end=\"1070\">\u00dcr\u00fcn tipi (krem, serum, \u015fampuan, parf\u00fcm vb.)<\/p>\n<\/li>\n<li data-start=\"1071\" data-end=\"1101\">\n<p data-start=\"1073\" data-end=\"1101\">\u0130stenen doku, koku ve etki<\/p>\n<\/li>\n<li data-start=\"1102\" data-end=\"1164\">\n<p data-start=\"1104\" data-end=\"1164\">Sat\u0131\u015f kanal\u0131 (eczane, e-ticaret, profesyonel kullan\u0131m vb.)<\/p>\n<\/li>\n<\/ul>\n<p data-start=\"1166\" data-end=\"1257\">Bu a\u015famada <strong data-start=\"1177\" data-end=\"1202\">haz\u0131r kal\u0131plar yerine<\/strong>, \u00fcr\u00fcn\u00fcn ger\u00e7ek ihtiyac\u0131na uygun \u00e7\u00f6z\u00fcmler geli\u015ftirilir.<\/p>\n<hr data-start=\"1259\" data-end=\"1262\" \/>\n<h2 data-start=\"1264\" data-end=\"1314\">Fason \u00dcretimde Haz\u0131r Form\u00fcl m\u00fc, \u00d6zel Form\u00fcl m\u00fc?<\/h2>\n<p data-start=\"1316\" data-end=\"1387\">Fason kozmetik \u00fcretiminde iki farkl\u0131 form\u00fclasyon y\u00f6ntemi uygulanabilir:<\/p>\n<h3 data-start=\"1389\" data-end=\"1412\">\u2714 Haz\u0131r Form\u00fclasyon<\/h3>\n<p data-start=\"1413\" data-end=\"1553\">Daha h\u0131zl\u0131 \u00fcretime ge\u00e7mek isteyen markalar i\u00e7in tercih edilir.<br data-start=\"1475\" data-end=\"1478\" \/>Test edilmi\u015f, g\u00fcvenli ve mevzuata uygun form\u00fcller \u00fczerinden \u00fcretim yap\u0131l\u0131r.<\/p>\n<h3 data-start=\"1555\" data-end=\"1577\">\u2714 \u00d6zel Form\u00fclasyon<\/h3>\n<p data-start=\"1578\" data-end=\"1719\">Markaya \u00f6zel i\u00e7erik, etki ve farkl\u0131la\u015fma hedefleyen projeler i\u00e7in haz\u0131rlan\u0131r.<br data-start=\"1655\" data-end=\"1658\" \/>\u00dcr\u00fcn\u00fcn benzersiz olmas\u0131n\u0131 sa\u011flar ve marka de\u011ferini y\u00fckseltir.<\/p>\n<p data-start=\"1721\" data-end=\"1818\">Her iki y\u00f6ntemde de \u00fcr\u00fcn, <strong data-start=\"1747\" data-end=\"1800\">T\u00fcrkiye mevzuat\u0131na ve kalite standartlar\u0131na uygun<\/strong> \u015fekilde \u00fcretilir.<\/p>\n<hr data-start=\"1820\" data-end=\"1823\" \/>\n<h2 data-start=\"1825\" data-end=\"1865\">\u00dcr\u00fcn Form\u00fcl\u00fcnde Nelere Dikkat Edilir?<\/h2>\n<p data-start=\"1867\" data-end=\"1958\">Fason kozmetik \u00fcretimi s\u00fcrecinde \u00fcr\u00fcn form\u00fcl\u00fc olu\u015fturulurken \u015fu unsurlar \u00f6n planda tutulur:<\/p>\n<ul data-start=\"1960\" data-end=\"2101\">\n<li data-start=\"1960\" data-end=\"1985\">\n<p data-start=\"1962\" data-end=\"1985\">\u0130\u00e7eriklerin g\u00fcvenli\u011fi<\/p>\n<\/li>\n<li data-start=\"1986\" data-end=\"2015\">\n<p data-start=\"1988\" data-end=\"2015\">Kullan\u0131m amac\u0131na uygunluk<\/p>\n<\/li>\n<li data-start=\"2016\" data-end=\"2041\">\n<p data-start=\"2018\" data-end=\"2041\">Stabilite ve raf \u00f6mr\u00fc<\/p>\n<\/li>\n<li data-start=\"2042\" data-end=\"2068\">\n<p data-start=\"2044\" data-end=\"2068\">Cilt ve kullan\u0131m uyumu<\/p>\n<\/li>\n<li data-start=\"2069\" data-end=\"2101\">\n<p data-start=\"2071\" data-end=\"2101\">Yasal d\u00fczenlemelere uygunluk<\/p>\n<\/li>\n<\/ul>\n<p data-start=\"2103\" data-end=\"2193\">Ama\u00e7; sadece \u00fcretmek de\u011fil, <strong data-start=\"2131\" data-end=\"2173\">sat\u0131labilir ve s\u00fcrd\u00fcr\u00fclebilir bir \u00fcr\u00fcn<\/strong> ortaya \u00e7\u0131karmakt\u0131r.<\/p>\n<hr data-start=\"2195\" data-end=\"2198\" \/>\n<h2 data-start=\"2200\" data-end=\"2232\">Numune ve Form\u00fcl Onay\u0131 S\u00fcreci<\/h2>\n<p data-start=\"2234\" data-end=\"2313\">Form\u00fclasyon tamamland\u0131ktan sonra <strong data-start=\"2267\" data-end=\"2285\">numune \u00fcretimi<\/strong> yap\u0131l\u0131r.<br data-start=\"2294\" data-end=\"2297\" \/>Bu a\u015famada \u00fcr\u00fcn;<\/p>\n<ul data-start=\"2315\" data-end=\"2372\">\n<li data-start=\"2315\" data-end=\"2323\">\n<p data-start=\"2317\" data-end=\"2323\">Doku<\/p>\n<\/li>\n<li data-start=\"2324\" data-end=\"2332\">\n<p data-start=\"2326\" data-end=\"2332\">Koku<\/p>\n<\/li>\n<li data-start=\"2333\" data-end=\"2351\">\n<p data-start=\"2335\" data-end=\"2351\">Kullan\u0131m hissi<\/p>\n<\/li>\n<li data-start=\"2352\" data-end=\"2372\">\n<p data-start=\"2354\" data-end=\"2372\">Genel performans<\/p>\n<\/li>\n<\/ul>\n<p data-start=\"2374\" data-end=\"2460\">a\u00e7\u0131s\u0131ndan de\u011ferlendirilir. Numune onay\u0131 al\u0131nd\u0131ktan sonra seri \u00fcretim s\u00fcrecine ge\u00e7ilir.<\/p>\n<hr data-start=\"2462\" data-end=\"2465\" \/>\n<h2 data-start=\"2467\" data-end=\"2505\">Neden \u00dcr\u00fcn Form\u00fcl\u00fc Bu Kadar \u00d6nemli?<\/h2>\n<p data-start=\"2507\" data-end=\"2542\">Do\u011fru haz\u0131rlanm\u0131\u015f bir \u00fcr\u00fcn form\u00fcl\u00fc;<\/p>\n<ul data-start=\"2544\" data-end=\"2715\">\n<li data-start=\"2544\" data-end=\"2585\">\n<p data-start=\"2546\" data-end=\"2585\">\u00dcr\u00fcn\u00fcn pazarda kabul g\u00f6rmesini sa\u011flar<\/p>\n<\/li>\n<li data-start=\"2586\" data-end=\"2621\">\n<p data-start=\"2588\" data-end=\"2621\">Kullan\u0131c\u0131 memnuniyetini art\u0131r\u0131r<\/p>\n<\/li>\n<li data-start=\"2622\" data-end=\"2670\">\n<p data-start=\"2624\" data-end=\"2670\">Markan\u0131n uzun vadede b\u00fcy\u00fcmesine katk\u0131 sa\u011flar<\/p>\n<\/li>\n<li data-start=\"2671\" data-end=\"2715\">\n<p data-start=\"2673\" data-end=\"2715\">\u0130ade ve memnuniyetsizlik riskini azalt\u0131r<\/p>\n<\/li>\n<\/ul>\n<p data-start=\"2717\" data-end=\"2813\">Bu nedenle fason kozmetik \u00fcretiminde <strong data-start=\"2754\" data-end=\"2772\">form\u00fcl a\u015famas\u0131<\/strong>, s\u00fcrecin en kritik ad\u0131mlar\u0131ndan biridir.<\/p>\n<hr data-start=\"2815\" data-end=\"2818\" \/>\n<h2 data-start=\"2820\" data-end=\"2883\">Fason Kozmetik \u00dcretimi \u0130\u00e7in Do\u011fru Form\u00fcl, Do\u011fru Ba\u015flang\u0131\u00e7t\u0131r<\/h2>\n<p data-start=\"2885\" data-end=\"3113\">Yal\u0131nkaya Kozmetik, fason \u00fcretim s\u00fcrecinde \u00fcr\u00fcn form\u00fcl\u00fcn\u00fc sadece teknik bir detay olarak de\u011fil, <strong data-start=\"2981\" data-end=\"3000\">markan\u0131n temeli<\/strong> olarak ele al\u0131r.<br data-start=\"3017\" data-end=\"3020\" \/>Hedefinize ve \u00fcr\u00fcn grubunuza uygun form\u00fclasyon ile \u00fcretim s\u00fcrecini g\u00fcvenle ba\u015flatabilirsiniz.<\/p>\n<p data-start=\"3115\" data-end=\"3228\">\ud83d\udc49 <strong data-start=\"3118\" data-end=\"3228\">Fason kozmetik \u00fcretimi ve \u00fcr\u00fcn form\u00fcl\u00fc hakk\u0131nda detayl\u0131 bilgi almak i\u00e7in bizimle ileti\u015fime ge\u00e7ebilirsiniz.<\/strong><\/p>\n<p>[\/vc_column_text][\/vc_column][\/vc_row][vc_row][vc_column width=&#8221;1\/2&#8243;][vc_single_image image=&#8221;781&#8243; img_size=&#8221;full&#8221; alignment=&#8221;center&#8221; onclick=&#8221;custom_link&#8221; css_animation=&#8221;fadeInLeft&#8221; css=&#8221;&#8221; link=&#8221;https:\/\/wa.me\/905524451818&#8243;][\/vc_column][vc_column width=&#8221;1\/2&#8243;][vc_single_image image=&#8221;780&#8243; img_size=&#8221;full&#8221; alignment=&#8221;center&#8221; onclick=&#8221;custom_link&#8221; css_animation=&#8221;fadeInRight&#8221; css=&#8221;&#8221; link=&#8221;tel:+905524451818&#8243;][\/vc_column][\/vc_row]<\/p>\n<\/div>","protected":false},"excerpt":{"rendered":"<p>[vc_row][vc_column][vc_single_image image=&#8221;761&#8243; img_size=&#8221;full&#8221; alignment=&#8221;center&#8221; css=&#8221;&#8221;][\/vc_column][\/vc_row][vc_row][vc_column][vc_column_text css=&#8221;&#8221;] Fason Kozmetik \u00dcretiminde \u00dcr\u00fcn Form\u00fcl\u00fc Nedir? Kozmetik \u00fcr\u00fcnlerde form\u00fcl, \u00fcr\u00fcn\u00fcn performans\u0131n\u0131, kalitesini ve g\u00fcvenli\u011fini belirleyen en \u00f6nemli unsurdur.Fason kozmetik \u00fcretimi s\u00fcrecinde do\u011fru form\u00fclasyon; \u00fcr\u00fcn\u00fcn etkisini, raf \u00f6mr\u00fcn\u00fc ve kullan\u0131c\u0131 memnuniyetini do\u011frudan etkiler. Yal\u0131nkaya Kozmetik olarak, fason \u00fcretimini \u00fcstlendi\u011fimiz t\u00fcm \u00fcr\u00fcnlerde amac\u0131na uygun, mevzuata uyumlu ve s\u00fcrd\u00fcr\u00fclebilir form\u00fcller ile \u00e7al\u0131\u015f\u0131yoruz. \u00dcr\u00fcn Form\u00fcl\u00fc Nas\u0131l Olu\u015fturulur? Her kozmetik \u00fcr\u00fcn\u00fcn form\u00fcl\u00fc, tek tip de\u011fil, hedefe g\u00f6re \u00f6zel olarak haz\u0131rlan\u0131r.Form\u00fclasyon s\u00fcreci a\u015fa\u011f\u0131daki kriterler dikkate al\u0131narak olu\u015fturulur: \u00dcr\u00fcn\u00fcn kullan\u0131m amac\u0131 Hedeflenen kullan\u0131c\u0131 profili \u00dcr\u00fcn tipi (krem, serum, \u015fampuan, parf\u00fcm vb.) \u0130stenen doku, koku ve etki Sat\u0131\u015f kanal\u0131 (eczane, e-ticaret, profesyonel [&hellip;]<\/p>\n","protected":false},"author":1,"featured_media":0,"parent":0,"menu_order":0,"comment_status":"closed","ping_status":"closed","template":"","meta":{"footnotes":""},"class_list":["post-678","page","type-page","status-publish","hentry"],"yoast_head":"<!-- This site is optimized with the Yoast SEO plugin v26.9 - https:\/\/yoast.com\/product\/yoast-seo-wordpress\/ -->\n<title>Fason Kozmetik \u00dcretimi \u00dcr\u00fcn Form\u00fcl\u00fc - Yal\u0131nkaya Kozmetik<\/title>\n<meta name=\"description\" content=\"Fason kozmetik \u00fcretiminde \u00fcr\u00fcn form\u00fcl\u00fc nas\u0131l haz\u0131rlan\u0131r? Haz\u0131r ve \u00f6zel form\u00fcl se\u00e7enekleri, numune s\u00fcreci ve yasal uyum hakk\u0131nda detayl\u0131 bilgi.\" \/>\n<meta name=\"robots\" content=\"index, follow, max-snippet:-1, max-image-preview:large, max-video-preview:-1\" \/>\n<link rel=\"canonical\" href=\"https:\/\/yalinkayacosmetic.com\/tr\/fason-kozmetik-uretimi-urun-formulu\/\" \/>\n<meta property=\"og:locale\" content=\"tr_TR\" \/>\n<meta property=\"og:type\" content=\"article\" \/>\n<meta property=\"og:title\" content=\"Fason Kozmetik \u00dcretimi \u00dcr\u00fcn Form\u00fcl\u00fc - Yal\u0131nkaya Kozmetik\" \/>\n<meta property=\"og:description\" content=\"Fason kozmetik \u00fcretiminde \u00fcr\u00fcn form\u00fcl\u00fc nas\u0131l haz\u0131rlan\u0131r? Haz\u0131r ve \u00f6zel form\u00fcl se\u00e7enekleri, numune s\u00fcreci ve yasal uyum hakk\u0131nda detayl\u0131 bilgi.\" \/>\n<meta property=\"og:url\" content=\"https:\/\/yalinkayacosmetic.com\/tr\/fason-kozmetik-uretimi-urun-formulu\/\" \/>\n<meta property=\"og:site_name\" content=\"Yal\u0131nkaya Kozmetik\" \/>\n<meta property=\"article:modified_time\" content=\"2026-01-30T10:09:01+00:00\" \/>\n<meta name=\"twitter:card\" content=\"summary_large_image\" \/>\n<meta name=\"twitter:label1\" content=\"Tahmini okuma s\u00fcresi\" \/>\n\t<meta name=\"twitter:data1\" content=\"3 dakika\" \/>\n<script type=\"application\/ld+json\" class=\"yoast-schema-graph\">{\"@context\":\"https:\/\/schema.org\",\"@graph\":[{\"@type\":\"WebPage\",\"@id\":\"https:\/\/yalinkayacosmetic.com\/tr\/fason-kozmetik-uretimi-urun-formulu\/\",\"url\":\"https:\/\/yalinkayacosmetic.com\/tr\/fason-kozmetik-uretimi-urun-formulu\/\",\"name\":\"Fason Kozmetik \u00dcretimi \u00dcr\u00fcn Form\u00fcl\u00fc - Yal\u0131nkaya Kozmetik\",\"isPartOf\":{\"@id\":\"https:\/\/yalinkayacosmetic.com\/tr\/#website\"},\"datePublished\":\"2026-01-29T17:10:18+00:00\",\"dateModified\":\"2026-01-30T10:09:01+00:00\",\"description\":\"Fason kozmetik \u00fcretiminde \u00fcr\u00fcn form\u00fcl\u00fc nas\u0131l haz\u0131rlan\u0131r? Haz\u0131r ve \u00f6zel form\u00fcl se\u00e7enekleri, numune s\u00fcreci ve yasal uyum hakk\u0131nda detayl\u0131 bilgi.\",\"breadcrumb\":{\"@id\":\"https:\/\/yalinkayacosmetic.com\/tr\/fason-kozmetik-uretimi-urun-formulu\/#breadcrumb\"},\"inLanguage\":\"tr\",\"potentialAction\":[{\"@type\":\"ReadAction\",\"target\":[\"https:\/\/yalinkayacosmetic.com\/tr\/fason-kozmetik-uretimi-urun-formulu\/\"]}]},{\"@type\":\"BreadcrumbList\",\"@id\":\"https:\/\/yalinkayacosmetic.com\/tr\/fason-kozmetik-uretimi-urun-formulu\/#breadcrumb\",\"itemListElement\":[{\"@type\":\"ListItem\",\"position\":1,\"name\":\"Anasayfa\",\"item\":\"https:\/\/yalinkayacosmetic.com\/tr\/\"},{\"@type\":\"ListItem\",\"position\":2,\"name\":\"Fason Kozmetik \u00dcretimi \u00dcr\u00fcn Form\u00fcl\u00fc\"}]},{\"@type\":\"WebSite\",\"@id\":\"https:\/\/yalinkayacosmetic.com\/tr\/#website\",\"url\":\"https:\/\/yalinkayacosmetic.com\/tr\/\",\"name\":\"Yal\u0131nkaya Kozmetik\",\"description\":\"\",\"publisher\":{\"@id\":\"https:\/\/yalinkayacosmetic.com\/tr\/#organization\"},\"potentialAction\":[{\"@type\":\"SearchAction\",\"target\":{\"@type\":\"EntryPoint\",\"urlTemplate\":\"https:\/\/yalinkayacosmetic.com\/tr\/?s={search_term_string}\"},\"query-input\":{\"@type\":\"PropertyValueSpecification\",\"valueRequired\":true,\"valueName\":\"search_term_string\"}}],\"inLanguage\":\"tr\"},{\"@type\":\"Organization\",\"@id\":\"https:\/\/yalinkayacosmetic.com\/tr\/#organization\",\"name\":\"Yal\u0131nkaya Kozmetik\",\"url\":\"https:\/\/yalinkayacosmetic.com\/tr\/\",\"logo\":{\"@type\":\"ImageObject\",\"inLanguage\":\"tr\",\"@id\":\"https:\/\/yalinkayacosmetic.com\/tr\/#\/schema\/logo\/image\/\",\"url\":\"https:\/\/yalinkayacosmetic.com\/tr\/wp-content\/uploads\/2026\/01\/logo-yalinkaya-siyah-488-72.png\",\"contentUrl\":\"https:\/\/yalinkayacosmetic.com\/tr\/wp-content\/uploads\/2026\/01\/logo-yalinkaya-siyah-488-72.png\",\"width\":488,\"height\":72,\"caption\":\"Yal\u0131nkaya Kozmetik\"},\"image\":{\"@id\":\"https:\/\/yalinkayacosmetic.com\/tr\/#\/schema\/logo\/image\/\"}}]}<\/script>\n<!-- \/ Yoast SEO plugin. -->","yoast_head_json":{"title":"Fason Kozmetik \u00dcretimi \u00dcr\u00fcn Form\u00fcl\u00fc - Yal\u0131nkaya Kozmetik","description":"Fason kozmetik \u00fcretiminde \u00fcr\u00fcn form\u00fcl\u00fc nas\u0131l haz\u0131rlan\u0131r? Haz\u0131r ve \u00f6zel form\u00fcl se\u00e7enekleri, numune s\u00fcreci ve yasal uyum hakk\u0131nda detayl\u0131 bilgi.","robots":{"index":"index","follow":"follow","max-snippet":"max-snippet:-1","max-image-preview":"max-image-preview:large","max-video-preview":"max-video-preview:-1"},"canonical":"https:\/\/yalinkayacosmetic.com\/tr\/fason-kozmetik-uretimi-urun-formulu\/","og_locale":"tr_TR","og_type":"article","og_title":"Fason Kozmetik \u00dcretimi \u00dcr\u00fcn Form\u00fcl\u00fc - Yal\u0131nkaya Kozmetik","og_description":"Fason kozmetik \u00fcretiminde \u00fcr\u00fcn form\u00fcl\u00fc nas\u0131l haz\u0131rlan\u0131r? Haz\u0131r ve \u00f6zel form\u00fcl se\u00e7enekleri, numune s\u00fcreci ve yasal uyum hakk\u0131nda detayl\u0131 bilgi.","og_url":"https:\/\/yalinkayacosmetic.com\/tr\/fason-kozmetik-uretimi-urun-formulu\/","og_site_name":"Yal\u0131nkaya Kozmetik","article_modified_time":"2026-01-30T10:09:01+00:00","twitter_card":"summary_large_image","twitter_misc":{"Tahmini okuma s\u00fcresi":"3 dakika"},"schema":{"@context":"https:\/\/schema.org","@graph":[{"@type":"WebPage","@id":"https:\/\/yalinkayacosmetic.com\/tr\/fason-kozmetik-uretimi-urun-formulu\/","url":"https:\/\/yalinkayacosmetic.com\/tr\/fason-kozmetik-uretimi-urun-formulu\/","name":"Fason Kozmetik \u00dcretimi \u00dcr\u00fcn Form\u00fcl\u00fc - Yal\u0131nkaya Kozmetik","isPartOf":{"@id":"https:\/\/yalinkayacosmetic.com\/tr\/#website"},"datePublished":"2026-01-29T17:10:18+00:00","dateModified":"2026-01-30T10:09:01+00:00","description":"Fason kozmetik \u00fcretiminde \u00fcr\u00fcn form\u00fcl\u00fc nas\u0131l haz\u0131rlan\u0131r? Haz\u0131r ve \u00f6zel form\u00fcl se\u00e7enekleri, numune s\u00fcreci ve yasal uyum hakk\u0131nda detayl\u0131 bilgi.","breadcrumb":{"@id":"https:\/\/yalinkayacosmetic.com\/tr\/fason-kozmetik-uretimi-urun-formulu\/#breadcrumb"},"inLanguage":"tr","potentialAction":[{"@type":"ReadAction","target":["https:\/\/yalinkayacosmetic.com\/tr\/fason-kozmetik-uretimi-urun-formulu\/"]}]},{"@type":"BreadcrumbList","@id":"https:\/\/yalinkayacosmetic.com\/tr\/fason-kozmetik-uretimi-urun-formulu\/#breadcrumb","itemListElement":[{"@type":"ListItem","position":1,"name":"Anasayfa","item":"https:\/\/yalinkayacosmetic.com\/tr\/"},{"@type":"ListItem","position":2,"name":"Fason Kozmetik \u00dcretimi \u00dcr\u00fcn Form\u00fcl\u00fc"}]},{"@type":"WebSite","@id":"https:\/\/yalinkayacosmetic.com\/tr\/#website","url":"https:\/\/yalinkayacosmetic.com\/tr\/","name":"Yal\u0131nkaya Kozmetik","description":"","publisher":{"@id":"https:\/\/yalinkayacosmetic.com\/tr\/#organization"},"potentialAction":[{"@type":"SearchAction","target":{"@type":"EntryPoint","urlTemplate":"https:\/\/yalinkayacosmetic.com\/tr\/?s={search_term_string}"},"query-input":{"@type":"PropertyValueSpecification","valueRequired":true,"valueName":"search_term_string"}}],"inLanguage":"tr"},{"@type":"Organization","@id":"https:\/\/yalinkayacosmetic.com\/tr\/#organization","name":"Yal\u0131nkaya Kozmetik","url":"https:\/\/yalinkayacosmetic.com\/tr\/","logo":{"@type":"ImageObject","inLanguage":"tr","@id":"https:\/\/yalinkayacosmetic.com\/tr\/#\/schema\/logo\/image\/","url":"https:\/\/yalinkayacosmetic.com\/tr\/wp-content\/uploads\/2026\/01\/logo-yalinkaya-siyah-488-72.png","contentUrl":"https:\/\/yalinkayacosmetic.com\/tr\/wp-content\/uploads\/2026\/01\/logo-yalinkaya-siyah-488-72.png","width":488,"height":72,"caption":"Yal\u0131nkaya Kozmetik"},"image":{"@id":"https:\/\/yalinkayacosmetic.com\/tr\/#\/schema\/logo\/image\/"}}]}},"_links":{"self":[{"href":"https:\/\/yalinkayacosmetic.com\/tr\/wp-json\/wp\/v2\/pages\/678","targetHints":{"allow":["GET"]}}],"collection":[{"href":"https:\/\/yalinkayacosmetic.com\/tr\/wp-json\/wp\/v2\/pages"}],"about":[{"href":"https:\/\/yalinkayacosmetic.com\/tr\/wp-json\/wp\/v2\/types\/page"}],"author":[{"embeddable":true,"href":"https:\/\/yalinkayacosmetic.com\/tr\/wp-json\/wp\/v2\/users\/1"}],"replies":[{"embeddable":true,"href":"https:\/\/yalinkayacosmetic.com\/tr\/wp-json\/wp\/v2\/comments?post=678"}],"version-history":[{"count":5,"href":"https:\/\/yalinkayacosmetic.com\/tr\/wp-json\/wp\/v2\/pages\/678\/revisions"}],"predecessor-version":[{"id":799,"href":"https:\/\/yalinkayacosmetic.com\/tr\/wp-json\/wp\/v2\/pages\/678\/revisions\/799"}],"wp:attachment":[{"href":"https:\/\/yalinkayacosmetic.com\/tr\/wp-json\/wp\/v2\/media?parent=678"}],"curies":[{"name":"wp","href":"https:\/\/api.w.org\/{rel}","templated":true}]}}