{"id":656,"date":"2026-01-29T19:40:22","date_gmt":"2026-01-29T16:40:22","guid":{"rendered":"https:\/\/yalinkayacosmetic.com\/tr\/?page_id=656"},"modified":"2026-01-30T13:06:46","modified_gmt":"2026-01-30T10:06:46","slug":"fason-kozmetik-urunu-uretimi-gruplarimiz","status":"publish","type":"page","link":"https:\/\/yalinkayacosmetic.com\/tr\/fason-kozmetik-urunu-uretimi-gruplarimiz\/","title":{"rendered":"T\u00fcrkiye&#8217;de Fason Kozmetik \u00dcr\u00fcn\u00fc \u00dcretimi Gruplar\u0131m\u0131z"},"content":{"rendered":"<div class=\"wpb-content-wrapper\"><p>[vc_row][vc_column][vc_column_text css=&#8221;&#8221;]<\/p>\n<h3 data-start=\"502\" data-end=\"561\"><strong data-start=\"506\" data-end=\"561\">Fason Kozmetik \u00dcretimi ile Markan\u0131z\u0131 Hayata Ge\u00e7irin<\/strong><\/h3>\n<p data-start=\"562\" data-end=\"671\">Cilt bak\u0131m\u0131ndan parf\u00fcme, sa\u00e7 bak\u0131m\u0131ndan bebek \u00fcr\u00fcnlerine kadar geni\u015f \u00fcr\u00fcn gruplar\u0131nda fason \u00fcretim yap\u0131yoruz. A\u015fa\u011f\u0131da ilgilendi\u011finiz \u00fcr\u00fcn grubu i\u00e7erisine girerek detayl\u0131 bilgi alabilirsiniz.<\/p>\n<p>[\/vc_column_text][\/vc_column][\/vc_row][vc_row gap=&#8221;5&#8243; css=&#8221;.vc_custom_1769708376378{margin-top: 50px !important;margin-bottom: 50px !important;}&#8221;][vc_column width=&#8221;1\/2&#8243; css=&#8221;.vc_custom_1769708308050{background-color: #F5F5F5 !important;}&#8221;][vc_row_inner equal_height=&#8221;yes&#8221; content_placement=&#8221;middle&#8221;][vc_column_inner width=&#8221;1\/4&#8243; offset=&#8221;vc_col-xs-4&#8243;][vc_single_image image=&#8221;579&#8243; img_size=&#8221;full&#8221; alignment=&#8221;center&#8221; onclick=&#8221;custom_link&#8221; css=&#8221;&#8221; link=&#8221;https:\/\/yalinkayacosmetic.com\/tr\/fason-beyazlatici-whitening-kozmetik-uretimi\/&#8221;][\/vc_column_inner][vc_column_inner width=&#8221;3\/4&#8243; offset=&#8221;vc_col-xs-8&#8243;][vc_custom_heading text=&#8221;Beyazlat\u0131c\u0131 Kozmetik \u00dcretimi&#8221; use_theme_fonts=&#8221;yes&#8221; css=&#8221;&#8221; link=&#8221;url:https%3A%2F%2Fyalinkayacosmetic.com\/tr%2Ffason-beyazlatici-whitening-kozmetik-uretimi%2F|title:Fason%20Beyazlat%C4%B1c%C4%B1%20(Whitening)%20Kozmetik%20%C3%9Cretimi&#8221;][vc_column_text css=&#8221;&#8221;]Beyazlatma (Whitening) \u00fcr\u00fcnleri \u00fcretimi[\/vc_column_text][\/vc_column_inner][\/vc_row_inner][\/vc_column][vc_column width=&#8221;1\/2&#8243; css=&#8221;.vc_custom_1769708345793{background-color: #F5F5F5 !important;}&#8221;][vc_row_inner equal_height=&#8221;yes&#8221; content_placement=&#8221;middle&#8221;][vc_column_inner width=&#8221;1\/4&#8243; offset=&#8221;vc_col-xs-4&#8243;][vc_single_image image=&#8221;581&#8243; img_size=&#8221;full&#8221; alignment=&#8221;center&#8221; onclick=&#8221;custom_link&#8221; css=&#8221;&#8221; link=&#8221;https:\/\/yalinkayacosmetic.com\/tr\/fason-cilt-bakim-kozmetik-uretimi\/&#8221;][\/vc_column_inner][vc_column_inner width=&#8221;3\/4&#8243; offset=&#8221;vc_col-xs-8&#8243;][vc_custom_heading text=&#8221;Cilt Bak\u0131m Kozmetik \u00dcretimi&#8221; use_theme_fonts=&#8221;yes&#8221; css=&#8221;&#8221; link=&#8221;url:https%3A%2F%2Fyalinkayacosmetic.com\/tr%2Ffason-cilt-bakim-kozmetik-uretimi%2F|title:Fason%20Cilt%20Bak%C4%B1m%20Kozmetik%20%C3%9Cretimi&#8221;][vc_column_text css=&#8221;&#8221;]Ya\u015flanma Kar\u015f\u0131t\u0131, G\u00fcne\u015f Kremi, Kendi Kendine Bronzla\u015fma[\/vc_column_text][\/vc_column_inner][\/vc_row_inner][\/vc_column][\/vc_row][vc_row gap=&#8221;5&#8243; css=&#8221;.vc_custom_1769708407947{margin-top: 50px !important;margin-bottom: 50px !important;}&#8221;][vc_column width=&#8221;1\/2&#8243; css=&#8221;.vc_custom_1769708396071{background-color: #F5F5F5 !important;}&#8221;][vc_row_inner equal_height=&#8221;yes&#8221; content_placement=&#8221;middle&#8221;][vc_column_inner width=&#8221;1\/4&#8243; offset=&#8221;vc_col-xs-4&#8243;][vc_single_image image=&#8221;584&#8243; img_size=&#8221;full&#8221; alignment=&#8221;center&#8221; onclick=&#8221;custom_link&#8221; css=&#8221;&#8221; link=&#8221;https:\/\/yalinkayacosmetic.com\/tr\/fason-sac-bakim-kozmetik-uretimi\/&#8221;][\/vc_column_inner][vc_column_inner width=&#8221;3\/4&#8243; offset=&#8221;vc_col-xs-8&#8243;][vc_custom_heading text=&#8221;Sa\u00e7 Bak\u0131m Kozmetik \u00dcretimi&#8221; use_theme_fonts=&#8221;yes&#8221; css=&#8221;&#8221; link=&#8221;url:https%3A%2F%2Fyalinkayacosmetic.com\/tr%2Ffason-sac-bakim-kozmetik-uretimi%2F|title:Fason%20Sa%C3%A7%20Bak%C4%B1m%20Kozmetik%20%C3%9Cretimi&#8221;][vc_column_text css=&#8221;&#8221;]\u015eampuan, Sa\u00e7 Kremi, Sa\u00e7 Ya\u011f\u0131, Sa\u00e7 Maskesi, Sa\u00e7 Uzatma, Sa\u00e7 Derisi Bak\u0131m\u0131, Keratin D\u00fczle\u015ftirme[\/vc_column_text][\/vc_column_inner][\/vc_row_inner][\/vc_column][vc_column width=&#8221;1\/2&#8243; css=&#8221;.vc_custom_1769708402498{background-color: #F5F5F5 !important;}&#8221;][vc_row_inner equal_height=&#8221;yes&#8221; content_placement=&#8221;middle&#8221;][vc_column_inner width=&#8221;1\/4&#8243; offset=&#8221;vc_col-xs-4&#8243;][vc_single_image image=&#8221;585&#8243; img_size=&#8221;full&#8221; alignment=&#8221;center&#8221; onclick=&#8221;custom_link&#8221; css=&#8221;&#8221; link=&#8221;https:\/\/yalinkayacosmetic.com\/tr\/fason-vucut-bakim-kozmetik-uretimi\/&#8221;][\/vc_column_inner][vc_column_inner width=&#8221;3\/4&#8243; offset=&#8221;vc_col-xs-8&#8243;][vc_custom_heading text=&#8221;V\u00fccut Bak\u0131m Kozmetik \u00dcretimi&#8221; use_theme_fonts=&#8221;yes&#8221; css=&#8221;&#8221; link=&#8221;url:https%3A%2F%2Fyalinkayacosmetic.com\/tr%2Ffason-vucut-bakim-kozmetik-uretimi%2F|title:Fason%20V%C3%BCcut%20Bak%C4%B1m%20Kozmetik%20%C3%9Cretimi&#8221;][vc_column_text css=&#8221;&#8221;]T\u00fcy D\u00f6k\u00fcc\u00fc Krem, V\u00fccut Losyonu, V\u00fccut Y\u0131kama Jeli, V\u00fccut Ya\u011f\u0131, V\u00fccut Peelingi, Masaj Ya\u011f\u0131, El Kremi, Ayak Maskesi[\/vc_column_text][\/vc_column_inner][\/vc_row_inner][\/vc_column][\/vc_row][vc_row gap=&#8221;5&#8243; css=&#8221;.vc_custom_1769708426630{margin-top: 50px !important;margin-bottom: 50px !important;}&#8221;][vc_column width=&#8221;1\/2&#8243; css=&#8221;.vc_custom_1769708416928{background-color: #F5F5F5 !important;}&#8221;][vc_row_inner equal_height=&#8221;yes&#8221; content_placement=&#8221;middle&#8221;][vc_column_inner width=&#8221;1\/4&#8243; offset=&#8221;vc_col-xs-4&#8243;][vc_single_image image=&#8221;586&#8243; img_size=&#8221;full&#8221; alignment=&#8221;center&#8221; onclick=&#8221;custom_link&#8221; css=&#8221;&#8221; link=&#8221;https:\/\/yalinkayacosmetic.com\/tr\/fason-yuz-bakimi-kozmetik-uretimi\/&#8221;][\/vc_column_inner][vc_column_inner width=&#8221;3\/4&#8243; offset=&#8221;vc_col-xs-8&#8243;][vc_custom_heading text=&#8221;Y\u00fcz Bak\u0131m\u0131 Kozmetik \u00dcretimi&#8221; use_theme_fonts=&#8221;yes&#8221; css=&#8221;&#8221; link=&#8221;url:https%3A%2F%2Fyalinkayacosmetic.com\/tr%2Ffason-yuz-bakimi-kozmetik-uretimi%2F|title:Fason%20Y%C3%BCz%20Bak%C4%B1m%C4%B1%20Kozmetik%20%C3%9Cretimi&#8221;][vc_column_text css=&#8221;&#8221;]Y\u00fcz Temizleyici, Makyaj Temizleyici, Y\u00fcz Toneri, Y\u00fcz Kremi, Y\u00fcz Serumu, Y\u00fcz Maskesi, Y\u00fcz Peelingi, Cilt Bak\u0131m Seti[\/vc_column_text][\/vc_column_inner][\/vc_row_inner][\/vc_column][vc_column width=&#8221;1\/2&#8243; css=&#8221;.vc_custom_1769708422251{background-color: #F5F5F5 !important;}&#8221;][vc_row_inner equal_height=&#8221;yes&#8221; content_placement=&#8221;middle&#8221;][vc_column_inner width=&#8221;1\/4&#8243; offset=&#8221;vc_col-xs-4&#8243;][vc_single_image image=&#8221;587&#8243; img_size=&#8221;full&#8221; alignment=&#8221;center&#8221; onclick=&#8221;custom_link&#8221; css=&#8221;&#8221; link=&#8221;https:\/\/yalinkayacosmetic.com\/tr\/fason-sac-boyasi-kozmetik-uretimi\/&#8221;][\/vc_column_inner][vc_column_inner width=&#8221;3\/4&#8243; offset=&#8221;vc_col-xs-8&#8243;][vc_custom_heading text=&#8221;Sa\u00e7 Boyas\u0131 Kozmetik \u00dcretimi&#8221; use_theme_fonts=&#8221;yes&#8221; css=&#8221;&#8221; link=&#8221;url:https%3A%2F%2Fyalinkayacosmetic.com\/tr%2Ffason-sac-boyasi-kozmetik-uretimi%2F|title:Fason%20Sa%C3%A7%20Boyas%C4%B1%20Kozmetik%20%C3%9Cretimi&#8221;][vc_column_text css=&#8221;&#8221;]Amonyaks\u0131z Sa\u00e7 Boyas\u0131, Kal\u0131c\u0131 Sa\u00e7 Boyas\u0131, Yar\u0131 Kal\u0131c\u0131 Sa\u00e7 Boyas\u0131, Oksidan, Sabitleyici Sa\u00e7 Boyas\u0131[\/vc_column_text][\/vc_column_inner][\/vc_row_inner][\/vc_column][\/vc_row][vc_row gap=&#8221;5&#8243; css=&#8221;.vc_custom_1769708443938{margin-top: 50px !important;margin-bottom: 50px !important;}&#8221;][vc_column width=&#8221;1\/2&#8243; css=&#8221;.vc_custom_1769708434468{background-color: #F5F5F5 !important;}&#8221;][vc_row_inner equal_height=&#8221;yes&#8221; content_placement=&#8221;middle&#8221;][vc_column_inner width=&#8221;1\/4&#8243; offset=&#8221;vc_col-xs-4&#8243;][vc_single_image image=&#8221;588&#8243; img_size=&#8221;full&#8221; alignment=&#8221;center&#8221; onclick=&#8221;custom_link&#8221; css=&#8221;&#8221; link=&#8221;https:\/\/yalinkayacosmetic.com\/tr\/fason-erkek-berber-kozmetik-uretimi\/&#8221;][\/vc_column_inner][vc_column_inner width=&#8221;3\/4&#8243; offset=&#8221;vc_col-xs-8&#8243;][vc_custom_heading text=&#8221;Erkek &amp; Berber Kozmetik \u00dcretimi&#8221; use_theme_fonts=&#8221;yes&#8221; css=&#8221;&#8221; link=&#8221;url:https%3A%2F%2Fyalinkayacosmetic.com\/tr%2Ffason-erkek-berber-kozmetik-uretimi%2F|title:Fason%20Erkek%20%26%20Berber%20Kozmetik%20%C3%9Cretimi&#8221;][vc_column_text css=&#8221;&#8221;]Sakal \u00dcr\u00fcnleri, Erkek \u00dcr\u00fcnleri[\/vc_column_text][\/vc_column_inner][\/vc_row_inner][\/vc_column][vc_column width=&#8221;1\/2&#8243; css=&#8221;.vc_custom_1769708440359{background-color: #F5F5F5 !important;}&#8221;][vc_row_inner equal_height=&#8221;yes&#8221; content_placement=&#8221;middle&#8221;][vc_column_inner width=&#8221;1\/4&#8243; offset=&#8221;vc_col-xs-4&#8243;][vc_single_image image=&#8221;589&#8243; img_size=&#8221;full&#8221; alignment=&#8221;center&#8221; onclick=&#8221;custom_link&#8221; css=&#8221;&#8221; link=&#8221;https:\/\/yalinkayacosmetic.com\/tr\/fason-anne-bebek-cocuk-kozmetik-uretimi\/&#8221;][\/vc_column_inner][vc_column_inner width=&#8221;3\/4&#8243; offset=&#8221;vc_col-xs-8&#8243;][vc_custom_heading text=&#8221;Anne Bebek \u00c7ocuk Kozmetik \u00dcretimi&#8221; use_theme_fonts=&#8221;yes&#8221; css=&#8221;&#8221; link=&#8221;url:https%3A%2F%2Fyalinkayacosmetic.com\/tr%2Ffason-anne-bebek-cocuk-kozmetik-uretimi%2F|title:Fason%20Anne%20Bebek%20%C3%87ocuk%20Kozmetik%20%C3%9Cretimi&#8221;][vc_column_text css=&#8221;&#8221;]Bebek Ya\u011f\u0131, Bebek Losyonu, Ba\u015ftan Aya\u011fa Y\u0131kama Jeli, Pi\u015fik Kremi, Hamilelik Cilt Bak\u0131m\u0131[\/vc_column_text][\/vc_column_inner][\/vc_row_inner][\/vc_column][\/vc_row][vc_row gap=&#8221;5&#8243; css=&#8221;.vc_custom_1769708451397{margin-top: 50px !important;margin-bottom: 50px !important;}&#8221;][vc_column width=&#8221;1\/2&#8243; css=&#8221;.vc_custom_1769708457735{background-color: #F5F5F5 !important;}&#8221;][vc_row_inner equal_height=&#8221;yes&#8221; content_placement=&#8221;middle&#8221;][vc_column_inner width=&#8221;1\/4&#8243; offset=&#8221;vc_col-xs-4&#8243;][vc_single_image image=&#8221;590&#8243; img_size=&#8221;full&#8221; alignment=&#8221;center&#8221; onclick=&#8221;custom_link&#8221; css=&#8221;&#8221; link=&#8221;https:\/\/yalinkayacosmetic.com\/tr\/fason-parfum-uretimi\/&#8221;][\/vc_column_inner][vc_column_inner width=&#8221;3\/4&#8243; offset=&#8221;vc_col-xs-8&#8243;][vc_custom_heading text=&#8221;Parf\u00fcm \u00dcretimi&#8221; use_theme_fonts=&#8221;yes&#8221; css=&#8221;&#8221; link=&#8221;url:https%3A%2F%2Fyalinkayacosmetic.com\/tr%2Ffason-parfum-uretimi%2F|title:Fason%20Parf%C3%BCm%20%C3%9Cretimi&#8221;][vc_column_text css=&#8221;&#8221;]Parf\u00fcm, Bambu Oda Kokular\u0131, Hava Spreyleri, Kolonyalar, V\u00fccut Spreyleri[\/vc_column_text][\/vc_column_inner][\/vc_row_inner][\/vc_column][vc_column width=&#8221;1\/2&#8243; css=&#8221;.vc_custom_1769708464574{background-color: #F5F5F5 !important;}&#8221;][vc_row_inner equal_height=&#8221;yes&#8221; content_placement=&#8221;middle&#8221;][vc_column_inner width=&#8221;1\/4&#8243; offset=&#8221;vc_col-xs-4&#8243;][vc_single_image image=&#8221;600&#8243; img_size=&#8221;full&#8221; alignment=&#8221;center&#8221; css=&#8221;&#8221;][\/vc_column_inner][vc_column_inner width=&#8221;3\/4&#8243; offset=&#8221;vc_col-xs-8&#8243;][vc_custom_heading text=&#8221;Di\u011fer \u00dcr\u00fcnler Kozmetik \u00dcretimi&#8221; use_theme_fonts=&#8221;yes&#8221; css=&#8221;&#8221;][vc_column_text css=&#8221;&#8221;]\u0130htiya\u00e7 duydu\u011funuz di\u011fer \u00fcr\u00fcn gruplar\u0131.[\/vc_column_text][\/vc_column_inner][\/vc_row_inner][\/vc_column][\/vc_row][vc_row][vc_column width=&#8221;1\/2&#8243;][vc_single_image image=&#8221;781&#8243; img_size=&#8221;full&#8221; alignment=&#8221;center&#8221; onclick=&#8221;custom_link&#8221; css_animation=&#8221;fadeInLeft&#8221; css=&#8221;&#8221; link=&#8221;https:\/\/wa.me\/905524451818&#8243;][\/vc_column][vc_column width=&#8221;1\/2&#8243;][vc_single_image image=&#8221;780&#8243; img_size=&#8221;full&#8221; alignment=&#8221;center&#8221; onclick=&#8221;custom_link&#8221; css_animation=&#8221;fadeInRight&#8221; css=&#8221;&#8221; link=&#8221;tel:+905524451818&#8243;][\/vc_column][\/vc_row][vc_row][vc_column][vc_column_text css=&#8221;&#8221;][\/vc_column_text][\/vc_column][\/vc_row]<\/p>\n<\/div>","protected":false},"excerpt":{"rendered":"<p>[vc_row][vc_column][vc_column_text css=&#8221;&#8221;] Fason Kozmetik \u00dcretimi ile Markan\u0131z\u0131 Hayata Ge\u00e7irin Cilt bak\u0131m\u0131ndan parf\u00fcme, sa\u00e7 bak\u0131m\u0131ndan bebek \u00fcr\u00fcnlerine kadar geni\u015f \u00fcr\u00fcn gruplar\u0131nda fason \u00fcretim yap\u0131yoruz. A\u015fa\u011f\u0131da ilgilendi\u011finiz \u00fcr\u00fcn grubu i\u00e7erisine girerek detayl\u0131 bilgi alabilirsiniz. [\/vc_column_text][\/vc_column][\/vc_row][vc_row gap=&#8221;5&#8243; css=&#8221;.vc_custom_1769708376378{margin-top: 50px !important;margin-bottom: 50px !important;}&#8221;][vc_column width=&#8221;1\/2&#8243; css=&#8221;.vc_custom_1769708308050{background-color: #F5F5F5 !important;}&#8221;][vc_row_inner equal_height=&#8221;yes&#8221; content_placement=&#8221;middle&#8221;][vc_column_inner width=&#8221;1\/4&#8243; offset=&#8221;vc_col-xs-4&#8243;][vc_single_image image=&#8221;579&#8243; img_size=&#8221;full&#8221; alignment=&#8221;center&#8221; onclick=&#8221;custom_link&#8221; css=&#8221;&#8221; link=&#8221;https:\/\/yalinkayacosmetic.com\/tr\/fason-beyazlatici-whitening-kozmetik-uretimi\/&#8221;][\/vc_column_inner][vc_column_inner width=&#8221;3\/4&#8243; offset=&#8221;vc_col-xs-8&#8243;][vc_custom_heading text=&#8221;Beyazlat\u0131c\u0131 Kozmetik \u00dcretimi&#8221; use_theme_fonts=&#8221;yes&#8221; css=&#8221;&#8221; link=&#8221;url:https%3A%2F%2Fyalinkayacosmetic.com\/tr%2Ffason-beyazlatici-whitening-kozmetik-uretimi%2F|title:Fason%20Beyazlat%C4%B1c%C4%B1%20(Whitening)%20Kozmetik%20%C3%9Cretimi&#8221;][vc_column_text css=&#8221;&#8221;]Beyazlatma (Whitening) \u00fcr\u00fcnleri \u00fcretimi[\/vc_column_text][\/vc_column_inner][\/vc_row_inner][\/vc_column][vc_column width=&#8221;1\/2&#8243; css=&#8221;.vc_custom_1769708345793{background-color: #F5F5F5 !important;}&#8221;][vc_row_inner equal_height=&#8221;yes&#8221; content_placement=&#8221;middle&#8221;][vc_column_inner width=&#8221;1\/4&#8243; offset=&#8221;vc_col-xs-4&#8243;][vc_single_image image=&#8221;581&#8243; img_size=&#8221;full&#8221; alignment=&#8221;center&#8221; onclick=&#8221;custom_link&#8221; css=&#8221;&#8221; link=&#8221;https:\/\/yalinkayacosmetic.com\/tr\/fason-cilt-bakim-kozmetik-uretimi\/&#8221;][\/vc_column_inner][vc_column_inner width=&#8221;3\/4&#8243; offset=&#8221;vc_col-xs-8&#8243;][vc_custom_heading text=&#8221;Cilt Bak\u0131m Kozmetik \u00dcretimi&#8221; use_theme_fonts=&#8221;yes&#8221; css=&#8221;&#8221; link=&#8221;url:https%3A%2F%2Fyalinkayacosmetic.com\/tr%2Ffason-cilt-bakim-kozmetik-uretimi%2F|title:Fason%20Cilt%20Bak%C4%B1m%20Kozmetik%20%C3%9Cretimi&#8221;][vc_column_text css=&#8221;&#8221;]Ya\u015flanma Kar\u015f\u0131t\u0131, G\u00fcne\u015f Kremi, Kendi Kendine Bronzla\u015fma[\/vc_column_text][\/vc_column_inner][\/vc_row_inner][\/vc_column][\/vc_row][vc_row gap=&#8221;5&#8243; css=&#8221;.vc_custom_1769708407947{margin-top: 50px !important;margin-bottom: 50px [&hellip;]<\/p>\n","protected":false},"author":1,"featured_media":0,"parent":0,"menu_order":0,"comment_status":"closed","ping_status":"closed","template":"","meta":{"footnotes":""},"class_list":["post-656","page","type-page","status-publish","hentry"],"yoast_head":"<!-- This site is optimized with the Yoast SEO plugin v26.9 - https:\/\/yoast.com\/product\/yoast-seo-wordpress\/ -->\n<title>T\u00fcrkiye&#039;de Fason Kozmetik \u00dcr\u00fcn\u00fc \u00dcretimi Gruplar\u0131m\u0131z - Yal\u0131nkaya Kozmetik<\/title>\n<meta name=\"description\" content=\"T\u00fcrkiye\u2019de fason kozmetik \u00fcretimi yapt\u0131\u011f\u0131m\u0131z \u00fcr\u00fcn gruplar\u0131. Cilt bak\u0131m, sa\u00e7 bak\u0131m, parf\u00fcm, erkek ve bebek kozmetik \u00fcr\u00fcnleri \u00fcretimi.\" \/>\n<meta name=\"robots\" content=\"index, follow, max-snippet:-1, max-image-preview:large, max-video-preview:-1\" \/>\n<link rel=\"canonical\" href=\"https:\/\/yalinkayacosmetic.com\/tr\/fason-kozmetik-urunu-uretimi-gruplarimiz\/\" \/>\n<meta property=\"og:locale\" content=\"tr_TR\" \/>\n<meta property=\"og:type\" content=\"article\" \/>\n<meta property=\"og:title\" content=\"T\u00fcrkiye&#039;de Fason Kozmetik \u00dcr\u00fcn\u00fc \u00dcretimi Gruplar\u0131m\u0131z - Yal\u0131nkaya Kozmetik\" \/>\n<meta property=\"og:description\" content=\"T\u00fcrkiye\u2019de fason kozmetik \u00fcretimi yapt\u0131\u011f\u0131m\u0131z \u00fcr\u00fcn gruplar\u0131. Cilt bak\u0131m, sa\u00e7 bak\u0131m, parf\u00fcm, erkek ve bebek kozmetik \u00fcr\u00fcnleri \u00fcretimi.\" \/>\n<meta property=\"og:url\" content=\"https:\/\/yalinkayacosmetic.com\/tr\/fason-kozmetik-urunu-uretimi-gruplarimiz\/\" \/>\n<meta property=\"og:site_name\" content=\"Yal\u0131nkaya Kozmetik\" \/>\n<meta property=\"article:modified_time\" content=\"2026-01-30T10:06:46+00:00\" \/>\n<meta name=\"twitter:card\" content=\"summary_large_image\" \/>\n<meta name=\"twitter:label1\" content=\"Tahmini okuma s\u00fcresi\" \/>\n\t<meta name=\"twitter:data1\" content=\"5 dakika\" \/>\n<script type=\"application\/ld+json\" class=\"yoast-schema-graph\">{\"@context\":\"https:\/\/schema.org\",\"@graph\":[{\"@type\":\"WebPage\",\"@id\":\"https:\/\/yalinkayacosmetic.com\/tr\/fason-kozmetik-urunu-uretimi-gruplarimiz\/\",\"url\":\"https:\/\/yalinkayacosmetic.com\/tr\/fason-kozmetik-urunu-uretimi-gruplarimiz\/\",\"name\":\"T\u00fcrkiye'de Fason Kozmetik \u00dcr\u00fcn\u00fc \u00dcretimi Gruplar\u0131m\u0131z - Yal\u0131nkaya Kozmetik\",\"isPartOf\":{\"@id\":\"https:\/\/yalinkayacosmetic.com\/tr\/#website\"},\"datePublished\":\"2026-01-29T16:40:22+00:00\",\"dateModified\":\"2026-01-30T10:06:46+00:00\",\"description\":\"T\u00fcrkiye\u2019de fason kozmetik \u00fcretimi yapt\u0131\u011f\u0131m\u0131z \u00fcr\u00fcn gruplar\u0131. Cilt bak\u0131m, sa\u00e7 bak\u0131m, parf\u00fcm, erkek ve bebek kozmetik \u00fcr\u00fcnleri \u00fcretimi.\",\"breadcrumb\":{\"@id\":\"https:\/\/yalinkayacosmetic.com\/tr\/fason-kozmetik-urunu-uretimi-gruplarimiz\/#breadcrumb\"},\"inLanguage\":\"tr\",\"potentialAction\":[{\"@type\":\"ReadAction\",\"target\":[\"https:\/\/yalinkayacosmetic.com\/tr\/fason-kozmetik-urunu-uretimi-gruplarimiz\/\"]}]},{\"@type\":\"BreadcrumbList\",\"@id\":\"https:\/\/yalinkayacosmetic.com\/tr\/fason-kozmetik-urunu-uretimi-gruplarimiz\/#breadcrumb\",\"itemListElement\":[{\"@type\":\"ListItem\",\"position\":1,\"name\":\"Anasayfa\",\"item\":\"https:\/\/yalinkayacosmetic.com\/tr\/\"},{\"@type\":\"ListItem\",\"position\":2,\"name\":\"T\u00fcrkiye&#8217;de Fason Kozmetik \u00dcr\u00fcn\u00fc \u00dcretimi Gruplar\u0131m\u0131z\"}]},{\"@type\":\"WebSite\",\"@id\":\"https:\/\/yalinkayacosmetic.com\/tr\/#website\",\"url\":\"https:\/\/yalinkayacosmetic.com\/tr\/\",\"name\":\"Yal\u0131nkaya Kozmetik\",\"description\":\"\",\"publisher\":{\"@id\":\"https:\/\/yalinkayacosmetic.com\/tr\/#organization\"},\"potentialAction\":[{\"@type\":\"SearchAction\",\"target\":{\"@type\":\"EntryPoint\",\"urlTemplate\":\"https:\/\/yalinkayacosmetic.com\/tr\/?s={search_term_string}\"},\"query-input\":{\"@type\":\"PropertyValueSpecification\",\"valueRequired\":true,\"valueName\":\"search_term_string\"}}],\"inLanguage\":\"tr\"},{\"@type\":\"Organization\",\"@id\":\"https:\/\/yalinkayacosmetic.com\/tr\/#organization\",\"name\":\"Yal\u0131nkaya Kozmetik\",\"url\":\"https:\/\/yalinkayacosmetic.com\/tr\/\",\"logo\":{\"@type\":\"ImageObject\",\"inLanguage\":\"tr\",\"@id\":\"https:\/\/yalinkayacosmetic.com\/tr\/#\/schema\/logo\/image\/\",\"url\":\"https:\/\/yalinkayacosmetic.com\/tr\/wp-content\/uploads\/2026\/01\/logo-yalinkaya-siyah-488-72.png\",\"contentUrl\":\"https:\/\/yalinkayacosmetic.com\/tr\/wp-content\/uploads\/2026\/01\/logo-yalinkaya-siyah-488-72.png\",\"width\":488,\"height\":72,\"caption\":\"Yal\u0131nkaya Kozmetik\"},\"image\":{\"@id\":\"https:\/\/yalinkayacosmetic.com\/tr\/#\/schema\/logo\/image\/\"}}]}<\/script>\n<!-- \/ Yoast SEO plugin. -->","yoast_head_json":{"title":"T\u00fcrkiye'de Fason Kozmetik \u00dcr\u00fcn\u00fc \u00dcretimi Gruplar\u0131m\u0131z - Yal\u0131nkaya Kozmetik","description":"T\u00fcrkiye\u2019de fason kozmetik \u00fcretimi yapt\u0131\u011f\u0131m\u0131z \u00fcr\u00fcn gruplar\u0131. Cilt bak\u0131m, sa\u00e7 bak\u0131m, parf\u00fcm, erkek ve bebek kozmetik \u00fcr\u00fcnleri \u00fcretimi.","robots":{"index":"index","follow":"follow","max-snippet":"max-snippet:-1","max-image-preview":"max-image-preview:large","max-video-preview":"max-video-preview:-1"},"canonical":"https:\/\/yalinkayacosmetic.com\/tr\/fason-kozmetik-urunu-uretimi-gruplarimiz\/","og_locale":"tr_TR","og_type":"article","og_title":"T\u00fcrkiye'de Fason Kozmetik \u00dcr\u00fcn\u00fc \u00dcretimi Gruplar\u0131m\u0131z - Yal\u0131nkaya Kozmetik","og_description":"T\u00fcrkiye\u2019de fason kozmetik \u00fcretimi yapt\u0131\u011f\u0131m\u0131z \u00fcr\u00fcn gruplar\u0131. Cilt bak\u0131m, sa\u00e7 bak\u0131m, parf\u00fcm, erkek ve bebek kozmetik \u00fcr\u00fcnleri \u00fcretimi.","og_url":"https:\/\/yalinkayacosmetic.com\/tr\/fason-kozmetik-urunu-uretimi-gruplarimiz\/","og_site_name":"Yal\u0131nkaya Kozmetik","article_modified_time":"2026-01-30T10:06:46+00:00","twitter_card":"summary_large_image","twitter_misc":{"Tahmini okuma s\u00fcresi":"5 dakika"},"schema":{"@context":"https:\/\/schema.org","@graph":[{"@type":"WebPage","@id":"https:\/\/yalinkayacosmetic.com\/tr\/fason-kozmetik-urunu-uretimi-gruplarimiz\/","url":"https:\/\/yalinkayacosmetic.com\/tr\/fason-kozmetik-urunu-uretimi-gruplarimiz\/","name":"T\u00fcrkiye'de Fason Kozmetik \u00dcr\u00fcn\u00fc \u00dcretimi Gruplar\u0131m\u0131z - Yal\u0131nkaya Kozmetik","isPartOf":{"@id":"https:\/\/yalinkayacosmetic.com\/tr\/#website"},"datePublished":"2026-01-29T16:40:22+00:00","dateModified":"2026-01-30T10:06:46+00:00","description":"T\u00fcrkiye\u2019de fason kozmetik \u00fcretimi yapt\u0131\u011f\u0131m\u0131z \u00fcr\u00fcn gruplar\u0131. Cilt bak\u0131m, sa\u00e7 bak\u0131m, parf\u00fcm, erkek ve bebek kozmetik \u00fcr\u00fcnleri \u00fcretimi.","breadcrumb":{"@id":"https:\/\/yalinkayacosmetic.com\/tr\/fason-kozmetik-urunu-uretimi-gruplarimiz\/#breadcrumb"},"inLanguage":"tr","potentialAction":[{"@type":"ReadAction","target":["https:\/\/yalinkayacosmetic.com\/tr\/fason-kozmetik-urunu-uretimi-gruplarimiz\/"]}]},{"@type":"BreadcrumbList","@id":"https:\/\/yalinkayacosmetic.com\/tr\/fason-kozmetik-urunu-uretimi-gruplarimiz\/#breadcrumb","itemListElement":[{"@type":"ListItem","position":1,"name":"Anasayfa","item":"https:\/\/yalinkayacosmetic.com\/tr\/"},{"@type":"ListItem","position":2,"name":"T\u00fcrkiye&#8217;de Fason Kozmetik \u00dcr\u00fcn\u00fc \u00dcretimi Gruplar\u0131m\u0131z"}]},{"@type":"WebSite","@id":"https:\/\/yalinkayacosmetic.com\/tr\/#website","url":"https:\/\/yalinkayacosmetic.com\/tr\/","name":"Yal\u0131nkaya Kozmetik","description":"","publisher":{"@id":"https:\/\/yalinkayacosmetic.com\/tr\/#organization"},"potentialAction":[{"@type":"SearchAction","target":{"@type":"EntryPoint","urlTemplate":"https:\/\/yalinkayacosmetic.com\/tr\/?s={search_term_string}"},"query-input":{"@type":"PropertyValueSpecification","valueRequired":true,"valueName":"search_term_string"}}],"inLanguage":"tr"},{"@type":"Organization","@id":"https:\/\/yalinkayacosmetic.com\/tr\/#organization","name":"Yal\u0131nkaya Kozmetik","url":"https:\/\/yalinkayacosmetic.com\/tr\/","logo":{"@type":"ImageObject","inLanguage":"tr","@id":"https:\/\/yalinkayacosmetic.com\/tr\/#\/schema\/logo\/image\/","url":"https:\/\/yalinkayacosmetic.com\/tr\/wp-content\/uploads\/2026\/01\/logo-yalinkaya-siyah-488-72.png","contentUrl":"https:\/\/yalinkayacosmetic.com\/tr\/wp-content\/uploads\/2026\/01\/logo-yalinkaya-siyah-488-72.png","width":488,"height":72,"caption":"Yal\u0131nkaya Kozmetik"},"image":{"@id":"https:\/\/yalinkayacosmetic.com\/tr\/#\/schema\/logo\/image\/"}}]}},"_links":{"self":[{"href":"https:\/\/yalinkayacosmetic.com\/tr\/wp-json\/wp\/v2\/pages\/656","targetHints":{"allow":["GET"]}}],"collection":[{"href":"https:\/\/yalinkayacosmetic.com\/tr\/wp-json\/wp\/v2\/pages"}],"about":[{"href":"https:\/\/yalinkayacosmetic.com\/tr\/wp-json\/wp\/v2\/types\/page"}],"author":[{"embeddable":true,"href":"https:\/\/yalinkayacosmetic.com\/tr\/wp-json\/wp\/v2\/users\/1"}],"replies":[{"embeddable":true,"href":"https:\/\/yalinkayacosmetic.com\/tr\/wp-json\/wp\/v2\/comments?post=656"}],"version-history":[{"count":9,"href":"https:\/\/yalinkayacosmetic.com\/tr\/wp-json\/wp\/v2\/pages\/656\/revisions"}],"predecessor-version":[{"id":796,"href":"https:\/\/yalinkayacosmetic.com\/tr\/wp-json\/wp\/v2\/pages\/656\/revisions\/796"}],"wp:attachment":[{"href":"https:\/\/yalinkayacosmetic.com\/tr\/wp-json\/wp\/v2\/media?parent=656"}],"curies":[{"name":"wp","href":"https:\/\/api.w.org\/{rel}","templated":true}]}}