{"id":651,"date":"2026-01-29T19:35:26","date_gmt":"2026-01-29T16:35:26","guid":{"rendered":"https:\/\/yalinkayacosmetic.com\/tr\/?page_id=651"},"modified":"2026-01-30T13:07:42","modified_gmt":"2026-01-30T10:07:42","slug":"fason-kozmetik-uretiminde-nasil-calisiyoruz","status":"publish","type":"page","link":"https:\/\/yalinkayacosmetic.com\/tr\/fason-kozmetik-uretiminde-nasil-calisiyoruz\/","title":{"rendered":"Fason Kozmetik \u00dcretiminde Nas\u0131l \u00c7al\u0131\u015f\u0131yoruz"},"content":{"rendered":"<div class=\"wpb-content-wrapper\"><p>[vc_row][vc_column width=&#8221;1\/2&#8243;][vc_single_image image=&#8221;652&#8243; img_size=&#8221;full&#8221; alignment=&#8221;center&#8221; css=&#8221;&#8221;][\/vc_column][vc_column width=&#8221;1\/2&#8243;][vc_custom_heading text=&#8221;Sizin Ad\u0131n\u0131za \u00dcretece\u011fimiz \u00dcr\u00fcnde Nas\u0131l \u00c7al\u0131\u015f\u0131yoruz&#8221; use_theme_fonts=&#8221;yes&#8221; css=&#8221;&#8221;][vc_column_text css=&#8221;&#8221;]<strong>Toplant\u0131<\/strong><\/p>\n<p data-start=\"342\" data-end=\"523\">\u0130htiya\u00e7lar\u0131n\u0131z\u0131, hedef kitlenizi ve \u00fcretmek istedi\u011finiz \u00fcr\u00fcn grubunu netle\u015ftirmek i\u00e7in k\u0131sa bir \u00f6n g\u00f6r\u00fc\u015fme yap\u0131yoruz. Bu a\u015famada beklentilerinizi ve \u00fcretim hedeflerinizi dinliyoruz.<\/p>\n<p><strong>Form\u00fclasyon<\/strong><\/p>\n<p data-start=\"551\" data-end=\"707\">\u00dcretilecek \u00fcr\u00fcn i\u00e7in i\u00e7erik, kullan\u0131m amac\u0131 ve kalite kriterlerine uygun form\u00fclasyon \u00e7al\u0131\u015fmas\u0131 yap\u0131l\u0131r. Mevzuata ve standartlara uygun i\u00e7erikler belirlenir.<\/p>\n<p><strong>\u00d6rnek \u00dcr\u00fcn \u00dcretimi<\/strong><\/p>\n<p data-start=\"742\" data-end=\"870\">Belirlenen form\u00fcle g\u00f6re numune \u00fcretimi ger\u00e7ekle\u015ftirilir. \u00dcr\u00fcn\u00fcn doku, koku ve performans \u00f6zellikleri bu a\u015famada de\u011ferlendirilir.<\/p>\n<p><strong>\u00dcr\u00fcn Tasar\u0131m\u0131<\/strong><\/p>\n<p data-start=\"900\" data-end=\"1011\">Ambalaj, etiket ve \u00fcr\u00fcn sunumu markan\u0131za uygun \u015fekilde planlan\u0131r. \u0130stenirse tasar\u0131m ve etiket deste\u011fi sa\u011flan\u0131r.<\/p>\n<p><strong>\u00dcretim<\/strong><\/p>\n<p data-start=\"1034\" data-end=\"1158\">Onaylanan form\u00fcl ve tasar\u0131ma g\u00f6re seri \u00fcretim s\u00fcrecine ge\u00e7ilir. \u00dcretim, kalite standartlar\u0131na uygun olarak ger\u00e7ekle\u015ftirilir.<\/p>\n<p><strong>Test<\/strong><\/p>\n<p data-start=\"1179\" data-end=\"1293\">\u00dcr\u00fcnler gerekli kalite kontrollerinden ge\u00e7irilir. Stabilite ve uygunluk testleri ile \u00fcretim g\u00fcvence alt\u0131na al\u0131n\u0131r.<\/p>\n<p><strong>Paketleme<\/strong><\/p>\n<p data-start=\"1319\" data-end=\"1412\">\u00dcr\u00fcnler dolum, etiketleme ve paketleme s\u00fcre\u00e7lerinden ge\u00e7irilerek sat\u0131\u015fa haz\u0131r hale getirilir.<\/p>\n<p><strong>Kay\u0131t Deste\u011fi<\/strong><\/p>\n<p data-start=\"1442\" data-end=\"1564\">\u00dcr\u00fcnlerin yasal s\u00fcre\u00e7leri i\u00e7in gerekli kay\u0131t ve bildirimlerde destek sa\u011flan\u0131r. T\u00fcrkiye mevzuat\u0131na uygun \u015fekilde ilerlenir.<\/p>\n<p><strong>Teslimat<\/strong><\/p>\n<p data-start=\"1589\" data-end=\"1665\">\u00dcretimi tamamlanan \u00fcr\u00fcnler, belirlenen adrese g\u00fcvenli \u015fekilde teslim edilir.<\/p>\n<p>[\/vc_column_text][\/vc_column][\/vc_row][vc_row][vc_column width=&#8221;1\/2&#8243;][vc_single_image image=&#8221;781&#8243; img_size=&#8221;full&#8221; alignment=&#8221;center&#8221; onclick=&#8221;custom_link&#8221; css_animation=&#8221;fadeInLeft&#8221; css=&#8221;&#8221; link=&#8221;https:\/\/wa.me\/905524451818&#8243;][\/vc_column][vc_column width=&#8221;1\/2&#8243;][vc_single_image image=&#8221;780&#8243; img_size=&#8221;full&#8221; alignment=&#8221;center&#8221; onclick=&#8221;custom_link&#8221; css_animation=&#8221;fadeInRight&#8221; css=&#8221;&#8221; link=&#8221;tel:+905524451818&#8243;][\/vc_column][\/vc_row][vc_row disable_element=&#8221;yes&#8221;][vc_column][vc_column_text css=&#8221;&#8221;]I am text block. Click edit button to change this text. Lorem ipsum dolor sit amet, consectetur adipiscing elit. Ut elit tellus, luctus nec ullamcorper mattis, pulvinar dapibus leo.[\/vc_column_text][\/vc_column][\/vc_row]<\/p>\n<\/div>","protected":false},"excerpt":{"rendered":"<p>[vc_row][vc_column width=&#8221;1\/2&#8243;][vc_single_image image=&#8221;652&#8243; img_size=&#8221;full&#8221; alignment=&#8221;center&#8221; css=&#8221;&#8221;][\/vc_column][vc_column width=&#8221;1\/2&#8243;][vc_custom_heading text=&#8221;Sizin Ad\u0131n\u0131za \u00dcretece\u011fimiz \u00dcr\u00fcnde Nas\u0131l \u00c7al\u0131\u015f\u0131yoruz&#8221; use_theme_fonts=&#8221;yes&#8221; css=&#8221;&#8221;][vc_column_text css=&#8221;&#8221;]Toplant\u0131 \u0130htiya\u00e7lar\u0131n\u0131z\u0131, hedef kitlenizi ve \u00fcretmek istedi\u011finiz \u00fcr\u00fcn grubunu netle\u015ftirmek i\u00e7in k\u0131sa bir \u00f6n g\u00f6r\u00fc\u015fme yap\u0131yoruz. Bu a\u015famada beklentilerinizi ve \u00fcretim hedeflerinizi dinliyoruz. Form\u00fclasyon \u00dcretilecek \u00fcr\u00fcn i\u00e7in i\u00e7erik, kullan\u0131m amac\u0131 ve kalite kriterlerine uygun form\u00fclasyon \u00e7al\u0131\u015fmas\u0131 yap\u0131l\u0131r. Mevzuata ve standartlara uygun i\u00e7erikler belirlenir. \u00d6rnek \u00dcr\u00fcn \u00dcretimi Belirlenen form\u00fcle g\u00f6re numune \u00fcretimi ger\u00e7ekle\u015ftirilir. \u00dcr\u00fcn\u00fcn doku, koku ve performans \u00f6zellikleri bu a\u015famada de\u011ferlendirilir. \u00dcr\u00fcn Tasar\u0131m\u0131 Ambalaj, etiket ve \u00fcr\u00fcn sunumu markan\u0131za uygun \u015fekilde planlan\u0131r. \u0130stenirse tasar\u0131m ve etiket deste\u011fi sa\u011flan\u0131r. \u00dcretim Onaylanan form\u00fcl ve tasar\u0131ma g\u00f6re seri [&hellip;]<\/p>\n","protected":false},"author":1,"featured_media":0,"parent":0,"menu_order":0,"comment_status":"closed","ping_status":"closed","template":"","meta":{"footnotes":""},"class_list":["post-651","page","type-page","status-publish","hentry"],"yoast_head":"<!-- This site is optimized with the Yoast SEO plugin v26.9 - https:\/\/yoast.com\/product\/yoast-seo-wordpress\/ -->\n<title>Fason Kozmetik \u00dcretiminde Nas\u0131l \u00c7al\u0131\u015f\u0131yoruz - Yal\u0131nkaya Kozmetik<\/title>\n<meta name=\"description\" content=\"Fason kozmetik \u00fcretiminde nas\u0131l \u00e7al\u0131\u015f\u0131yoruz? Toplant\u0131dan teslimata kadar \u00fcretim s\u00fcreci, kalite ve mevzuata uygun ad\u0131mlar hakk\u0131nda bilgi al\u0131n.\" \/>\n<meta name=\"robots\" content=\"index, follow, max-snippet:-1, max-image-preview:large, max-video-preview:-1\" \/>\n<link rel=\"canonical\" href=\"https:\/\/yalinkayacosmetic.com\/tr\/fason-kozmetik-uretiminde-nasil-calisiyoruz\/\" \/>\n<meta property=\"og:locale\" content=\"tr_TR\" \/>\n<meta property=\"og:type\" content=\"article\" \/>\n<meta property=\"og:title\" content=\"Fason Kozmetik \u00dcretiminde Nas\u0131l \u00c7al\u0131\u015f\u0131yoruz - Yal\u0131nkaya Kozmetik\" \/>\n<meta property=\"og:description\" content=\"Fason kozmetik \u00fcretiminde nas\u0131l \u00e7al\u0131\u015f\u0131yoruz? Toplant\u0131dan teslimata kadar \u00fcretim s\u00fcreci, kalite ve mevzuata uygun ad\u0131mlar hakk\u0131nda bilgi al\u0131n.\" \/>\n<meta property=\"og:url\" content=\"https:\/\/yalinkayacosmetic.com\/tr\/fason-kozmetik-uretiminde-nasil-calisiyoruz\/\" \/>\n<meta property=\"og:site_name\" content=\"Yal\u0131nkaya Kozmetik\" \/>\n<meta property=\"article:modified_time\" content=\"2026-01-30T10:07:42+00:00\" \/>\n<meta name=\"twitter:card\" content=\"summary_large_image\" \/>\n<meta name=\"twitter:label1\" content=\"Tahmini okuma s\u00fcresi\" \/>\n\t<meta name=\"twitter:data1\" content=\"2 dakika\" \/>\n<script type=\"application\/ld+json\" class=\"yoast-schema-graph\">{\"@context\":\"https:\/\/schema.org\",\"@graph\":[{\"@type\":\"WebPage\",\"@id\":\"https:\/\/yalinkayacosmetic.com\/tr\/fason-kozmetik-uretiminde-nasil-calisiyoruz\/\",\"url\":\"https:\/\/yalinkayacosmetic.com\/tr\/fason-kozmetik-uretiminde-nasil-calisiyoruz\/\",\"name\":\"Fason Kozmetik \u00dcretiminde Nas\u0131l \u00c7al\u0131\u015f\u0131yoruz - Yal\u0131nkaya Kozmetik\",\"isPartOf\":{\"@id\":\"https:\/\/yalinkayacosmetic.com\/tr\/#website\"},\"datePublished\":\"2026-01-29T16:35:26+00:00\",\"dateModified\":\"2026-01-30T10:07:42+00:00\",\"description\":\"Fason kozmetik \u00fcretiminde nas\u0131l \u00e7al\u0131\u015f\u0131yoruz? Toplant\u0131dan teslimata kadar \u00fcretim s\u00fcreci, kalite ve mevzuata uygun ad\u0131mlar hakk\u0131nda bilgi al\u0131n.\",\"breadcrumb\":{\"@id\":\"https:\/\/yalinkayacosmetic.com\/tr\/fason-kozmetik-uretiminde-nasil-calisiyoruz\/#breadcrumb\"},\"inLanguage\":\"tr\",\"potentialAction\":[{\"@type\":\"ReadAction\",\"target\":[\"https:\/\/yalinkayacosmetic.com\/tr\/fason-kozmetik-uretiminde-nasil-calisiyoruz\/\"]}]},{\"@type\":\"BreadcrumbList\",\"@id\":\"https:\/\/yalinkayacosmetic.com\/tr\/fason-kozmetik-uretiminde-nasil-calisiyoruz\/#breadcrumb\",\"itemListElement\":[{\"@type\":\"ListItem\",\"position\":1,\"name\":\"Anasayfa\",\"item\":\"https:\/\/yalinkayacosmetic.com\/tr\/\"},{\"@type\":\"ListItem\",\"position\":2,\"name\":\"Fason Kozmetik \u00dcretiminde Nas\u0131l \u00c7al\u0131\u015f\u0131yoruz\"}]},{\"@type\":\"WebSite\",\"@id\":\"https:\/\/yalinkayacosmetic.com\/tr\/#website\",\"url\":\"https:\/\/yalinkayacosmetic.com\/tr\/\",\"name\":\"Yal\u0131nkaya Kozmetik\",\"description\":\"\",\"publisher\":{\"@id\":\"https:\/\/yalinkayacosmetic.com\/tr\/#organization\"},\"potentialAction\":[{\"@type\":\"SearchAction\",\"target\":{\"@type\":\"EntryPoint\",\"urlTemplate\":\"https:\/\/yalinkayacosmetic.com\/tr\/?s={search_term_string}\"},\"query-input\":{\"@type\":\"PropertyValueSpecification\",\"valueRequired\":true,\"valueName\":\"search_term_string\"}}],\"inLanguage\":\"tr\"},{\"@type\":\"Organization\",\"@id\":\"https:\/\/yalinkayacosmetic.com\/tr\/#organization\",\"name\":\"Yal\u0131nkaya Kozmetik\",\"url\":\"https:\/\/yalinkayacosmetic.com\/tr\/\",\"logo\":{\"@type\":\"ImageObject\",\"inLanguage\":\"tr\",\"@id\":\"https:\/\/yalinkayacosmetic.com\/tr\/#\/schema\/logo\/image\/\",\"url\":\"https:\/\/yalinkayacosmetic.com\/tr\/wp-content\/uploads\/2026\/01\/logo-yalinkaya-siyah-488-72.png\",\"contentUrl\":\"https:\/\/yalinkayacosmetic.com\/tr\/wp-content\/uploads\/2026\/01\/logo-yalinkaya-siyah-488-72.png\",\"width\":488,\"height\":72,\"caption\":\"Yal\u0131nkaya Kozmetik\"},\"image\":{\"@id\":\"https:\/\/yalinkayacosmetic.com\/tr\/#\/schema\/logo\/image\/\"}}]}<\/script>\n<!-- \/ Yoast SEO plugin. -->","yoast_head_json":{"title":"Fason Kozmetik \u00dcretiminde Nas\u0131l \u00c7al\u0131\u015f\u0131yoruz - Yal\u0131nkaya Kozmetik","description":"Fason kozmetik \u00fcretiminde nas\u0131l \u00e7al\u0131\u015f\u0131yoruz? Toplant\u0131dan teslimata kadar \u00fcretim s\u00fcreci, kalite ve mevzuata uygun ad\u0131mlar hakk\u0131nda bilgi al\u0131n.","robots":{"index":"index","follow":"follow","max-snippet":"max-snippet:-1","max-image-preview":"max-image-preview:large","max-video-preview":"max-video-preview:-1"},"canonical":"https:\/\/yalinkayacosmetic.com\/tr\/fason-kozmetik-uretiminde-nasil-calisiyoruz\/","og_locale":"tr_TR","og_type":"article","og_title":"Fason Kozmetik \u00dcretiminde Nas\u0131l \u00c7al\u0131\u015f\u0131yoruz - Yal\u0131nkaya Kozmetik","og_description":"Fason kozmetik \u00fcretiminde nas\u0131l \u00e7al\u0131\u015f\u0131yoruz? Toplant\u0131dan teslimata kadar \u00fcretim s\u00fcreci, kalite ve mevzuata uygun ad\u0131mlar hakk\u0131nda bilgi al\u0131n.","og_url":"https:\/\/yalinkayacosmetic.com\/tr\/fason-kozmetik-uretiminde-nasil-calisiyoruz\/","og_site_name":"Yal\u0131nkaya Kozmetik","article_modified_time":"2026-01-30T10:07:42+00:00","twitter_card":"summary_large_image","twitter_misc":{"Tahmini okuma s\u00fcresi":"2 dakika"},"schema":{"@context":"https:\/\/schema.org","@graph":[{"@type":"WebPage","@id":"https:\/\/yalinkayacosmetic.com\/tr\/fason-kozmetik-uretiminde-nasil-calisiyoruz\/","url":"https:\/\/yalinkayacosmetic.com\/tr\/fason-kozmetik-uretiminde-nasil-calisiyoruz\/","name":"Fason Kozmetik \u00dcretiminde Nas\u0131l \u00c7al\u0131\u015f\u0131yoruz - Yal\u0131nkaya Kozmetik","isPartOf":{"@id":"https:\/\/yalinkayacosmetic.com\/tr\/#website"},"datePublished":"2026-01-29T16:35:26+00:00","dateModified":"2026-01-30T10:07:42+00:00","description":"Fason kozmetik \u00fcretiminde nas\u0131l \u00e7al\u0131\u015f\u0131yoruz? Toplant\u0131dan teslimata kadar \u00fcretim s\u00fcreci, kalite ve mevzuata uygun ad\u0131mlar hakk\u0131nda bilgi al\u0131n.","breadcrumb":{"@id":"https:\/\/yalinkayacosmetic.com\/tr\/fason-kozmetik-uretiminde-nasil-calisiyoruz\/#breadcrumb"},"inLanguage":"tr","potentialAction":[{"@type":"ReadAction","target":["https:\/\/yalinkayacosmetic.com\/tr\/fason-kozmetik-uretiminde-nasil-calisiyoruz\/"]}]},{"@type":"BreadcrumbList","@id":"https:\/\/yalinkayacosmetic.com\/tr\/fason-kozmetik-uretiminde-nasil-calisiyoruz\/#breadcrumb","itemListElement":[{"@type":"ListItem","position":1,"name":"Anasayfa","item":"https:\/\/yalinkayacosmetic.com\/tr\/"},{"@type":"ListItem","position":2,"name":"Fason Kozmetik \u00dcretiminde Nas\u0131l \u00c7al\u0131\u015f\u0131yoruz"}]},{"@type":"WebSite","@id":"https:\/\/yalinkayacosmetic.com\/tr\/#website","url":"https:\/\/yalinkayacosmetic.com\/tr\/","name":"Yal\u0131nkaya Kozmetik","description":"","publisher":{"@id":"https:\/\/yalinkayacosmetic.com\/tr\/#organization"},"potentialAction":[{"@type":"SearchAction","target":{"@type":"EntryPoint","urlTemplate":"https:\/\/yalinkayacosmetic.com\/tr\/?s={search_term_string}"},"query-input":{"@type":"PropertyValueSpecification","valueRequired":true,"valueName":"search_term_string"}}],"inLanguage":"tr"},{"@type":"Organization","@id":"https:\/\/yalinkayacosmetic.com\/tr\/#organization","name":"Yal\u0131nkaya Kozmetik","url":"https:\/\/yalinkayacosmetic.com\/tr\/","logo":{"@type":"ImageObject","inLanguage":"tr","@id":"https:\/\/yalinkayacosmetic.com\/tr\/#\/schema\/logo\/image\/","url":"https:\/\/yalinkayacosmetic.com\/tr\/wp-content\/uploads\/2026\/01\/logo-yalinkaya-siyah-488-72.png","contentUrl":"https:\/\/yalinkayacosmetic.com\/tr\/wp-content\/uploads\/2026\/01\/logo-yalinkaya-siyah-488-72.png","width":488,"height":72,"caption":"Yal\u0131nkaya Kozmetik"},"image":{"@id":"https:\/\/yalinkayacosmetic.com\/tr\/#\/schema\/logo\/image\/"}}]}},"_links":{"self":[{"href":"https:\/\/yalinkayacosmetic.com\/tr\/wp-json\/wp\/v2\/pages\/651","targetHints":{"allow":["GET"]}}],"collection":[{"href":"https:\/\/yalinkayacosmetic.com\/tr\/wp-json\/wp\/v2\/pages"}],"about":[{"href":"https:\/\/yalinkayacosmetic.com\/tr\/wp-json\/wp\/v2\/types\/page"}],"author":[{"embeddable":true,"href":"https:\/\/yalinkayacosmetic.com\/tr\/wp-json\/wp\/v2\/users\/1"}],"replies":[{"embeddable":true,"href":"https:\/\/yalinkayacosmetic.com\/tr\/wp-json\/wp\/v2\/comments?post=651"}],"version-history":[{"count":5,"href":"https:\/\/yalinkayacosmetic.com\/tr\/wp-json\/wp\/v2\/pages\/651\/revisions"}],"predecessor-version":[{"id":797,"href":"https:\/\/yalinkayacosmetic.com\/tr\/wp-json\/wp\/v2\/pages\/651\/revisions\/797"}],"wp:attachment":[{"href":"https:\/\/yalinkayacosmetic.com\/tr\/wp-json\/wp\/v2\/media?parent=651"}],"curies":[{"name":"wp","href":"https:\/\/api.w.org\/{rel}","templated":true}]}}