{"id":619,"date":"2026-01-29T15:07:28","date_gmt":"2026-01-29T12:07:28","guid":{"rendered":"https:\/\/yalinkayacosmetic.com\/tr\/?page_id=619"},"modified":"2026-01-30T13:04:44","modified_gmt":"2026-01-30T10:04:44","slug":"fason-sac-boyasi-kozmetik-uretimi","status":"publish","type":"page","link":"https:\/\/yalinkayacosmetic.com\/tr\/fason-sac-boyasi-kozmetik-uretimi\/","title":{"rendered":"Fason Sa\u00e7 Boyas\u0131 Kozmetik \u00dcretimi"},"content":{"rendered":"<div class=\"wpb-content-wrapper\"><p>[vc_row][vc_column][vc_single_image image=&#8221;754&#8243; img_size=&#8221;full&#8221; alignment=&#8221;center&#8221; css_animation=&#8221;fadeInUp&#8221; css=&#8221;&#8221;][\/vc_column][\/vc_row][vc_row][vc_column width=&#8221;1\/2&#8243;][vc_single_image image=&#8221;781&#8243; img_size=&#8221;full&#8221; alignment=&#8221;center&#8221; onclick=&#8221;custom_link&#8221; css_animation=&#8221;fadeInLeft&#8221; css=&#8221;&#8221; link=&#8221;https:\/\/wa.me\/905524451818&#8243;][\/vc_column][vc_column width=&#8221;1\/2&#8243;][vc_single_image image=&#8221;780&#8243; img_size=&#8221;full&#8221; alignment=&#8221;center&#8221; onclick=&#8221;custom_link&#8221; css_animation=&#8221;fadeInRight&#8221; css=&#8221;&#8221; link=&#8221;tel:+905524451818&#8243;][\/vc_column][\/vc_row][vc_row][vc_column width=&#8221;1\/2&#8243;][vc_custom_heading text=&#8221;T\u00fcrkiye\u2019de Fason Sa\u00e7 Boyas\u0131 Kozmetik \u00dcretimi&#8221; use_theme_fonts=&#8221;yes&#8221; css=&#8221;&#8221;][vc_column_text css=&#8221;&#8221;]<\/p>\n<p data-start=\"3068\" data-end=\"3171\">Profesyonel kullan\u0131m ve perakende sat\u0131\u015fa uygun <strong data-start=\"3115\" data-end=\"3152\">fason sa\u00e7 boyas\u0131 kozmetik \u00fcretimi<\/strong> hizmeti sunuyoruz.<\/p>\n<h3 data-start=\"3173\" data-end=\"3193\">\u00dcretilen \u00dcr\u00fcnler<\/h3>\n<ul data-start=\"3194\" data-end=\"3247\">\n<li data-start=\"3194\" data-end=\"3215\">\n<p data-start=\"3196\" data-end=\"3215\">Krem sa\u00e7 boyalar\u0131<\/p>\n<\/li>\n<li data-start=\"3216\" data-end=\"3247\">\n<p data-start=\"3218\" data-end=\"3247\">Profesyonel kuaf\u00f6r \u00fcr\u00fcnleri<\/p>\n<\/li>\n<\/ul>\n<p>[\/vc_column_text][\/vc_column][vc_column width=&#8221;1\/2&#8243;][vc_column_text css=&#8221;&#8221;]<strong>Neden Yal\u0131nkaya Kozmetik?<\/strong><\/p>\n<p>GMP standartlar\u0131nda \u00fcretim, numune imk\u00e2n\u0131 ve T\u00fcrkiye mevzuat\u0131na uygun s\u00fcre\u00e7ler.[\/vc_column_text][vc_column_text css=&#8221;&#8221;]<strong>Kalite ve Yasal S\u00fcre\u00e7ler<\/strong><\/p>\n<p>GMP \u00fcretim<\/p>\n<p>ISO standartlar\u0131<\/p>\n<p>T\u00fcrkiye mevzuat\u0131na uygun \u00fcretim<\/p>\n<p>Sa\u011fl\u0131k Bakanl\u0131\u011f\u0131 bildirim s\u00fcre\u00e7leri[\/vc_column_text][\/vc_column][\/vc_row][vc_row][vc_column width=&#8221;1\/2&#8243;][vc_column_text css=&#8221;&#8221;]<strong>\u00dcretim S\u00fcreci<\/strong><\/p>\n<p>\u0130htiya\u00e7 analizi<\/p>\n<p>\u0130\u00e7erik ve form\u00fcl se\u00e7imi<\/p>\n<p>Numune \u00fcretimi<\/p>\n<p>Ambalaj &amp; etiket tasar\u0131m\u0131<\/p>\n<p>Seri \u00fcretim<\/p>\n<p>T\u00fcrkiye i\u00e7i teslimat[\/vc_column_text][\/vc_column][vc_column width=&#8221;1\/2&#8243;][vc_column_text css=&#8221;&#8221;]<strong>Kimler \u0130\u00e7in Uygun?<\/strong><\/p>\n<p>Kendi kozmetik markas\u0131n\u0131 kurmak isteyen giri\u015fimciler<\/p>\n<p>E-ticaret yapan markalar<\/p>\n<p>Eczane ve klinik markalar\u0131<\/p>\n<p>Kuaf\u00f6r \/ berber zincirleri<\/p>\n<p>Influencer &amp; ki\u015fisel markalar[\/vc_column_text][\/vc_column][\/vc_row]<\/p>\n<\/div>","protected":false},"excerpt":{"rendered":"<p>[vc_row][vc_column][vc_single_image image=&#8221;754&#8243; img_size=&#8221;full&#8221; alignment=&#8221;center&#8221; css_animation=&#8221;fadeInUp&#8221; css=&#8221;&#8221;][\/vc_column][\/vc_row][vc_row][vc_column width=&#8221;1\/2&#8243;][vc_single_image image=&#8221;781&#8243; img_size=&#8221;full&#8221; alignment=&#8221;center&#8221; onclick=&#8221;custom_link&#8221; css_animation=&#8221;fadeInLeft&#8221; css=&#8221;&#8221; link=&#8221;https:\/\/wa.me\/905524451818&#8243;][\/vc_column][vc_column width=&#8221;1\/2&#8243;][vc_single_image image=&#8221;780&#8243; img_size=&#8221;full&#8221; alignment=&#8221;center&#8221; onclick=&#8221;custom_link&#8221; css_animation=&#8221;fadeInRight&#8221; css=&#8221;&#8221; link=&#8221;tel:+905524451818&#8243;][\/vc_column][\/vc_row][vc_row][vc_column width=&#8221;1\/2&#8243;][vc_custom_heading text=&#8221;T\u00fcrkiye\u2019de Fason Sa\u00e7 Boyas\u0131 Kozmetik \u00dcretimi&#8221; use_theme_fonts=&#8221;yes&#8221; css=&#8221;&#8221;][vc_column_text css=&#8221;&#8221;] Profesyonel kullan\u0131m ve perakende sat\u0131\u015fa uygun fason sa\u00e7 boyas\u0131 kozmetik \u00fcretimi hizmeti sunuyoruz. \u00dcretilen \u00dcr\u00fcnler Krem sa\u00e7 boyalar\u0131 Profesyonel kuaf\u00f6r \u00fcr\u00fcnleri [\/vc_column_text][\/vc_column][vc_column width=&#8221;1\/2&#8243;][vc_column_text css=&#8221;&#8221;]Neden Yal\u0131nkaya Kozmetik? GMP standartlar\u0131nda \u00fcretim, numune imk\u00e2n\u0131 ve T\u00fcrkiye mevzuat\u0131na uygun s\u00fcre\u00e7ler.[\/vc_column_text][vc_column_text css=&#8221;&#8221;]Kalite ve Yasal S\u00fcre\u00e7ler GMP \u00fcretim ISO standartlar\u0131 T\u00fcrkiye mevzuat\u0131na uygun \u00fcretim Sa\u011fl\u0131k Bakanl\u0131\u011f\u0131 bildirim s\u00fcre\u00e7leri[\/vc_column_text][\/vc_column][\/vc_row][vc_row][vc_column width=&#8221;1\/2&#8243;][vc_column_text css=&#8221;&#8221;]\u00dcretim S\u00fcreci \u0130htiya\u00e7 analizi \u0130\u00e7erik ve form\u00fcl se\u00e7imi Numune \u00fcretimi Ambalaj &amp; etiket tasar\u0131m\u0131 Seri [&hellip;]<\/p>\n","protected":false},"author":1,"featured_media":0,"parent":0,"menu_order":0,"comment_status":"closed","ping_status":"closed","template":"","meta":{"footnotes":""},"class_list":["post-619","page","type-page","status-publish","hentry"],"yoast_head":"<!-- This site is optimized with the Yoast SEO plugin v26.9 - https:\/\/yoast.com\/product\/yoast-seo-wordpress\/ -->\n<title>Fason Sa\u00e7 Boyas\u0131 Kozmetik \u00dcretimi - Yal\u0131nkaya Kozmetik<\/title>\n<meta name=\"description\" content=\"Fason sa\u00e7 boyas\u0131 kozmetik \u00fcretimi. Profesyonel ve perakende kullan\u0131ma uygun, mevzuata uygun \u00fcretim hizmeti.\" \/>\n<meta name=\"robots\" content=\"index, follow, max-snippet:-1, max-image-preview:large, max-video-preview:-1\" \/>\n<link rel=\"canonical\" href=\"https:\/\/yalinkayacosmetic.com\/tr\/fason-sac-boyasi-kozmetik-uretimi\/\" \/>\n<meta property=\"og:locale\" content=\"tr_TR\" \/>\n<meta property=\"og:type\" content=\"article\" \/>\n<meta property=\"og:title\" content=\"Fason Sa\u00e7 Boyas\u0131 Kozmetik \u00dcretimi - Yal\u0131nkaya Kozmetik\" \/>\n<meta property=\"og:description\" content=\"Fason sa\u00e7 boyas\u0131 kozmetik \u00fcretimi. Profesyonel ve perakende kullan\u0131ma uygun, mevzuata uygun \u00fcretim hizmeti.\" \/>\n<meta property=\"og:url\" content=\"https:\/\/yalinkayacosmetic.com\/tr\/fason-sac-boyasi-kozmetik-uretimi\/\" \/>\n<meta property=\"og:site_name\" content=\"Yal\u0131nkaya Kozmetik\" \/>\n<meta property=\"article:modified_time\" content=\"2026-01-30T10:04:44+00:00\" \/>\n<meta name=\"twitter:card\" content=\"summary_large_image\" \/>\n<meta name=\"twitter:label1\" content=\"Tahmini okuma s\u00fcresi\" \/>\n\t<meta name=\"twitter:data1\" content=\"1 dakika\" \/>\n<script type=\"application\/ld+json\" class=\"yoast-schema-graph\">{\"@context\":\"https:\/\/schema.org\",\"@graph\":[{\"@type\":\"WebPage\",\"@id\":\"https:\/\/yalinkayacosmetic.com\/tr\/fason-sac-boyasi-kozmetik-uretimi\/\",\"url\":\"https:\/\/yalinkayacosmetic.com\/tr\/fason-sac-boyasi-kozmetik-uretimi\/\",\"name\":\"Fason Sa\u00e7 Boyas\u0131 Kozmetik \u00dcretimi - Yal\u0131nkaya Kozmetik\",\"isPartOf\":{\"@id\":\"https:\/\/yalinkayacosmetic.com\/tr\/#website\"},\"datePublished\":\"2026-01-29T12:07:28+00:00\",\"dateModified\":\"2026-01-30T10:04:44+00:00\",\"description\":\"Fason sa\u00e7 boyas\u0131 kozmetik \u00fcretimi. Profesyonel ve perakende kullan\u0131ma uygun, mevzuata uygun \u00fcretim hizmeti.\",\"breadcrumb\":{\"@id\":\"https:\/\/yalinkayacosmetic.com\/tr\/fason-sac-boyasi-kozmetik-uretimi\/#breadcrumb\"},\"inLanguage\":\"tr\",\"potentialAction\":[{\"@type\":\"ReadAction\",\"target\":[\"https:\/\/yalinkayacosmetic.com\/tr\/fason-sac-boyasi-kozmetik-uretimi\/\"]}]},{\"@type\":\"BreadcrumbList\",\"@id\":\"https:\/\/yalinkayacosmetic.com\/tr\/fason-sac-boyasi-kozmetik-uretimi\/#breadcrumb\",\"itemListElement\":[{\"@type\":\"ListItem\",\"position\":1,\"name\":\"Anasayfa\",\"item\":\"https:\/\/yalinkayacosmetic.com\/tr\/\"},{\"@type\":\"ListItem\",\"position\":2,\"name\":\"Fason Sa\u00e7 Boyas\u0131 Kozmetik \u00dcretimi\"}]},{\"@type\":\"WebSite\",\"@id\":\"https:\/\/yalinkayacosmetic.com\/tr\/#website\",\"url\":\"https:\/\/yalinkayacosmetic.com\/tr\/\",\"name\":\"Yal\u0131nkaya Kozmetik\",\"description\":\"\",\"publisher\":{\"@id\":\"https:\/\/yalinkayacosmetic.com\/tr\/#organization\"},\"potentialAction\":[{\"@type\":\"SearchAction\",\"target\":{\"@type\":\"EntryPoint\",\"urlTemplate\":\"https:\/\/yalinkayacosmetic.com\/tr\/?s={search_term_string}\"},\"query-input\":{\"@type\":\"PropertyValueSpecification\",\"valueRequired\":true,\"valueName\":\"search_term_string\"}}],\"inLanguage\":\"tr\"},{\"@type\":\"Organization\",\"@id\":\"https:\/\/yalinkayacosmetic.com\/tr\/#organization\",\"name\":\"Yal\u0131nkaya Kozmetik\",\"url\":\"https:\/\/yalinkayacosmetic.com\/tr\/\",\"logo\":{\"@type\":\"ImageObject\",\"inLanguage\":\"tr\",\"@id\":\"https:\/\/yalinkayacosmetic.com\/tr\/#\/schema\/logo\/image\/\",\"url\":\"https:\/\/yalinkayacosmetic.com\/tr\/wp-content\/uploads\/2026\/01\/logo-yalinkaya-siyah-488-72.png\",\"contentUrl\":\"https:\/\/yalinkayacosmetic.com\/tr\/wp-content\/uploads\/2026\/01\/logo-yalinkaya-siyah-488-72.png\",\"width\":488,\"height\":72,\"caption\":\"Yal\u0131nkaya Kozmetik\"},\"image\":{\"@id\":\"https:\/\/yalinkayacosmetic.com\/tr\/#\/schema\/logo\/image\/\"}}]}<\/script>\n<!-- \/ Yoast SEO plugin. -->","yoast_head_json":{"title":"Fason Sa\u00e7 Boyas\u0131 Kozmetik \u00dcretimi - Yal\u0131nkaya Kozmetik","description":"Fason sa\u00e7 boyas\u0131 kozmetik \u00fcretimi. Profesyonel ve perakende kullan\u0131ma uygun, mevzuata uygun \u00fcretim hizmeti.","robots":{"index":"index","follow":"follow","max-snippet":"max-snippet:-1","max-image-preview":"max-image-preview:large","max-video-preview":"max-video-preview:-1"},"canonical":"https:\/\/yalinkayacosmetic.com\/tr\/fason-sac-boyasi-kozmetik-uretimi\/","og_locale":"tr_TR","og_type":"article","og_title":"Fason Sa\u00e7 Boyas\u0131 Kozmetik \u00dcretimi - Yal\u0131nkaya Kozmetik","og_description":"Fason sa\u00e7 boyas\u0131 kozmetik \u00fcretimi. Profesyonel ve perakende kullan\u0131ma uygun, mevzuata uygun \u00fcretim hizmeti.","og_url":"https:\/\/yalinkayacosmetic.com\/tr\/fason-sac-boyasi-kozmetik-uretimi\/","og_site_name":"Yal\u0131nkaya Kozmetik","article_modified_time":"2026-01-30T10:04:44+00:00","twitter_card":"summary_large_image","twitter_misc":{"Tahmini okuma s\u00fcresi":"1 dakika"},"schema":{"@context":"https:\/\/schema.org","@graph":[{"@type":"WebPage","@id":"https:\/\/yalinkayacosmetic.com\/tr\/fason-sac-boyasi-kozmetik-uretimi\/","url":"https:\/\/yalinkayacosmetic.com\/tr\/fason-sac-boyasi-kozmetik-uretimi\/","name":"Fason Sa\u00e7 Boyas\u0131 Kozmetik \u00dcretimi - Yal\u0131nkaya Kozmetik","isPartOf":{"@id":"https:\/\/yalinkayacosmetic.com\/tr\/#website"},"datePublished":"2026-01-29T12:07:28+00:00","dateModified":"2026-01-30T10:04:44+00:00","description":"Fason sa\u00e7 boyas\u0131 kozmetik \u00fcretimi. Profesyonel ve perakende kullan\u0131ma uygun, mevzuata uygun \u00fcretim hizmeti.","breadcrumb":{"@id":"https:\/\/yalinkayacosmetic.com\/tr\/fason-sac-boyasi-kozmetik-uretimi\/#breadcrumb"},"inLanguage":"tr","potentialAction":[{"@type":"ReadAction","target":["https:\/\/yalinkayacosmetic.com\/tr\/fason-sac-boyasi-kozmetik-uretimi\/"]}]},{"@type":"BreadcrumbList","@id":"https:\/\/yalinkayacosmetic.com\/tr\/fason-sac-boyasi-kozmetik-uretimi\/#breadcrumb","itemListElement":[{"@type":"ListItem","position":1,"name":"Anasayfa","item":"https:\/\/yalinkayacosmetic.com\/tr\/"},{"@type":"ListItem","position":2,"name":"Fason Sa\u00e7 Boyas\u0131 Kozmetik \u00dcretimi"}]},{"@type":"WebSite","@id":"https:\/\/yalinkayacosmetic.com\/tr\/#website","url":"https:\/\/yalinkayacosmetic.com\/tr\/","name":"Yal\u0131nkaya Kozmetik","description":"","publisher":{"@id":"https:\/\/yalinkayacosmetic.com\/tr\/#organization"},"potentialAction":[{"@type":"SearchAction","target":{"@type":"EntryPoint","urlTemplate":"https:\/\/yalinkayacosmetic.com\/tr\/?s={search_term_string}"},"query-input":{"@type":"PropertyValueSpecification","valueRequired":true,"valueName":"search_term_string"}}],"inLanguage":"tr"},{"@type":"Organization","@id":"https:\/\/yalinkayacosmetic.com\/tr\/#organization","name":"Yal\u0131nkaya Kozmetik","url":"https:\/\/yalinkayacosmetic.com\/tr\/","logo":{"@type":"ImageObject","inLanguage":"tr","@id":"https:\/\/yalinkayacosmetic.com\/tr\/#\/schema\/logo\/image\/","url":"https:\/\/yalinkayacosmetic.com\/tr\/wp-content\/uploads\/2026\/01\/logo-yalinkaya-siyah-488-72.png","contentUrl":"https:\/\/yalinkayacosmetic.com\/tr\/wp-content\/uploads\/2026\/01\/logo-yalinkaya-siyah-488-72.png","width":488,"height":72,"caption":"Yal\u0131nkaya Kozmetik"},"image":{"@id":"https:\/\/yalinkayacosmetic.com\/tr\/#\/schema\/logo\/image\/"}}]}},"_links":{"self":[{"href":"https:\/\/yalinkayacosmetic.com\/tr\/wp-json\/wp\/v2\/pages\/619","targetHints":{"allow":["GET"]}}],"collection":[{"href":"https:\/\/yalinkayacosmetic.com\/tr\/wp-json\/wp\/v2\/pages"}],"about":[{"href":"https:\/\/yalinkayacosmetic.com\/tr\/wp-json\/wp\/v2\/types\/page"}],"author":[{"embeddable":true,"href":"https:\/\/yalinkayacosmetic.com\/tr\/wp-json\/wp\/v2\/users\/1"}],"replies":[{"embeddable":true,"href":"https:\/\/yalinkayacosmetic.com\/tr\/wp-json\/wp\/v2\/comments?post=619"}],"version-history":[{"count":6,"href":"https:\/\/yalinkayacosmetic.com\/tr\/wp-json\/wp\/v2\/pages\/619\/revisions"}],"predecessor-version":[{"id":792,"href":"https:\/\/yalinkayacosmetic.com\/tr\/wp-json\/wp\/v2\/pages\/619\/revisions\/792"}],"wp:attachment":[{"href":"https:\/\/yalinkayacosmetic.com\/tr\/wp-json\/wp\/v2\/media?parent=619"}],"curies":[{"name":"wp","href":"https:\/\/api.w.org\/{rel}","templated":true}]}}