{"id":547,"date":"2026-01-24T19:32:59","date_gmt":"2026-01-24T16:32:59","guid":{"rendered":"https:\/\/yalinkayacosmetic.com\/tr\/?page_id=547"},"modified":"2026-01-24T20:09:37","modified_gmt":"2026-01-24T17:09:37","slug":"videolar","status":"publish","type":"page","link":"https:\/\/yalinkayacosmetic.com\/tr\/videolar\/","title":{"rendered":"Videolar"},"content":{"rendered":"<div class=\"wpb-content-wrapper\"><p>[vc_row][vc_column width=&#8221;1\/2&#8243;][vc_video link=&#8221;https:\/\/youtu.be\/KYRrtatIiN0?si=sjNrn-toaU_x2zZ0&#8243; css=&#8221;&#8221;][\/vc_column][vc_column width=&#8221;1\/2&#8243;][vc_video link=&#8221;https:\/\/youtu.be\/u4lKhBmKYIQ?si=ZAri3mODqWR5IROP&#8221; css=&#8221;&#8221;][\/vc_column][\/vc_row]<\/p>\n<\/div>","protected":false},"excerpt":{"rendered":"<p>[vc_row][vc_column width=&#8221;1\/2&#8243;][vc_video link=&#8221;https:\/\/youtu.be\/KYRrtatIiN0?si=sjNrn-toaU_x2zZ0&#8243; css=&#8221;&#8221;][\/vc_column][vc_column width=&#8221;1\/2&#8243;][vc_video link=&#8221;https:\/\/youtu.be\/u4lKhBmKYIQ?si=ZAri3mODqWR5IROP&#8221; css=&#8221;&#8221;][\/vc_column][\/vc_row]<\/p>\n","protected":false},"author":1,"featured_media":0,"parent":0,"menu_order":0,"comment_status":"closed","ping_status":"closed","template":"","meta":{"footnotes":""},"class_list":["post-547","page","type-page","status-publish","hentry"],"yoast_head":"<!-- This site is optimized with the Yoast SEO plugin v26.9 - https:\/\/yoast.com\/product\/yoast-seo-wordpress\/ -->\n<title>Kozmetik \u00dcr\u00fcn \u00dcretim Videolar\u0131 - Yal\u0131nkaya Kozmetik<\/title>\n<meta name=\"description\" content=\"Yal\u0131nkaya Kozmetik, kendi fabrikas\u0131nda fason kozmetik \u00fcr\u00fcn \u00fcretimini yapmakta ve sizlerin ad\u0131na \u00f6zel etiketli \u00fcr\u00fcnler \u00fcretmektedir.\" \/>\n<meta name=\"robots\" content=\"index, follow, max-snippet:-1, max-image-preview:large, max-video-preview:-1\" \/>\n<link rel=\"canonical\" href=\"https:\/\/yalinkayacosmetic.com\/tr\/videolar\/\" \/>\n<meta property=\"og:locale\" content=\"tr_TR\" \/>\n<meta property=\"og:type\" content=\"article\" \/>\n<meta property=\"og:title\" content=\"Kozmetik \u00dcr\u00fcn \u00dcretim Videolar\u0131 - Yal\u0131nkaya Kozmetik\" \/>\n<meta property=\"og:description\" content=\"Yal\u0131nkaya Kozmetik, kendi fabrikas\u0131nda fason kozmetik \u00fcr\u00fcn \u00fcretimini yapmakta ve sizlerin ad\u0131na \u00f6zel etiketli \u00fcr\u00fcnler \u00fcretmektedir.\" \/>\n<meta property=\"og:url\" content=\"https:\/\/yalinkayacosmetic.com\/tr\/videolar\/\" \/>\n<meta property=\"og:site_name\" content=\"Yal\u0131nkaya Kozmetik\" \/>\n<meta property=\"article:modified_time\" content=\"2026-01-24T17:09:37+00:00\" \/>\n<meta name=\"twitter:card\" content=\"summary_large_image\" \/>\n<meta name=\"twitter:label1\" content=\"Tahmini okuma s\u00fcresi\" \/>\n\t<meta name=\"twitter:data1\" content=\"1 dakika\" \/>\n<script type=\"application\/ld+json\" class=\"yoast-schema-graph\">{\"@context\":\"https:\/\/schema.org\",\"@graph\":[{\"@type\":\"WebPage\",\"@id\":\"https:\/\/yalinkayacosmetic.com\/tr\/videolar\/\",\"url\":\"https:\/\/yalinkayacosmetic.com\/tr\/videolar\/\",\"name\":\"Kozmetik \u00dcr\u00fcn \u00dcretim Videolar\u0131 - Yal\u0131nkaya Kozmetik\",\"isPartOf\":{\"@id\":\"https:\/\/yalinkayacosmetic.com\/tr\/#website\"},\"datePublished\":\"2026-01-24T16:32:59+00:00\",\"dateModified\":\"2026-01-24T17:09:37+00:00\",\"description\":\"Yal\u0131nkaya Kozmetik, kendi fabrikas\u0131nda fason kozmetik \u00fcr\u00fcn \u00fcretimini yapmakta ve sizlerin ad\u0131na \u00f6zel etiketli \u00fcr\u00fcnler \u00fcretmektedir.\",\"breadcrumb\":{\"@id\":\"https:\/\/yalinkayacosmetic.com\/tr\/videolar\/#breadcrumb\"},\"inLanguage\":\"tr\",\"potentialAction\":[{\"@type\":\"ReadAction\",\"target\":[\"https:\/\/yalinkayacosmetic.com\/tr\/videolar\/\"]}]},{\"@type\":\"BreadcrumbList\",\"@id\":\"https:\/\/yalinkayacosmetic.com\/tr\/videolar\/#breadcrumb\",\"itemListElement\":[{\"@type\":\"ListItem\",\"position\":1,\"name\":\"Anasayfa\",\"item\":\"https:\/\/yalinkayacosmetic.com\/tr\/\"},{\"@type\":\"ListItem\",\"position\":2,\"name\":\"Videolar\"}]},{\"@type\":\"WebSite\",\"@id\":\"https:\/\/yalinkayacosmetic.com\/tr\/#website\",\"url\":\"https:\/\/yalinkayacosmetic.com\/tr\/\",\"name\":\"Yal\u0131nkaya Kozmetik\",\"description\":\"\",\"publisher\":{\"@id\":\"https:\/\/yalinkayacosmetic.com\/tr\/#organization\"},\"potentialAction\":[{\"@type\":\"SearchAction\",\"target\":{\"@type\":\"EntryPoint\",\"urlTemplate\":\"https:\/\/yalinkayacosmetic.com\/tr\/?s={search_term_string}\"},\"query-input\":{\"@type\":\"PropertyValueSpecification\",\"valueRequired\":true,\"valueName\":\"search_term_string\"}}],\"inLanguage\":\"tr\"},{\"@type\":\"Organization\",\"@id\":\"https:\/\/yalinkayacosmetic.com\/tr\/#organization\",\"name\":\"Yal\u0131nkaya Kozmetik\",\"url\":\"https:\/\/yalinkayacosmetic.com\/tr\/\",\"logo\":{\"@type\":\"ImageObject\",\"inLanguage\":\"tr\",\"@id\":\"https:\/\/yalinkayacosmetic.com\/tr\/#\/schema\/logo\/image\/\",\"url\":\"https:\/\/yalinkayacosmetic.com\/tr\/wp-content\/uploads\/2026\/01\/logo-yalinkaya-siyah-488-72.png\",\"contentUrl\":\"https:\/\/yalinkayacosmetic.com\/tr\/wp-content\/uploads\/2026\/01\/logo-yalinkaya-siyah-488-72.png\",\"width\":488,\"height\":72,\"caption\":\"Yal\u0131nkaya Kozmetik\"},\"image\":{\"@id\":\"https:\/\/yalinkayacosmetic.com\/tr\/#\/schema\/logo\/image\/\"}}]}<\/script>\n<!-- \/ Yoast SEO plugin. -->","yoast_head_json":{"title":"Kozmetik \u00dcr\u00fcn \u00dcretim Videolar\u0131 - Yal\u0131nkaya Kozmetik","description":"Yal\u0131nkaya Kozmetik, kendi fabrikas\u0131nda fason kozmetik \u00fcr\u00fcn \u00fcretimini yapmakta ve sizlerin ad\u0131na \u00f6zel etiketli \u00fcr\u00fcnler \u00fcretmektedir.","robots":{"index":"index","follow":"follow","max-snippet":"max-snippet:-1","max-image-preview":"max-image-preview:large","max-video-preview":"max-video-preview:-1"},"canonical":"https:\/\/yalinkayacosmetic.com\/tr\/videolar\/","og_locale":"tr_TR","og_type":"article","og_title":"Kozmetik \u00dcr\u00fcn \u00dcretim Videolar\u0131 - Yal\u0131nkaya Kozmetik","og_description":"Yal\u0131nkaya Kozmetik, kendi fabrikas\u0131nda fason kozmetik \u00fcr\u00fcn \u00fcretimini yapmakta ve sizlerin ad\u0131na \u00f6zel etiketli \u00fcr\u00fcnler \u00fcretmektedir.","og_url":"https:\/\/yalinkayacosmetic.com\/tr\/videolar\/","og_site_name":"Yal\u0131nkaya Kozmetik","article_modified_time":"2026-01-24T17:09:37+00:00","twitter_card":"summary_large_image","twitter_misc":{"Tahmini okuma s\u00fcresi":"1 dakika"},"schema":{"@context":"https:\/\/schema.org","@graph":[{"@type":"WebPage","@id":"https:\/\/yalinkayacosmetic.com\/tr\/videolar\/","url":"https:\/\/yalinkayacosmetic.com\/tr\/videolar\/","name":"Kozmetik \u00dcr\u00fcn \u00dcretim Videolar\u0131 - Yal\u0131nkaya Kozmetik","isPartOf":{"@id":"https:\/\/yalinkayacosmetic.com\/tr\/#website"},"datePublished":"2026-01-24T16:32:59+00:00","dateModified":"2026-01-24T17:09:37+00:00","description":"Yal\u0131nkaya Kozmetik, kendi fabrikas\u0131nda fason kozmetik \u00fcr\u00fcn \u00fcretimini yapmakta ve sizlerin ad\u0131na \u00f6zel etiketli \u00fcr\u00fcnler \u00fcretmektedir.","breadcrumb":{"@id":"https:\/\/yalinkayacosmetic.com\/tr\/videolar\/#breadcrumb"},"inLanguage":"tr","potentialAction":[{"@type":"ReadAction","target":["https:\/\/yalinkayacosmetic.com\/tr\/videolar\/"]}]},{"@type":"BreadcrumbList","@id":"https:\/\/yalinkayacosmetic.com\/tr\/videolar\/#breadcrumb","itemListElement":[{"@type":"ListItem","position":1,"name":"Anasayfa","item":"https:\/\/yalinkayacosmetic.com\/tr\/"},{"@type":"ListItem","position":2,"name":"Videolar"}]},{"@type":"WebSite","@id":"https:\/\/yalinkayacosmetic.com\/tr\/#website","url":"https:\/\/yalinkayacosmetic.com\/tr\/","name":"Yal\u0131nkaya Kozmetik","description":"","publisher":{"@id":"https:\/\/yalinkayacosmetic.com\/tr\/#organization"},"potentialAction":[{"@type":"SearchAction","target":{"@type":"EntryPoint","urlTemplate":"https:\/\/yalinkayacosmetic.com\/tr\/?s={search_term_string}"},"query-input":{"@type":"PropertyValueSpecification","valueRequired":true,"valueName":"search_term_string"}}],"inLanguage":"tr"},{"@type":"Organization","@id":"https:\/\/yalinkayacosmetic.com\/tr\/#organization","name":"Yal\u0131nkaya Kozmetik","url":"https:\/\/yalinkayacosmetic.com\/tr\/","logo":{"@type":"ImageObject","inLanguage":"tr","@id":"https:\/\/yalinkayacosmetic.com\/tr\/#\/schema\/logo\/image\/","url":"https:\/\/yalinkayacosmetic.com\/tr\/wp-content\/uploads\/2026\/01\/logo-yalinkaya-siyah-488-72.png","contentUrl":"https:\/\/yalinkayacosmetic.com\/tr\/wp-content\/uploads\/2026\/01\/logo-yalinkaya-siyah-488-72.png","width":488,"height":72,"caption":"Yal\u0131nkaya Kozmetik"},"image":{"@id":"https:\/\/yalinkayacosmetic.com\/tr\/#\/schema\/logo\/image\/"}}]}},"_links":{"self":[{"href":"https:\/\/yalinkayacosmetic.com\/tr\/wp-json\/wp\/v2\/pages\/547","targetHints":{"allow":["GET"]}}],"collection":[{"href":"https:\/\/yalinkayacosmetic.com\/tr\/wp-json\/wp\/v2\/pages"}],"about":[{"href":"https:\/\/yalinkayacosmetic.com\/tr\/wp-json\/wp\/v2\/types\/page"}],"author":[{"embeddable":true,"href":"https:\/\/yalinkayacosmetic.com\/tr\/wp-json\/wp\/v2\/users\/1"}],"replies":[{"embeddable":true,"href":"https:\/\/yalinkayacosmetic.com\/tr\/wp-json\/wp\/v2\/comments?post=547"}],"version-history":[{"count":2,"href":"https:\/\/yalinkayacosmetic.com\/tr\/wp-json\/wp\/v2\/pages\/547\/revisions"}],"predecessor-version":[{"id":578,"href":"https:\/\/yalinkayacosmetic.com\/tr\/wp-json\/wp\/v2\/pages\/547\/revisions\/578"}],"wp:attachment":[{"href":"https:\/\/yalinkayacosmetic.com\/tr\/wp-json\/wp\/v2\/media?parent=547"}],"curies":[{"name":"wp","href":"https:\/\/api.w.org\/{rel}","templated":true}]}}