{"id":544,"date":"2026-01-24T19:31:46","date_gmt":"2026-01-24T16:31:46","guid":{"rendered":"https:\/\/yalinkayacosmetic.com\/tr\/?page_id=544"},"modified":"2026-01-24T20:08:26","modified_gmt":"2026-01-24T17:08:26","slug":"laboratuvar","status":"publish","type":"page","link":"https:\/\/yalinkayacosmetic.com\/tr\/laboratuvar\/","title":{"rendered":"Laboratuvar"},"content":{"rendered":"<div class=\"wpb-content-wrapper\"><p>[vc_row][vc_column width=&#8221;1\/2&#8243;][vc_video link=&#8221;https:\/\/youtu.be\/u4lKhBmKYIQ?si=nLimx2J4-ZOWoDFo&#8221; css=&#8221;&#8221;][\/vc_column][vc_column width=&#8221;1\/2&#8243;][vc_column_text css=&#8221;&#8221;]\u00d6zel Etiketli Kozmetik Laboratuvar Hizmetleri<br \/>\nMarkan\u0131z\u0131n benzersiz vizyonuna uygun, y\u00fcksek kaliteli ve \u00f6zelle\u015ftirilebilir kozmetik ve cilt bak\u0131m \u00fcr\u00fcnleri yaratmada uzmanla\u015fm\u0131\u015f bulunuyoruz. Konseptten lansmana kadar, a\u015fa\u011f\u0131dakiler dahil olmak \u00fczere eksiksiz bir hizmet yelpazesi sunuyoruz:<br \/>\n\u2022 Form\u00fclasyon Geli\u015ftirme: \u00dcr\u00fcn hedeflerinize ula\u015fmak i\u00e7in yenilik\u00e7i, bilimsel temelli form\u00fclasyonlar olu\u015fturma.<\/p>\n<p>\u2022 \u00dcr\u00fcn \u00d6zelle\u015ftirme: Marka kimli\u011finizle uyumlu olacak \u015fekilde mevcut form\u00fclasyonlar\u0131 benzersiz i\u00e7erikler, kokular ve dokularla \u00f6zelle\u015ftirme.<\/p>\n<p>\u2022 \u00dcretim: S\u0131k\u0131 kalite kontrol standartlar\u0131yla verimli, \u00f6l\u00e7eklenebilir \u00fcretim sa\u011flama.<\/p>\n<p>\u2022 Ambalaj \u00c7\u00f6z\u00fcmleri: Estetik ve fonksiyonel ihtiya\u00e7lar\u0131n\u0131za uygun ambalajlar\u0131n tedarik edilmesi ve tasarlanmas\u0131.<\/p>\n<p>\u2022 Uyumluluk ve D\u00fczenlemeler: \u00dcr\u00fcnlerinizin ilgili t\u00fcm sekt\u00f6r standartlar\u0131na ve d\u00fczenlemelerine uygun olmas\u0131n\u0131 sa\u011flama.<\/p>\n<p>\u2022 Marka Deste\u011fi: Markan\u0131z\u0131n \u00f6ne \u00e7\u0131kmas\u0131na yard\u0131mc\u0131 olmak i\u00e7in \u00fcr\u00fcn adland\u0131rma, etiketleme ve pazarlama konusunda rehberlik sunma.<\/p>\n<p>Uzmanl\u0131\u011f\u0131m\u0131zla, kendi kozmetik hatt\u0131n\u0131z\u0131 g\u00fcvenle ve kolayl\u0131kla piyasaya s\u00fcrebilirsiniz.[\/vc_column_text][\/vc_column][\/vc_row]<\/p>\n<\/div>","protected":false},"excerpt":{"rendered":"<p>[vc_row][vc_column width=&#8221;1\/2&#8243;][vc_video link=&#8221;https:\/\/youtu.be\/u4lKhBmKYIQ?si=nLimx2J4-ZOWoDFo&#8221; css=&#8221;&#8221;][\/vc_column][vc_column width=&#8221;1\/2&#8243;][vc_column_text css=&#8221;&#8221;]\u00d6zel Etiketli Kozmetik Laboratuvar Hizmetleri Markan\u0131z\u0131n benzersiz vizyonuna uygun, y\u00fcksek kaliteli ve \u00f6zelle\u015ftirilebilir kozmetik ve cilt bak\u0131m \u00fcr\u00fcnleri yaratmada uzmanla\u015fm\u0131\u015f bulunuyoruz. Konseptten lansmana kadar, a\u015fa\u011f\u0131dakiler dahil olmak \u00fczere eksiksiz bir hizmet yelpazesi sunuyoruz: \u2022 Form\u00fclasyon Geli\u015ftirme: \u00dcr\u00fcn hedeflerinize ula\u015fmak i\u00e7in yenilik\u00e7i, bilimsel temelli form\u00fclasyonlar olu\u015fturma. \u2022 \u00dcr\u00fcn \u00d6zelle\u015ftirme: Marka kimli\u011finizle uyumlu olacak \u015fekilde mevcut form\u00fclasyonlar\u0131 benzersiz i\u00e7erikler, kokular ve dokularla \u00f6zelle\u015ftirme. \u2022 \u00dcretim: S\u0131k\u0131 kalite kontrol standartlar\u0131yla verimli, \u00f6l\u00e7eklenebilir \u00fcretim sa\u011flama. \u2022 Ambalaj \u00c7\u00f6z\u00fcmleri: Estetik ve fonksiyonel ihtiya\u00e7lar\u0131n\u0131za uygun ambalajlar\u0131n tedarik edilmesi ve tasarlanmas\u0131. \u2022 Uyumluluk ve D\u00fczenlemeler: \u00dcr\u00fcnlerinizin ilgili t\u00fcm sekt\u00f6r standartlar\u0131na ve d\u00fczenlemelerine [&hellip;]<\/p>\n","protected":false},"author":1,"featured_media":0,"parent":0,"menu_order":0,"comment_status":"closed","ping_status":"closed","template":"","meta":{"footnotes":""},"class_list":["post-544","page","type-page","status-publish","hentry"],"yoast_head":"<!-- This site is optimized with the Yoast SEO plugin v26.9 - https:\/\/yoast.com\/product\/yoast-seo-wordpress\/ -->\n<title>Kozmetik \u00dcr\u00fcn \u00dcretim Lavaratuvar\u0131 - Yal\u0131nkaya Kozmetik<\/title>\n<meta name=\"description\" content=\"Yal\u0131nkaya Kozmetik, \u00fcretim tesisleri i\u00e7erisinde yer alan kozmetik \u00fcr\u00fcn \u00fcretim lavaratuvar\u0131 ile \u00fcr\u00fcn geli\u015ftirme ve arge \u00e7al\u0131\u015fmalar\u0131n\u0131 yapmaktad\u0131r.\" \/>\n<meta name=\"robots\" content=\"index, follow, max-snippet:-1, max-image-preview:large, max-video-preview:-1\" \/>\n<link rel=\"canonical\" href=\"https:\/\/yalinkayacosmetic.com\/tr\/laboratuvar\/\" \/>\n<meta property=\"og:locale\" content=\"tr_TR\" \/>\n<meta property=\"og:type\" content=\"article\" \/>\n<meta property=\"og:title\" content=\"Kozmetik \u00dcr\u00fcn \u00dcretim Lavaratuvar\u0131 - Yal\u0131nkaya Kozmetik\" \/>\n<meta property=\"og:description\" content=\"Yal\u0131nkaya Kozmetik, \u00fcretim tesisleri i\u00e7erisinde yer alan kozmetik \u00fcr\u00fcn \u00fcretim lavaratuvar\u0131 ile \u00fcr\u00fcn geli\u015ftirme ve arge \u00e7al\u0131\u015fmalar\u0131n\u0131 yapmaktad\u0131r.\" \/>\n<meta property=\"og:url\" content=\"https:\/\/yalinkayacosmetic.com\/tr\/laboratuvar\/\" \/>\n<meta property=\"og:site_name\" content=\"Yal\u0131nkaya Kozmetik\" \/>\n<meta property=\"article:modified_time\" content=\"2026-01-24T17:08:26+00:00\" \/>\n<meta name=\"twitter:card\" content=\"summary_large_image\" \/>\n<meta name=\"twitter:label1\" content=\"Tahmini okuma s\u00fcresi\" \/>\n\t<meta name=\"twitter:data1\" content=\"1 dakika\" \/>\n<script type=\"application\/ld+json\" class=\"yoast-schema-graph\">{\"@context\":\"https:\/\/schema.org\",\"@graph\":[{\"@type\":\"WebPage\",\"@id\":\"https:\/\/yalinkayacosmetic.com\/tr\/laboratuvar\/\",\"url\":\"https:\/\/yalinkayacosmetic.com\/tr\/laboratuvar\/\",\"name\":\"Kozmetik \u00dcr\u00fcn \u00dcretim Lavaratuvar\u0131 - Yal\u0131nkaya Kozmetik\",\"isPartOf\":{\"@id\":\"https:\/\/yalinkayacosmetic.com\/tr\/#website\"},\"datePublished\":\"2026-01-24T16:31:46+00:00\",\"dateModified\":\"2026-01-24T17:08:26+00:00\",\"description\":\"Yal\u0131nkaya Kozmetik, \u00fcretim tesisleri i\u00e7erisinde yer alan kozmetik \u00fcr\u00fcn \u00fcretim lavaratuvar\u0131 ile \u00fcr\u00fcn geli\u015ftirme ve arge \u00e7al\u0131\u015fmalar\u0131n\u0131 yapmaktad\u0131r.\",\"breadcrumb\":{\"@id\":\"https:\/\/yalinkayacosmetic.com\/tr\/laboratuvar\/#breadcrumb\"},\"inLanguage\":\"tr\",\"potentialAction\":[{\"@type\":\"ReadAction\",\"target\":[\"https:\/\/yalinkayacosmetic.com\/tr\/laboratuvar\/\"]}]},{\"@type\":\"BreadcrumbList\",\"@id\":\"https:\/\/yalinkayacosmetic.com\/tr\/laboratuvar\/#breadcrumb\",\"itemListElement\":[{\"@type\":\"ListItem\",\"position\":1,\"name\":\"Anasayfa\",\"item\":\"https:\/\/yalinkayacosmetic.com\/tr\/\"},{\"@type\":\"ListItem\",\"position\":2,\"name\":\"Laboratuvar\"}]},{\"@type\":\"WebSite\",\"@id\":\"https:\/\/yalinkayacosmetic.com\/tr\/#website\",\"url\":\"https:\/\/yalinkayacosmetic.com\/tr\/\",\"name\":\"Yal\u0131nkaya Kozmetik\",\"description\":\"\",\"publisher\":{\"@id\":\"https:\/\/yalinkayacosmetic.com\/tr\/#organization\"},\"potentialAction\":[{\"@type\":\"SearchAction\",\"target\":{\"@type\":\"EntryPoint\",\"urlTemplate\":\"https:\/\/yalinkayacosmetic.com\/tr\/?s={search_term_string}\"},\"query-input\":{\"@type\":\"PropertyValueSpecification\",\"valueRequired\":true,\"valueName\":\"search_term_string\"}}],\"inLanguage\":\"tr\"},{\"@type\":\"Organization\",\"@id\":\"https:\/\/yalinkayacosmetic.com\/tr\/#organization\",\"name\":\"Yal\u0131nkaya Kozmetik\",\"url\":\"https:\/\/yalinkayacosmetic.com\/tr\/\",\"logo\":{\"@type\":\"ImageObject\",\"inLanguage\":\"tr\",\"@id\":\"https:\/\/yalinkayacosmetic.com\/tr\/#\/schema\/logo\/image\/\",\"url\":\"https:\/\/yalinkayacosmetic.com\/tr\/wp-content\/uploads\/2026\/01\/logo-yalinkaya-siyah-488-72.png\",\"contentUrl\":\"https:\/\/yalinkayacosmetic.com\/tr\/wp-content\/uploads\/2026\/01\/logo-yalinkaya-siyah-488-72.png\",\"width\":488,\"height\":72,\"caption\":\"Yal\u0131nkaya Kozmetik\"},\"image\":{\"@id\":\"https:\/\/yalinkayacosmetic.com\/tr\/#\/schema\/logo\/image\/\"}}]}<\/script>\n<!-- \/ Yoast SEO plugin. -->","yoast_head_json":{"title":"Kozmetik \u00dcr\u00fcn \u00dcretim Lavaratuvar\u0131 - Yal\u0131nkaya Kozmetik","description":"Yal\u0131nkaya Kozmetik, \u00fcretim tesisleri i\u00e7erisinde yer alan kozmetik \u00fcr\u00fcn \u00fcretim lavaratuvar\u0131 ile \u00fcr\u00fcn geli\u015ftirme ve arge \u00e7al\u0131\u015fmalar\u0131n\u0131 yapmaktad\u0131r.","robots":{"index":"index","follow":"follow","max-snippet":"max-snippet:-1","max-image-preview":"max-image-preview:large","max-video-preview":"max-video-preview:-1"},"canonical":"https:\/\/yalinkayacosmetic.com\/tr\/laboratuvar\/","og_locale":"tr_TR","og_type":"article","og_title":"Kozmetik \u00dcr\u00fcn \u00dcretim Lavaratuvar\u0131 - Yal\u0131nkaya Kozmetik","og_description":"Yal\u0131nkaya Kozmetik, \u00fcretim tesisleri i\u00e7erisinde yer alan kozmetik \u00fcr\u00fcn \u00fcretim lavaratuvar\u0131 ile \u00fcr\u00fcn geli\u015ftirme ve arge \u00e7al\u0131\u015fmalar\u0131n\u0131 yapmaktad\u0131r.","og_url":"https:\/\/yalinkayacosmetic.com\/tr\/laboratuvar\/","og_site_name":"Yal\u0131nkaya Kozmetik","article_modified_time":"2026-01-24T17:08:26+00:00","twitter_card":"summary_large_image","twitter_misc":{"Tahmini okuma s\u00fcresi":"1 dakika"},"schema":{"@context":"https:\/\/schema.org","@graph":[{"@type":"WebPage","@id":"https:\/\/yalinkayacosmetic.com\/tr\/laboratuvar\/","url":"https:\/\/yalinkayacosmetic.com\/tr\/laboratuvar\/","name":"Kozmetik \u00dcr\u00fcn \u00dcretim Lavaratuvar\u0131 - Yal\u0131nkaya Kozmetik","isPartOf":{"@id":"https:\/\/yalinkayacosmetic.com\/tr\/#website"},"datePublished":"2026-01-24T16:31:46+00:00","dateModified":"2026-01-24T17:08:26+00:00","description":"Yal\u0131nkaya Kozmetik, \u00fcretim tesisleri i\u00e7erisinde yer alan kozmetik \u00fcr\u00fcn \u00fcretim lavaratuvar\u0131 ile \u00fcr\u00fcn geli\u015ftirme ve arge \u00e7al\u0131\u015fmalar\u0131n\u0131 yapmaktad\u0131r.","breadcrumb":{"@id":"https:\/\/yalinkayacosmetic.com\/tr\/laboratuvar\/#breadcrumb"},"inLanguage":"tr","potentialAction":[{"@type":"ReadAction","target":["https:\/\/yalinkayacosmetic.com\/tr\/laboratuvar\/"]}]},{"@type":"BreadcrumbList","@id":"https:\/\/yalinkayacosmetic.com\/tr\/laboratuvar\/#breadcrumb","itemListElement":[{"@type":"ListItem","position":1,"name":"Anasayfa","item":"https:\/\/yalinkayacosmetic.com\/tr\/"},{"@type":"ListItem","position":2,"name":"Laboratuvar"}]},{"@type":"WebSite","@id":"https:\/\/yalinkayacosmetic.com\/tr\/#website","url":"https:\/\/yalinkayacosmetic.com\/tr\/","name":"Yal\u0131nkaya Kozmetik","description":"","publisher":{"@id":"https:\/\/yalinkayacosmetic.com\/tr\/#organization"},"potentialAction":[{"@type":"SearchAction","target":{"@type":"EntryPoint","urlTemplate":"https:\/\/yalinkayacosmetic.com\/tr\/?s={search_term_string}"},"query-input":{"@type":"PropertyValueSpecification","valueRequired":true,"valueName":"search_term_string"}}],"inLanguage":"tr"},{"@type":"Organization","@id":"https:\/\/yalinkayacosmetic.com\/tr\/#organization","name":"Yal\u0131nkaya Kozmetik","url":"https:\/\/yalinkayacosmetic.com\/tr\/","logo":{"@type":"ImageObject","inLanguage":"tr","@id":"https:\/\/yalinkayacosmetic.com\/tr\/#\/schema\/logo\/image\/","url":"https:\/\/yalinkayacosmetic.com\/tr\/wp-content\/uploads\/2026\/01\/logo-yalinkaya-siyah-488-72.png","contentUrl":"https:\/\/yalinkayacosmetic.com\/tr\/wp-content\/uploads\/2026\/01\/logo-yalinkaya-siyah-488-72.png","width":488,"height":72,"caption":"Yal\u0131nkaya Kozmetik"},"image":{"@id":"https:\/\/yalinkayacosmetic.com\/tr\/#\/schema\/logo\/image\/"}}]}},"_links":{"self":[{"href":"https:\/\/yalinkayacosmetic.com\/tr\/wp-json\/wp\/v2\/pages\/544","targetHints":{"allow":["GET"]}}],"collection":[{"href":"https:\/\/yalinkayacosmetic.com\/tr\/wp-json\/wp\/v2\/pages"}],"about":[{"href":"https:\/\/yalinkayacosmetic.com\/tr\/wp-json\/wp\/v2\/types\/page"}],"author":[{"embeddable":true,"href":"https:\/\/yalinkayacosmetic.com\/tr\/wp-json\/wp\/v2\/users\/1"}],"replies":[{"embeddable":true,"href":"https:\/\/yalinkayacosmetic.com\/tr\/wp-json\/wp\/v2\/comments?post=544"}],"version-history":[{"count":1,"href":"https:\/\/yalinkayacosmetic.com\/tr\/wp-json\/wp\/v2\/pages\/544\/revisions"}],"predecessor-version":[{"id":545,"href":"https:\/\/yalinkayacosmetic.com\/tr\/wp-json\/wp\/v2\/pages\/544\/revisions\/545"}],"wp:attachment":[{"href":"https:\/\/yalinkayacosmetic.com\/tr\/wp-json\/wp\/v2\/media?parent=544"}],"curies":[{"name":"wp","href":"https:\/\/api.w.org\/{rel}","templated":true}]}}