{"id":537,"date":"2026-01-24T19:30:01","date_gmt":"2026-01-24T16:30:01","guid":{"rendered":"https:\/\/yalinkayacosmetic.com\/tr\/?page_id=537"},"modified":"2026-01-29T19:38:06","modified_gmt":"2026-01-29T16:38:06","slug":"sertifikalar","status":"publish","type":"page","link":"https:\/\/yalinkayacosmetic.com\/tr\/sertifikalar\/","title":{"rendered":"Sertifikalar\u0131m\u0131z"},"content":{"rendered":"<div class=\"wpb-content-wrapper\"><p>[vc_row][vc_column width=&#8221;1\/2&#8243;][vc_gallery type=&#8221;image_grid&#8221; images=&#8221;538,539,540,541&#8243; img_size=&#8221;320&#215;458&#8243; css=&#8221;&#8221;][\/vc_column][vc_column width=&#8221;1\/2&#8243;][vc_column_text css=&#8221;&#8221;]1. Yasal D\u00fczenlemeleri Anlamak<br \/>\n\u2022 Hedef pazar\u0131n\u0131zdaki \u00f6zel yasal \u00e7er\u00e7eveyi belirleyin (\u00f6rne\u011fin, ABD&#8217;de FDA, Avrupa&#8217;da AB Kozmetik Y\u00f6netmeli\u011fi vb.).<\/p>\n<p>\u2022 \u0130\u00e7erik k\u0131s\u0131tlamalar\u0131, etiketleme gereksinimleri ve g\u00fcvenlik testi zorunluluklar\u0131 hakk\u0131nda bilgi edinin.<\/p>\n<p>2. \u00dcr\u00fcn Form\u00fclasyonu Uyumlulu\u011fu<br \/>\n\u2022 Form\u00fclasyonun onaylanm\u0131\u015f i\u00e7erik listelerine ve konsantrasyon limitlerine uygun oldu\u011fundan emin olun.<\/p>\n<p>\u2022 Yasaklanm\u0131\u015f veya k\u0131s\u0131tlanm\u0131\u015f maddeleri kontrol edin.<\/p>\n<p>3. G\u00fcvenlik De\u011ferlendirmesi<br \/>\n\u2022 A\u015fa\u011f\u0131dakileri de\u011ferlendiren bir Kozmetik \u00dcr\u00fcn G\u00fcvenlik Raporu (CPSR) veya e\u015fde\u011feri haz\u0131rlay\u0131n:<\/p>\n<p>\u2022 \u0130\u00e7eriklerin toksikolojik profilleri.<\/p>\n<p>\u2022 Potansiyel cilt tahri\u015fi veya hassasiyet riskleri.<\/p>\n<p>\u2022 Mikrobiyal stabilite ve koruyucu etkinli\u011fi.<\/p>\n<p>4. Stabilite ve Uyumluluk Testi<br \/>\n\u2022 \u00dcr\u00fcn\u00fcn \u00e7e\u015fitli ko\u015fullar alt\u0131nda (s\u0131cakl\u0131k, nem, \u0131\u015f\u0131k maruziyeti) zaman i\u00e7indeki stabilitesini test edin.<\/p>\n<p>\u2022 Ambalaj\u0131n \u00fcr\u00fcnle uyumlulu\u011funu de\u011ferlendirin.<\/p>\n<p>5. Mikrobiyal ve Etkinlik Testi<br \/>\n\u2022 \u00dcr\u00fcn\u00fcn zararl\u0131 patojenlerden ar\u0131nd\u0131r\u0131lm\u0131\u015f oldu\u011fundan emin olmak i\u00e7in mikrobiyal kontaminasyon testi yap\u0131n. \u2022 Uygunsa etkinlik testleri yap\u0131n (\u00f6rne\u011fin, g\u00fcne\u015f kremi i\u00e7in SPF testi).<\/p>\n<p>6. Dok\u00fcmantasyon ve Etiketleme<br \/>\n\u2022 A\u015fa\u011f\u0131dakileri i\u00e7eren uyumlu etiketler olu\u015fturun:<br \/>\n\u2022 \u0130\u00e7erik listeleri (INCI adlar\u0131).<\/p>\n<p>\u2022 Kullan\u0131m talimatlar\u0131 ve uyar\u0131lar.<\/p>\n<p>\u2022 \u00dcretici bilgileri ve parti numaras\u0131.<\/p>\n<p>\u2022 D\u00fczenleyici denetim i\u00e7in bir \u00dcr\u00fcn Bilgi Dosyas\u0131 (PIF) veya benzeri bir belge haz\u0131rlay\u0131n.<\/p>\n<p>7. Kay\u0131t veya Bildirim<br \/>\n\u2022 \u00dcr\u00fcn\u00fc ilgili d\u00fczenleyici makamlara g\u00f6nderin:<br \/>\n\u2022 AB: Kozmetik \u00dcr\u00fcnler Bildirim Portal\u0131 (CPNP) arac\u0131l\u0131\u011f\u0131yla bildirimde bulunun.<\/p>\n<p>\u2022 ABD: FDA&#8217;ya g\u00f6n\u00fcll\u00fc kay\u0131t.<\/p>\n<p>\u2022 Di\u011fer Pazarlar: Yerel gerekliliklere uyun (\u00f6rne\u011fin, ASEAN Kozmetik Direktifi).<\/p>\n<p>8. Sertifikasyon (uygulanabilirse)<br \/>\n\u2022 \u00dcr\u00fcn\u00fcn\u00fcz\u00fcn odak noktas\u0131na g\u00f6re sertifikalar al\u0131n (iste\u011fe ba\u011fl\u0131 ancak faydal\u0131):<br \/>\n\u2022 Organik veya Do\u011fal Sertifikalar (\u00f6rne\u011fin, COSMOS, USDA Organik).<br \/>\n\u2022 Hayvanlar \u00fczerinde test edilmemi\u015ftir (\u00f6rne\u011fin, Leaping Bunny, PETA).<\/p>\n<p>\u2022 Vegan sertifikas\u0131 (\u00f6rne\u011fin, Vegan Society).[\/vc_column_text][\/vc_column][\/vc_row]<\/p>\n<\/div>","protected":false},"excerpt":{"rendered":"<p>[vc_row][vc_column width=&#8221;1\/2&#8243;][vc_gallery type=&#8221;image_grid&#8221; images=&#8221;538,539,540,541&#8243; img_size=&#8221;320&#215;458&#8243; css=&#8221;&#8221;][\/vc_column][vc_column width=&#8221;1\/2&#8243;][vc_column_text css=&#8221;&#8221;]1. Yasal D\u00fczenlemeleri Anlamak \u2022 Hedef pazar\u0131n\u0131zdaki \u00f6zel yasal \u00e7er\u00e7eveyi belirleyin (\u00f6rne\u011fin, ABD&#8217;de FDA, Avrupa&#8217;da AB Kozmetik Y\u00f6netmeli\u011fi vb.). \u2022 \u0130\u00e7erik k\u0131s\u0131tlamalar\u0131, etiketleme gereksinimleri ve g\u00fcvenlik testi zorunluluklar\u0131 hakk\u0131nda bilgi edinin. 2. \u00dcr\u00fcn Form\u00fclasyonu Uyumlulu\u011fu \u2022 Form\u00fclasyonun onaylanm\u0131\u015f i\u00e7erik listelerine ve konsantrasyon limitlerine uygun oldu\u011fundan emin olun. \u2022 Yasaklanm\u0131\u015f veya k\u0131s\u0131tlanm\u0131\u015f maddeleri kontrol edin. 3. G\u00fcvenlik De\u011ferlendirmesi \u2022 A\u015fa\u011f\u0131dakileri de\u011ferlendiren bir Kozmetik \u00dcr\u00fcn G\u00fcvenlik Raporu (CPSR) veya e\u015fde\u011feri haz\u0131rlay\u0131n: \u2022 \u0130\u00e7eriklerin toksikolojik profilleri. \u2022 Potansiyel cilt tahri\u015fi veya hassasiyet riskleri. \u2022 Mikrobiyal stabilite ve koruyucu etkinli\u011fi. 4. Stabilite ve Uyumluluk Testi \u2022 \u00dcr\u00fcn\u00fcn [&hellip;]<\/p>\n","protected":false},"author":1,"featured_media":0,"parent":0,"menu_order":0,"comment_status":"closed","ping_status":"closed","template":"","meta":{"footnotes":""},"class_list":["post-537","page","type-page","status-publish","hentry"],"yoast_head":"<!-- This site is optimized with the Yoast SEO plugin v26.9 - https:\/\/yoast.com\/product\/yoast-seo-wordpress\/ -->\n<title>Kozmetik \u00dcr\u00fcnleri \u00dcretimi Sertifikalar\u0131 - Yal\u0131nkaya Kozmetik<\/title>\n<meta name=\"description\" content=\"Yal\u0131nkaya Kozmetik olarak kozmetik \u00fcr\u00fcnleri \u00fcretimi sertifikalar\u0131m\u0131z bulunmaktad\u0131r. G\u00fcvenle, kusursuz \u00fcr\u00fcn \u00fcretimini ger\u00e7ekle\u015ftiriyoruz.\" \/>\n<meta name=\"robots\" content=\"index, follow, max-snippet:-1, max-image-preview:large, max-video-preview:-1\" \/>\n<link rel=\"canonical\" href=\"https:\/\/yalinkayacosmetic.com\/tr\/sertifikalar\/\" \/>\n<meta property=\"og:locale\" content=\"tr_TR\" \/>\n<meta property=\"og:type\" content=\"article\" \/>\n<meta property=\"og:title\" content=\"Kozmetik \u00dcr\u00fcnleri \u00dcretimi Sertifikalar\u0131 - Yal\u0131nkaya Kozmetik\" \/>\n<meta property=\"og:description\" content=\"Yal\u0131nkaya Kozmetik olarak kozmetik \u00fcr\u00fcnleri \u00fcretimi sertifikalar\u0131m\u0131z bulunmaktad\u0131r. G\u00fcvenle, kusursuz \u00fcr\u00fcn \u00fcretimini ger\u00e7ekle\u015ftiriyoruz.\" \/>\n<meta property=\"og:url\" content=\"https:\/\/yalinkayacosmetic.com\/tr\/sertifikalar\/\" \/>\n<meta property=\"og:site_name\" content=\"Yal\u0131nkaya Kozmetik\" \/>\n<meta property=\"article:modified_time\" content=\"2026-01-29T16:38:06+00:00\" \/>\n<meta name=\"twitter:card\" content=\"summary_large_image\" \/>\n<meta name=\"twitter:label1\" content=\"Tahmini okuma s\u00fcresi\" \/>\n\t<meta name=\"twitter:data1\" content=\"3 dakika\" \/>\n<script type=\"application\/ld+json\" class=\"yoast-schema-graph\">{\"@context\":\"https:\/\/schema.org\",\"@graph\":[{\"@type\":\"WebPage\",\"@id\":\"https:\/\/yalinkayacosmetic.com\/tr\/sertifikalar\/\",\"url\":\"https:\/\/yalinkayacosmetic.com\/tr\/sertifikalar\/\",\"name\":\"Kozmetik \u00dcr\u00fcnleri \u00dcretimi Sertifikalar\u0131 - Yal\u0131nkaya Kozmetik\",\"isPartOf\":{\"@id\":\"https:\/\/yalinkayacosmetic.com\/tr\/#website\"},\"datePublished\":\"2026-01-24T16:30:01+00:00\",\"dateModified\":\"2026-01-29T16:38:06+00:00\",\"description\":\"Yal\u0131nkaya Kozmetik olarak kozmetik \u00fcr\u00fcnleri \u00fcretimi sertifikalar\u0131m\u0131z bulunmaktad\u0131r. G\u00fcvenle, kusursuz \u00fcr\u00fcn \u00fcretimini ger\u00e7ekle\u015ftiriyoruz.\",\"breadcrumb\":{\"@id\":\"https:\/\/yalinkayacosmetic.com\/tr\/sertifikalar\/#breadcrumb\"},\"inLanguage\":\"tr\",\"potentialAction\":[{\"@type\":\"ReadAction\",\"target\":[\"https:\/\/yalinkayacosmetic.com\/tr\/sertifikalar\/\"]}]},{\"@type\":\"BreadcrumbList\",\"@id\":\"https:\/\/yalinkayacosmetic.com\/tr\/sertifikalar\/#breadcrumb\",\"itemListElement\":[{\"@type\":\"ListItem\",\"position\":1,\"name\":\"Anasayfa\",\"item\":\"https:\/\/yalinkayacosmetic.com\/tr\/\"},{\"@type\":\"ListItem\",\"position\":2,\"name\":\"Sertifikalar\u0131m\u0131z\"}]},{\"@type\":\"WebSite\",\"@id\":\"https:\/\/yalinkayacosmetic.com\/tr\/#website\",\"url\":\"https:\/\/yalinkayacosmetic.com\/tr\/\",\"name\":\"Yal\u0131nkaya Kozmetik\",\"description\":\"\",\"publisher\":{\"@id\":\"https:\/\/yalinkayacosmetic.com\/tr\/#organization\"},\"potentialAction\":[{\"@type\":\"SearchAction\",\"target\":{\"@type\":\"EntryPoint\",\"urlTemplate\":\"https:\/\/yalinkayacosmetic.com\/tr\/?s={search_term_string}\"},\"query-input\":{\"@type\":\"PropertyValueSpecification\",\"valueRequired\":true,\"valueName\":\"search_term_string\"}}],\"inLanguage\":\"tr\"},{\"@type\":\"Organization\",\"@id\":\"https:\/\/yalinkayacosmetic.com\/tr\/#organization\",\"name\":\"Yal\u0131nkaya Kozmetik\",\"url\":\"https:\/\/yalinkayacosmetic.com\/tr\/\",\"logo\":{\"@type\":\"ImageObject\",\"inLanguage\":\"tr\",\"@id\":\"https:\/\/yalinkayacosmetic.com\/tr\/#\/schema\/logo\/image\/\",\"url\":\"https:\/\/yalinkayacosmetic.com\/tr\/wp-content\/uploads\/2026\/01\/logo-yalinkaya-siyah-488-72.png\",\"contentUrl\":\"https:\/\/yalinkayacosmetic.com\/tr\/wp-content\/uploads\/2026\/01\/logo-yalinkaya-siyah-488-72.png\",\"width\":488,\"height\":72,\"caption\":\"Yal\u0131nkaya Kozmetik\"},\"image\":{\"@id\":\"https:\/\/yalinkayacosmetic.com\/tr\/#\/schema\/logo\/image\/\"}}]}<\/script>\n<!-- \/ Yoast SEO plugin. -->","yoast_head_json":{"title":"Kozmetik \u00dcr\u00fcnleri \u00dcretimi Sertifikalar\u0131 - Yal\u0131nkaya Kozmetik","description":"Yal\u0131nkaya Kozmetik olarak kozmetik \u00fcr\u00fcnleri \u00fcretimi sertifikalar\u0131m\u0131z bulunmaktad\u0131r. G\u00fcvenle, kusursuz \u00fcr\u00fcn \u00fcretimini ger\u00e7ekle\u015ftiriyoruz.","robots":{"index":"index","follow":"follow","max-snippet":"max-snippet:-1","max-image-preview":"max-image-preview:large","max-video-preview":"max-video-preview:-1"},"canonical":"https:\/\/yalinkayacosmetic.com\/tr\/sertifikalar\/","og_locale":"tr_TR","og_type":"article","og_title":"Kozmetik \u00dcr\u00fcnleri \u00dcretimi Sertifikalar\u0131 - Yal\u0131nkaya Kozmetik","og_description":"Yal\u0131nkaya Kozmetik olarak kozmetik \u00fcr\u00fcnleri \u00fcretimi sertifikalar\u0131m\u0131z bulunmaktad\u0131r. G\u00fcvenle, kusursuz \u00fcr\u00fcn \u00fcretimini ger\u00e7ekle\u015ftiriyoruz.","og_url":"https:\/\/yalinkayacosmetic.com\/tr\/sertifikalar\/","og_site_name":"Yal\u0131nkaya Kozmetik","article_modified_time":"2026-01-29T16:38:06+00:00","twitter_card":"summary_large_image","twitter_misc":{"Tahmini okuma s\u00fcresi":"3 dakika"},"schema":{"@context":"https:\/\/schema.org","@graph":[{"@type":"WebPage","@id":"https:\/\/yalinkayacosmetic.com\/tr\/sertifikalar\/","url":"https:\/\/yalinkayacosmetic.com\/tr\/sertifikalar\/","name":"Kozmetik \u00dcr\u00fcnleri \u00dcretimi Sertifikalar\u0131 - Yal\u0131nkaya Kozmetik","isPartOf":{"@id":"https:\/\/yalinkayacosmetic.com\/tr\/#website"},"datePublished":"2026-01-24T16:30:01+00:00","dateModified":"2026-01-29T16:38:06+00:00","description":"Yal\u0131nkaya Kozmetik olarak kozmetik \u00fcr\u00fcnleri \u00fcretimi sertifikalar\u0131m\u0131z bulunmaktad\u0131r. G\u00fcvenle, kusursuz \u00fcr\u00fcn \u00fcretimini ger\u00e7ekle\u015ftiriyoruz.","breadcrumb":{"@id":"https:\/\/yalinkayacosmetic.com\/tr\/sertifikalar\/#breadcrumb"},"inLanguage":"tr","potentialAction":[{"@type":"ReadAction","target":["https:\/\/yalinkayacosmetic.com\/tr\/sertifikalar\/"]}]},{"@type":"BreadcrumbList","@id":"https:\/\/yalinkayacosmetic.com\/tr\/sertifikalar\/#breadcrumb","itemListElement":[{"@type":"ListItem","position":1,"name":"Anasayfa","item":"https:\/\/yalinkayacosmetic.com\/tr\/"},{"@type":"ListItem","position":2,"name":"Sertifikalar\u0131m\u0131z"}]},{"@type":"WebSite","@id":"https:\/\/yalinkayacosmetic.com\/tr\/#website","url":"https:\/\/yalinkayacosmetic.com\/tr\/","name":"Yal\u0131nkaya Kozmetik","description":"","publisher":{"@id":"https:\/\/yalinkayacosmetic.com\/tr\/#organization"},"potentialAction":[{"@type":"SearchAction","target":{"@type":"EntryPoint","urlTemplate":"https:\/\/yalinkayacosmetic.com\/tr\/?s={search_term_string}"},"query-input":{"@type":"PropertyValueSpecification","valueRequired":true,"valueName":"search_term_string"}}],"inLanguage":"tr"},{"@type":"Organization","@id":"https:\/\/yalinkayacosmetic.com\/tr\/#organization","name":"Yal\u0131nkaya Kozmetik","url":"https:\/\/yalinkayacosmetic.com\/tr\/","logo":{"@type":"ImageObject","inLanguage":"tr","@id":"https:\/\/yalinkayacosmetic.com\/tr\/#\/schema\/logo\/image\/","url":"https:\/\/yalinkayacosmetic.com\/tr\/wp-content\/uploads\/2026\/01\/logo-yalinkaya-siyah-488-72.png","contentUrl":"https:\/\/yalinkayacosmetic.com\/tr\/wp-content\/uploads\/2026\/01\/logo-yalinkaya-siyah-488-72.png","width":488,"height":72,"caption":"Yal\u0131nkaya Kozmetik"},"image":{"@id":"https:\/\/yalinkayacosmetic.com\/tr\/#\/schema\/logo\/image\/"}}]}},"_links":{"self":[{"href":"https:\/\/yalinkayacosmetic.com\/tr\/wp-json\/wp\/v2\/pages\/537","targetHints":{"allow":["GET"]}}],"collection":[{"href":"https:\/\/yalinkayacosmetic.com\/tr\/wp-json\/wp\/v2\/pages"}],"about":[{"href":"https:\/\/yalinkayacosmetic.com\/tr\/wp-json\/wp\/v2\/types\/page"}],"author":[{"embeddable":true,"href":"https:\/\/yalinkayacosmetic.com\/tr\/wp-json\/wp\/v2\/users\/1"}],"replies":[{"embeddable":true,"href":"https:\/\/yalinkayacosmetic.com\/tr\/wp-json\/wp\/v2\/comments?post=537"}],"version-history":[{"count":3,"href":"https:\/\/yalinkayacosmetic.com\/tr\/wp-json\/wp\/v2\/pages\/537\/revisions"}],"predecessor-version":[{"id":658,"href":"https:\/\/yalinkayacosmetic.com\/tr\/wp-json\/wp\/v2\/pages\/537\/revisions\/658"}],"wp:attachment":[{"href":"https:\/\/yalinkayacosmetic.com\/tr\/wp-json\/wp\/v2\/media?parent=537"}],"curies":[{"name":"wp","href":"https:\/\/api.w.org\/{rel}","templated":true}]}}