{"id":170,"date":"2023-01-09T23:06:57","date_gmt":"2023-01-09T20:06:57","guid":{"rendered":"http:\/\/yalinkayacosmetic.com\/tr\/?page_id=170"},"modified":"2026-01-29T20:32:09","modified_gmt":"2026-01-29T17:32:09","slug":"kurumsal","status":"publish","type":"page","link":"https:\/\/yalinkayacosmetic.com\/tr\/kurumsal\/","title":{"rendered":"Kurumsal"},"content":{"rendered":"<div class=\"wpb-content-wrapper\"><p>[vc_row disable_element=&#8221;yes&#8221; css=&#8221;.vc_custom_1769272078066{padding-top: 40px !important;padding-bottom: 40px !important;}&#8221;][vc_column width=&#8221;1\/6&#8243;][\/vc_column][vc_column width=&#8221;2\/3&#8243;][vc_column_text css=&#8221;.vc_custom_1673294917379{margin-bottom: 0px !important;}&#8221;]<\/p>\n<p style=\"text-align: center;\">Quisque blandit dolor risus, sed dapibus dui facilisis sed. Donec eu porta elit. Aliquam porta sollicitudin ante, ac fermentum orci mattis et. Phasellus ac nibh eleifend, sagittis purus nec, elementum massa.<\/p>\n<p>[\/vc_column_text][\/vc_column][vc_column width=&#8221;1\/6&#8243;][\/vc_column][\/vc_row][vc_row equal_height=&#8221;yes&#8221; content_placement=&#8221;middle&#8221; el_class=&#8221;mobreverse&#8221; css=&#8221;.vc_custom_1673294848590{margin-bottom: 40px !important;}&#8221;][vc_column css_animation=&#8221;fadeInLeft&#8221; width=&#8221;1\/2&#8243; css=&#8221;.vc_custom_1769272050079{padding-top: 15% !important;padding-right: 60px !important;padding-bottom: 15% !important;padding-left: 60px !important;background-color: #ecf4ff !important;}&#8221;][vc_custom_heading text=&#8221;YALINKAYA KOZMET\u0130K&#8221; use_theme_fonts=&#8221;yes&#8221; css=&#8221;.vc_custom_1769271890599{margin-bottom: 25px !important;}&#8221;][vc_column_text css=&#8221;.vc_custom_1769271885192{margin-bottom: 25px !important;}&#8221;]1974 y\u0131l\u0131nda kurulan firmam\u0131z, \u0130stanbul&#8217;da kozmetik \u00fcretiminin sanat ve bilimine 50 y\u0131l\u0131 a\u015fk\u0131n bir deneyim katmaktad\u0131r.<br \/>\nHizmetlerimiz aras\u0131nda k\u00fcresel standartlara uygun y\u00fcksek kaliteli kozmetik \u00fcr\u00fcnlerin form\u00fclasyonu, tasar\u0131m\u0131 ve \u00fcretimi yer almaktad\u0131r. Yal\u0131nkaya Kozmetik, \u00fcst\u00fcn kalite, yenilik\u00e7i \u00e7\u00f6z\u00fcmler ve zaman\u0131nda teslimat\u0131 garanti eder. Kozmetik markan\u0131z\u0131 g\u00fcvenle ve m\u00fckemmellikle hayata ge\u00e7irmek i\u00e7in bizimle ortakl\u0131k kurun. Markan\u0131z\u0131n benzersiz kimli\u011fine uygun, birinci s\u0131n\u0131f \u00f6zel etiketli \u00fcr\u00fcnler yaratmada uzman\u0131z. Miras\u0131m\u0131z, g\u00fcven, kalite ve yenilik\u00e7ilik temeli \u00fczerine kurulmu\u015f olup, geni\u015f bir yelpazede cilt bak\u0131m\u0131, g\u00fczellik ve ki\u015fisel bak\u0131m \u00e7\u00f6z\u00fcmleri sunmaktad\u0131r. \u0130ster klasik form\u00fclasyonlar, ister trend odakl\u0131 kreasyonlar aray\u0131n, m\u00fckemmelli\u011fi sunmada orta\u011f\u0131n\u0131z\u0131z.<\/p>\n<p>\u00dcR\u00dcNLER\u0130M\u0130Z\u0130 30&#8217;DAN FAZLA \u00dcLKEYE \u0130HRA\u00c7 ED\u0130YORUZ<br \/>\nD\u00dcNYANIN HER YER\u0130NDEY\u0130Z[\/vc_column_text][vc_btn title=&#8221;Fason Kozmetik \u00dcretimi \u00dcr\u00fcn Gruplar\u0131m\u0131z&#8221; style=&#8221;custom&#8221; custom_background=&#8221;#3055e8&#8243; custom_text=&#8221;#ffffff&#8221; css=&#8221;&#8221; link=&#8221;url:https%3A%2F%2Fyalinkayacosmetic.com\/tr%2Ffason-kozmetik-urunu-uretimi-gruplarimiz%2F|title:T%C3%BCrkiye%E2%80%99de%20Fason%20Kozmetik%20%C3%9Cr%C3%BCn%C3%BC%20%C3%9Cretimi%20Gruplar%C4%B1m%C4%B1z&#8221;][\/vc_column][vc_column css_animation=&#8221;fadeInRight&#8221; width=&#8221;1\/2&#8243; css=&#8221;.vc_custom_1769272039656{margin-top: 0px !important;margin-right: 0px !important;margin-bottom: 0px !important;margin-left: 0px !important;padding-top: 0px !important;padding-bottom: 0px !important;padding-left: 0px !important;}&#8221; el_class=&#8221;mobhe400&#8243;][vc_single_image image=&#8221;533&#8243; img_size=&#8221;full&#8221; alignment=&#8221;center&#8221; css_animation=&#8221;none&#8221; css=&#8221;&#8221;][\/vc_column][\/vc_row][vc_row disable_element=&#8221;yes&#8221;][vc_column width=&#8221;1\/6&#8243;][\/vc_column][vc_column width=&#8221;2\/3&#8243;][vc_column_text css=&#8221;.vc_custom_1673294815762{margin-bottom: 25px !important;}&#8221;]<\/p>\n<p style=\"text-align: center;\">Quisque blandit dolor risus, sed dapibus dui facilisis sed. Donec eu porta elit. Aliquam porta sollicitudin ante, ac fermentum orci mattis et. Phasellus ac nibh eleifend, sagittis purus nec, elementum massa. Quisque blandit dolor risus, sed dapibus dui facilisis sed. Donec eu porta elit. Aliquam porta sollicitudin ante, ac fermentum orci mattis et. Phasellus ac nibh eleifend, sagittis.<\/p>\n<p style=\"text-align: center;\">Quisque blandit dolor risus, sed dapibus dui facilisis sed. Donec eu porta elit. Aliquam porta sollicitudin ante, ac fermentum orci mattis et. Phasellus ac nibh eleifend, sagittis.Quisque blandit dolor risus, sed dapibus dui facilisis sed. Donec eu porta elit. Aliquam porta sollicitudin ante, ac fermentum orci mattis et. Phasellus ac nibh eleifend, sagittis purus nec, elementum massa. Quisque blandit dolor risus, sed dapibus dui facilisis sed. Donec eu porta elit. Aliquam porta sollicitudin ante, ac fermentum orci mattis et. Phasellus ac nibh eleifend, sagittis.<\/p>\n<p style=\"text-align: center;\">Quisque blandit dolor risus, sed dapibus dui facilisis sed. Donec eu porta elit. Aliquam porta sollicitudin ante, ac fermentum orci mattis et. Phasellus ac nibh eleifend, sagittis.<\/p>\n<p>[\/vc_column_text][\/vc_column][vc_column width=&#8221;1\/6&#8243;][\/vc_column][\/vc_row]<\/p>\n<\/div>","protected":false},"excerpt":{"rendered":"<p>[vc_row disable_element=&#8221;yes&#8221; css=&#8221;.vc_custom_1769272078066{padding-top: 40px !important;padding-bottom: 40px !important;}&#8221;][vc_column width=&#8221;1\/6&#8243;][\/vc_column][vc_column width=&#8221;2\/3&#8243;][vc_column_text css=&#8221;.vc_custom_1673294917379{margin-bottom: 0px !important;}&#8221;] Quisque blandit dolor risus, sed dapibus dui facilisis sed. Donec eu porta elit. Aliquam porta sollicitudin ante, ac fermentum orci mattis et. Phasellus ac nibh eleifend, sagittis purus nec, elementum massa. [\/vc_column_text][\/vc_column][vc_column width=&#8221;1\/6&#8243;][\/vc_column][\/vc_row][vc_row equal_height=&#8221;yes&#8221; content_placement=&#8221;middle&#8221; el_class=&#8221;mobreverse&#8221; css=&#8221;.vc_custom_1673294848590{margin-bottom: 40px !important;}&#8221;][vc_column css_animation=&#8221;fadeInLeft&#8221; width=&#8221;1\/2&#8243; css=&#8221;.vc_custom_1769272050079{padding-top: 15% !important;padding-right: 60px !important;padding-bottom: 15% !important;padding-left: 60px !important;background-color: #ecf4ff !important;}&#8221;][vc_custom_heading text=&#8221;YALINKAYA KOZMET\u0130K&#8221; use_theme_fonts=&#8221;yes&#8221; css=&#8221;.vc_custom_1769271890599{margin-bottom: 25px !important;}&#8221;][vc_column_text css=&#8221;.vc_custom_1769271885192{margin-bottom: 25px !important;}&#8221;]1974 y\u0131l\u0131nda kurulan firmam\u0131z, \u0130stanbul&#8217;da kozmetik \u00fcretiminin sanat ve bilimine 50 y\u0131l\u0131 a\u015fk\u0131n bir deneyim katmaktad\u0131r. Hizmetlerimiz aras\u0131nda k\u00fcresel standartlara uygun y\u00fcksek kaliteli kozmetik \u00fcr\u00fcnlerin form\u00fclasyonu, tasar\u0131m\u0131 ve [&hellip;]<\/p>\n","protected":false},"author":1,"featured_media":0,"parent":0,"menu_order":0,"comment_status":"closed","ping_status":"closed","template":"","meta":{"footnotes":""},"class_list":["post-170","page","type-page","status-publish","hentry"],"yoast_head":"<!-- This site is optimized with the Yoast SEO plugin v26.9 - https:\/\/yoast.com\/product\/yoast-seo-wordpress\/ -->\n<title>Kurumsal - Yal\u0131nkaya Kozmetik<\/title>\n<meta name=\"description\" content=\"Yerli \u00fcretim g\u00fcc\u00fcyle kozmetik sekt\u00f6r\u00fcne g\u00fcvenilir fason \u00fcretim hizmetleri sunuyoruz.\" \/>\n<meta name=\"robots\" content=\"index, follow, max-snippet:-1, max-image-preview:large, max-video-preview:-1\" \/>\n<link rel=\"canonical\" href=\"https:\/\/yalinkayacosmetic.com\/tr\/kurumsal\/\" \/>\n<meta property=\"og:locale\" content=\"tr_TR\" \/>\n<meta property=\"og:type\" content=\"article\" \/>\n<meta property=\"og:title\" content=\"Kurumsal - Yal\u0131nkaya Kozmetik\" \/>\n<meta property=\"og:description\" content=\"Yerli \u00fcretim g\u00fcc\u00fcyle kozmetik sekt\u00f6r\u00fcne g\u00fcvenilir fason \u00fcretim hizmetleri sunuyoruz.\" \/>\n<meta property=\"og:url\" content=\"https:\/\/yalinkayacosmetic.com\/tr\/kurumsal\/\" \/>\n<meta property=\"og:site_name\" content=\"Yal\u0131nkaya Kozmetik\" \/>\n<meta property=\"article:modified_time\" content=\"2026-01-29T17:32:09+00:00\" \/>\n<meta name=\"twitter:card\" content=\"summary_large_image\" \/>\n<meta name=\"twitter:label1\" content=\"Tahmini okuma s\u00fcresi\" \/>\n\t<meta name=\"twitter:data1\" content=\"3 dakika\" \/>\n<script type=\"application\/ld+json\" class=\"yoast-schema-graph\">{\"@context\":\"https:\/\/schema.org\",\"@graph\":[{\"@type\":\"WebPage\",\"@id\":\"https:\/\/yalinkayacosmetic.com\/tr\/kurumsal\/\",\"url\":\"https:\/\/yalinkayacosmetic.com\/tr\/kurumsal\/\",\"name\":\"Kurumsal - Yal\u0131nkaya Kozmetik\",\"isPartOf\":{\"@id\":\"https:\/\/yalinkayacosmetic.com\/tr\/#website\"},\"datePublished\":\"2023-01-09T20:06:57+00:00\",\"dateModified\":\"2026-01-29T17:32:09+00:00\",\"description\":\"Yerli \u00fcretim g\u00fcc\u00fcyle kozmetik sekt\u00f6r\u00fcne g\u00fcvenilir fason \u00fcretim hizmetleri sunuyoruz.\",\"breadcrumb\":{\"@id\":\"https:\/\/yalinkayacosmetic.com\/tr\/kurumsal\/#breadcrumb\"},\"inLanguage\":\"tr\",\"potentialAction\":[{\"@type\":\"ReadAction\",\"target\":[\"https:\/\/yalinkayacosmetic.com\/tr\/kurumsal\/\"]}]},{\"@type\":\"BreadcrumbList\",\"@id\":\"https:\/\/yalinkayacosmetic.com\/tr\/kurumsal\/#breadcrumb\",\"itemListElement\":[{\"@type\":\"ListItem\",\"position\":1,\"name\":\"Anasayfa\",\"item\":\"https:\/\/yalinkayacosmetic.com\/tr\/\"},{\"@type\":\"ListItem\",\"position\":2,\"name\":\"Kurumsal\"}]},{\"@type\":\"WebSite\",\"@id\":\"https:\/\/yalinkayacosmetic.com\/tr\/#website\",\"url\":\"https:\/\/yalinkayacosmetic.com\/tr\/\",\"name\":\"Yal\u0131nkaya Kozmetik\",\"description\":\"\",\"publisher\":{\"@id\":\"https:\/\/yalinkayacosmetic.com\/tr\/#organization\"},\"potentialAction\":[{\"@type\":\"SearchAction\",\"target\":{\"@type\":\"EntryPoint\",\"urlTemplate\":\"https:\/\/yalinkayacosmetic.com\/tr\/?s={search_term_string}\"},\"query-input\":{\"@type\":\"PropertyValueSpecification\",\"valueRequired\":true,\"valueName\":\"search_term_string\"}}],\"inLanguage\":\"tr\"},{\"@type\":\"Organization\",\"@id\":\"https:\/\/yalinkayacosmetic.com\/tr\/#organization\",\"name\":\"Yal\u0131nkaya Kozmetik\",\"url\":\"https:\/\/yalinkayacosmetic.com\/tr\/\",\"logo\":{\"@type\":\"ImageObject\",\"inLanguage\":\"tr\",\"@id\":\"https:\/\/yalinkayacosmetic.com\/tr\/#\/schema\/logo\/image\/\",\"url\":\"https:\/\/yalinkayacosmetic.com\/tr\/wp-content\/uploads\/2026\/01\/logo-yalinkaya-siyah-488-72.png\",\"contentUrl\":\"https:\/\/yalinkayacosmetic.com\/tr\/wp-content\/uploads\/2026\/01\/logo-yalinkaya-siyah-488-72.png\",\"width\":488,\"height\":72,\"caption\":\"Yal\u0131nkaya Kozmetik\"},\"image\":{\"@id\":\"https:\/\/yalinkayacosmetic.com\/tr\/#\/schema\/logo\/image\/\"}}]}<\/script>\n<!-- \/ Yoast SEO plugin. -->","yoast_head_json":{"title":"Kurumsal - Yal\u0131nkaya Kozmetik","description":"Yerli \u00fcretim g\u00fcc\u00fcyle kozmetik sekt\u00f6r\u00fcne g\u00fcvenilir fason \u00fcretim hizmetleri sunuyoruz.","robots":{"index":"index","follow":"follow","max-snippet":"max-snippet:-1","max-image-preview":"max-image-preview:large","max-video-preview":"max-video-preview:-1"},"canonical":"https:\/\/yalinkayacosmetic.com\/tr\/kurumsal\/","og_locale":"tr_TR","og_type":"article","og_title":"Kurumsal - Yal\u0131nkaya Kozmetik","og_description":"Yerli \u00fcretim g\u00fcc\u00fcyle kozmetik sekt\u00f6r\u00fcne g\u00fcvenilir fason \u00fcretim hizmetleri sunuyoruz.","og_url":"https:\/\/yalinkayacosmetic.com\/tr\/kurumsal\/","og_site_name":"Yal\u0131nkaya Kozmetik","article_modified_time":"2026-01-29T17:32:09+00:00","twitter_card":"summary_large_image","twitter_misc":{"Tahmini okuma s\u00fcresi":"3 dakika"},"schema":{"@context":"https:\/\/schema.org","@graph":[{"@type":"WebPage","@id":"https:\/\/yalinkayacosmetic.com\/tr\/kurumsal\/","url":"https:\/\/yalinkayacosmetic.com\/tr\/kurumsal\/","name":"Kurumsal - Yal\u0131nkaya Kozmetik","isPartOf":{"@id":"https:\/\/yalinkayacosmetic.com\/tr\/#website"},"datePublished":"2023-01-09T20:06:57+00:00","dateModified":"2026-01-29T17:32:09+00:00","description":"Yerli \u00fcretim g\u00fcc\u00fcyle kozmetik sekt\u00f6r\u00fcne g\u00fcvenilir fason \u00fcretim hizmetleri sunuyoruz.","breadcrumb":{"@id":"https:\/\/yalinkayacosmetic.com\/tr\/kurumsal\/#breadcrumb"},"inLanguage":"tr","potentialAction":[{"@type":"ReadAction","target":["https:\/\/yalinkayacosmetic.com\/tr\/kurumsal\/"]}]},{"@type":"BreadcrumbList","@id":"https:\/\/yalinkayacosmetic.com\/tr\/kurumsal\/#breadcrumb","itemListElement":[{"@type":"ListItem","position":1,"name":"Anasayfa","item":"https:\/\/yalinkayacosmetic.com\/tr\/"},{"@type":"ListItem","position":2,"name":"Kurumsal"}]},{"@type":"WebSite","@id":"https:\/\/yalinkayacosmetic.com\/tr\/#website","url":"https:\/\/yalinkayacosmetic.com\/tr\/","name":"Yal\u0131nkaya Kozmetik","description":"","publisher":{"@id":"https:\/\/yalinkayacosmetic.com\/tr\/#organization"},"potentialAction":[{"@type":"SearchAction","target":{"@type":"EntryPoint","urlTemplate":"https:\/\/yalinkayacosmetic.com\/tr\/?s={search_term_string}"},"query-input":{"@type":"PropertyValueSpecification","valueRequired":true,"valueName":"search_term_string"}}],"inLanguage":"tr"},{"@type":"Organization","@id":"https:\/\/yalinkayacosmetic.com\/tr\/#organization","name":"Yal\u0131nkaya Kozmetik","url":"https:\/\/yalinkayacosmetic.com\/tr\/","logo":{"@type":"ImageObject","inLanguage":"tr","@id":"https:\/\/yalinkayacosmetic.com\/tr\/#\/schema\/logo\/image\/","url":"https:\/\/yalinkayacosmetic.com\/tr\/wp-content\/uploads\/2026\/01\/logo-yalinkaya-siyah-488-72.png","contentUrl":"https:\/\/yalinkayacosmetic.com\/tr\/wp-content\/uploads\/2026\/01\/logo-yalinkaya-siyah-488-72.png","width":488,"height":72,"caption":"Yal\u0131nkaya Kozmetik"},"image":{"@id":"https:\/\/yalinkayacosmetic.com\/tr\/#\/schema\/logo\/image\/"}}]}},"_links":{"self":[{"href":"https:\/\/yalinkayacosmetic.com\/tr\/wp-json\/wp\/v2\/pages\/170","targetHints":{"allow":["GET"]}}],"collection":[{"href":"https:\/\/yalinkayacosmetic.com\/tr\/wp-json\/wp\/v2\/pages"}],"about":[{"href":"https:\/\/yalinkayacosmetic.com\/tr\/wp-json\/wp\/v2\/types\/page"}],"author":[{"embeddable":true,"href":"https:\/\/yalinkayacosmetic.com\/tr\/wp-json\/wp\/v2\/users\/1"}],"replies":[{"embeddable":true,"href":"https:\/\/yalinkayacosmetic.com\/tr\/wp-json\/wp\/v2\/comments?post=170"}],"version-history":[{"count":11,"href":"https:\/\/yalinkayacosmetic.com\/tr\/wp-json\/wp\/v2\/pages\/170\/revisions"}],"predecessor-version":[{"id":707,"href":"https:\/\/yalinkayacosmetic.com\/tr\/wp-json\/wp\/v2\/pages\/170\/revisions\/707"}],"wp:attachment":[{"href":"https:\/\/yalinkayacosmetic.com\/tr\/wp-json\/wp\/v2\/media?parent=170"}],"curies":[{"name":"wp","href":"https:\/\/api.w.org\/{rel}","templated":true}]}}